{"id":13,"date":"2010-09-16T12:02:12","date_gmt":"2010-09-16T11:02:12","guid":{"rendered":"\/?p=13"},"modified":"2025-05-30T13:07:34","modified_gmt":"2025-05-30T13:07:34","slug":"oral-tradition","status":"publish","type":"page","link":"https:\/\/hebridespeople.com\/gd\/find-your-family\/genealogy-of-the-western-isles\/oral-tradition\/","title":{"rendered":"Beul-Aithris"},"content":{"rendered":"<div class=\"wp-block-group eplus-wrapper has-tertiary-background-color has-background has-global-padding is-layout-constrained wp-container-core-group-is-layout-23b1a4dc wp-block-group-is-layout-constrained\" style=\"border-radius:0px;padding-top:var(--wp--preset--spacing--30);padding-right:var(--wp--preset--spacing--30);padding-bottom:var(--wp--preset--spacing--30);padding-left:var(--wp--preset--spacing--30)\">\n<h4 class=\"wp-block-heading eplus-wrapper\">Le beul-aithris tha fiosrachadh agad bho eachdraidh-teaghlaich, \u00f2rain, sgeulachdan, agus tha e cuideachd a\u2019 cumail lorg air c\u00e0irdeas.<\/h4>\n<\/div>\n\n\n\n<p class=\"eplus-wrapper\">Tha na cl\u00e0ran sgr\u00ecobhte fada gun t\u00f2iseachadh anns na h-eileanan, ach bha beul-aithris a-riamh l\u00e0idir, air a ghleidheadh ann an G\u00e0idhlig, c\u00e0nan nan daoine fhathast, agus tha am fiosrachadh t\u00f2rr nas cinntich na cl\u00e0ran air an gleidheadh anns a\u2019 Bheurla. <\/p>\n\n\n\n<p class=\"eplus-wrapper\">Nuair a bha Bill Lawson a\u2019 tighinn dhan na h-Eileanan an toiseach, anns na 1960n, ghabh e \u00f9idh anns na bha de bheul-aithris aig na seann daoine \u2013 cha b\u2019 e idir sgeulachdan na F\u00e8inne agus nan cinnidhean a-mh\u00e0in, ged a bha fios orrasan cuideachd, ach eachdraidh nan teaghlaichean aca fh\u00e8in agus teaghlaichean an n\u00e0baidhean agus an c\u00e0irdean.<\/p>\n\n\n\n<p class=\"eplus-wrapper\">An cois na bha de dh\u2019fhiosrachadh aca air eachdraidh, bha iad ri cleachdadh sloinneadh \u2013 a bhith ag ainmeachadh duine as d\u00e8idh athair agus a sheanair, agus mar sin air ais. Bha a\u2019 chuid mh\u00f2r comasach air innse dhut ceithir ginealaich, agus tric gu math na b\u2019 fhaide air ais. Ma tha ainm ri \u2019g innse dhut c\u00f2 tha ann an duine, chan eil m\u00f2ran feum ann a bhith ag r\u00e0dh gur e MacLe\u00f2id a tha annad, nuair a tha d\u00e0 fhichead \u2019s a cheud leis an aon chinneadh, ach tha an sloinneadh Iain Aonghais \u2019ic Fhionnlaigh ag innse dhut c\u00f2 tha agad.<\/p>\n\n\n\n<p class=\"eplus-wrapper\">Ma bh\u00e0saich duine ro 1855 chan eil cl\u00e0radh oifigeil ann airson p\u00e0rantan duine, ach bheir sloinneadh dhut ginealach no dha nas fhaide air ais, gu h-\u00e0raid air taobh na fir. Tha beul-aithris d\u00e8idheil air a bhith cumail suas c\u00e0irdeas, le aithne mhath air a\u2019 ch\u00e0irdeas, agus ged a tha c\u00e0irdeas ri dol a-mach gu oghaichean no iar-oghaichean, tha seo ri toirt dhuinn fiosrachadh mionaideach air eachdraidh teaghlaich.<\/p>\n\n\n\n<p class=\"eplus-wrapper\">Tha beul-aithris a-nis aithnichte mar st\u00f2ras luachmhor, agus anns a\u2019 bhliadhna 2000 thug Buidheann Sloinntearachd na h-Alba ballrachd urramach do Bhill Lawson airson an obair aige airson an cruinneachadh a rinn e anns na h-Eileanan an Iar.<\/p>\n\n\n\n<div style=\"height:20px\" aria-hidden=\"true\" class=\"wp-block-spacer eplus-wrapper\"><\/div>\n\n\n\n<h2 class=\"wp-block-heading eplus-wrapper has-contrast-color has-text-color\" style=\"padding-left:0\">Ionnsaich Tuilleadh<\/h2>\n\n\n\n<div class=\"wp-block-group eplus-wrapper has-background has-global-padding is-layout-constrained wp-container-core-group-is-layout-5317b006 wp-block-group-is-layout-constrained\" style=\"border-radius:0px;background-color:#cdd1a569;padding-top:var(--wp--preset--spacing--30);padding-right:20px;padding-bottom:var(--wp--preset--spacing--30);padding-left:0px\">\n<div class=\"gb-grid-wrapper gb-grid-wrapper-55cc3e1a gb-query-loop-wrapper\">\n<div class=\"gb-grid-column gb-grid-column-b7528c7c gb-query-loop-item post-4298 page type-page status-publish has-post-thumbnail hentry\"><div class=\"gb-container gb-container-b7528c7c\" style=\"--background-image: url(https:\/\/hebridespeople.com\/wp-content\/uploads\/2023\/05\/thumbprint-lightgreen.png);\">\n<h2 class=\"gb-headline gb-headline-3c243578 resource-titles gb-headline-text\"><a href=\"https:\/\/hebridespeople.com\/gd\/find-your-family\/genealogy-of-the-western-isles\/names-of-the-western-isles\/\">Ainmean nan Eilean Siar<\/a><\/h2>\n\n<div class=\"gb-headline gb-headline-d04447cb gb-headline-text\">Chan eil ach \u2018s d\u00f2cha d\u00e0 cheud bliadhna bho th\u00f2isich muinntir nan Eilean Siar air cinnidhean a chleachdach. <a class=\"gb-dynamic-read-more\" href=\"https:\/\/hebridespeople.com\/gd\/find-your-family\/genealogy-of-the-western-isles\/names-of-the-western-isles\/\" aria-label=\"More on Names of the Western Isles\">Tuilleadh<\/a><\/div>\n<\/div><\/div>\n\n<div class=\"gb-grid-column gb-grid-column-b7528c7c gb-query-loop-item post-4149 page type-page status-publish has-post-thumbnail hentry\"><div class=\"gb-container gb-container-b7528c7c\" style=\"--background-image: url(https:\/\/hebridespeople.com\/wp-content\/uploads\/2023\/05\/thumbprint-lightgreen.png);\">\n<h2 class=\"gb-headline gb-headline-3c243578 resource-titles gb-headline-text\"><a href=\"https:\/\/hebridespeople.com\/gd\/find-your-family\/genealogy-of-the-western-isles\/\">Sloinntearachd nan Eilean Siar<\/a><\/h2>\n\n<div class=\"gb-headline gb-headline-d04447cb gb-headline-text\">Aon de na trioblaidean as motha a tha againn ann a bhith rannsachadh teaghlaichean anns na h-Eileanan Siar \u2019s e cho gann... <a class=\"gb-dynamic-read-more\" href=\"https:\/\/hebridespeople.com\/gd\/find-your-family\/genealogy-of-the-western-isles\/\" aria-label=\"More on Western Isles Genealogy\">Tuilleadh<\/a><\/div>\n<\/div><\/div>\n\n<div class=\"gb-grid-column gb-grid-column-b7528c7c gb-query-loop-item post-21 page type-page status-publish has-post-thumbnail hentry\"><div class=\"gb-container gb-container-b7528c7c\" style=\"--background-image: url(https:\/\/hebridespeople.com\/wp-content\/uploads\/2023\/05\/thumbprint-lightgreen.png);\">\n<h2 class=\"gb-headline gb-headline-3c243578 resource-titles gb-headline-text\"><a href=\"https:\/\/hebridespeople.com\/gd\/find-your-family\/genealogical-services\/\">Seirbhis Sloinntearachd \u2018C\u00f2 Leis Thu?\u2019<\/a><\/h2>\n\n<div class=\"gb-headline gb-headline-d04447cb gb-headline-text\">\u2018S urrain dhuit do shinnsearan \u00e0s na h-Eilean Siar a lorg tro ar seirbhis sloinntearachd, \u2018C\u00f2 Leis Thu?\u2019. <a class=\"gb-dynamic-read-more\" href=\"https:\/\/hebridespeople.com\/gd\/find-your-family\/genealogical-services\/\" aria-label=\"More on Genealogical Services\">Tuilleadh<\/a><\/div>\n<\/div><\/div>\n\n<div class=\"gb-grid-column gb-grid-column-b7528c7c gb-query-loop-item post-12 page type-page status-publish has-post-thumbnail hentry\"><div class=\"gb-container gb-container-b7528c7c\" style=\"--background-image: url(https:\/\/hebridespeople.com\/wp-content\/uploads\/2023\/05\/thumbprint-lightgreen.png);\">\n<h2 class=\"gb-headline gb-headline-3c243578 resource-titles gb-headline-text\"><a href=\"https:\/\/hebridespeople.com\/gd\/find-your-family\/genealogy-of-the-western-isles\/names\/\">A' Toirt \u00d2rdugh Air Ainmean<\/a><\/h2>\n\n<div class=\"gb-headline gb-headline-d04447cb gb-headline-text\">In using any written sources, it is essential to bear in mind that the people of the islands were overwhelmingly Gaelic speaking. These records were &#8230; <a class=\"gb-dynamic-read-more\" href=\"https:\/\/hebridespeople.com\/gd\/find-your-family\/genealogy-of-the-western-isles\/names\/\" aria-label=\"More on Name Standardisation\">Tuilleadh<\/a><\/div>\n<\/div><\/div>\n<\/div>\n<\/div>\n\n\n\n<div style=\"height:20px\" aria-hidden=\"true\" class=\"wp-block-spacer eplus-wrapper\"><\/div>\n\n\n\n<div class=\"wp-block-media-text is-stacked-on-mobile has-tertiary-background-color has-background eplus-wrapper\" style=\"margin-top:0;margin-right:0;margin-bottom:0;margin-left:0;padding-top:0;padding-right:0;padding-bottom:0;padding-left:0\"><figure class=\"wp-block-media-text__media\"><img loading=\"lazy\" decoding=\"async\" width=\"1024\" height=\"650\" src=\"https:\/\/hebridespeople.com\/wp-content\/uploads\/2023\/05\/38917.jpg\" alt=\"\" class=\"wp-image-5666 size-full\" srcset=\"https:\/\/hebridespeople.com\/wp-content\/uploads\/2023\/05\/38917.jpg 1024w, https:\/\/hebridespeople.com\/wp-content\/uploads\/2023\/05\/38917-600x381.jpg 600w, https:\/\/hebridespeople.com\/wp-content\/uploads\/2023\/05\/38917-300x190.jpg 300w, https:\/\/hebridespeople.com\/wp-content\/uploads\/2023\/05\/38917-768x488.jpg 768w, https:\/\/hebridespeople.com\/wp-content\/uploads\/2023\/05\/38917-18x12.jpg 18w, https:\/\/hebridespeople.com\/wp-content\/uploads\/2023\/05\/38917-96x61.jpg 96w, https:\/\/hebridespeople.com\/wp-content\/uploads\/2023\/05\/38917-128x81.jpg 128w\" sizes=\"auto, (max-width: 1024px) 100vw, 1024px\" \/><\/figure><div class=\"wp-block-media-text__content\">\n<div class=\"wp-block-group has-tertiary-background-color has-background eplus-wrapper has-global-padding is-layout-constrained wp-container-core-group-is-layout-4fb826bc wp-block-group-is-layout-constrained\" style=\"border-radius:10px;padding-top:var(--wp--preset--spacing--30);padding-right:0;padding-bottom:var(--wp--preset--spacing--30);padding-left:0\">\n<h2 class=\"wp-block-heading eplus-wrapper\">Rannsaich st\u00f2ras Hiort an asgaidh<\/h2>\n\n\n\n<p class=\"eplus-wrapper\">Tha toraidhean an st\u00f2r-d\u00e0ta airson Hiort air fad an asgaidh, le taing dhan a\u2019 Mhaoin-Dualchais. Thoir s\u00f9il air tasglann Hiort airson faicinn mar a tha an st\u00f2r-d\u00e0ta ag obair!<\/p>\n\n\n\n<div class=\"wp-block-buttons eplus-wrapper is-layout-flex wp-block-buttons-is-layout-flex\">\n<div class=\"wp-block-button eplus-wrapper\"><a class=\"wp-block-button__link has-base-color has-text-color wp-element-button\" href=\"https:\/\/hebridespeople.com\/gd\/resources\/genealogy-of-st-kilda\/\">Thoir s\u00f9il air Hiort<\/a><\/div>\n<\/div>\n<\/div>\n<\/div><\/div>","protected":false},"excerpt":{"rendered":"<p>Oral tradition includes song, story, and preservation of family relationships. Written records are generally late and of variable quality in the Western Isles compared to other places, but oral tradition was always strong here and, since it is preserved in Gaelic, which is still in normal usage here, it is more comprehensive and often much [&hellip;]<\/p>\n","protected":false},"author":1,"featured_media":5914,"parent":4149,"menu_order":130,"comment_status":"closed","ping_status":"closed","template":"","meta":{"_editorskit_title_hidden":false,"_editorskit_reading_time":0,"_editorskit_is_block_options_detached":false,"_editorskit_block_options_position":"{}","footnotes":""},"class_list":["post-13","page","type-page","status-publish","has-post-thumbnail","hentry"],"yoast_head":"<!-- This site is optimized with the Yoast SEO plugin v27.4 - https:\/\/yoast.com\/product\/yoast-seo-wordpress\/ -->\n<title>Oral Tradition - Hebrides People<\/title>\n<meta name=\"robots\" content=\"index, follow, max-snippet:-1, max-image-preview:large, max-video-preview:-1\" \/>\n<link rel=\"canonical\" href=\"https:\/\/hebridespeople.com\/gd\/find-your-family\/genealogy-of-the-western-isles\/oral-tradition\/\" \/>\n<meta property=\"og:locale\" content=\"en_US\" \/>\n<meta property=\"og:type\" content=\"article\" \/>\n<meta property=\"og:title\" content=\"Oral Tradition - Hebrides People\" \/>\n<meta property=\"og:description\" content=\"Oral tradition includes song, story, and preservation of family relationships. Written records are generally late and of variable quality in the Western Isles compared to other places, but oral tradition was always strong here and, since it is preserved in Gaelic, which is still in normal usage here, it is more comprehensive and often much [&hellip;]\" \/>\n<meta property=\"og:url\" content=\"https:\/\/hebridespeople.com\/gd\/find-your-family\/genealogy-of-the-western-isles\/oral-tradition\/\" \/>\n<meta property=\"og:site_name\" content=\"Hebrides People\" \/>\n<meta property=\"article:modified_time\" content=\"2025-05-30T13:07:34+00:00\" \/>\n<meta property=\"og:image\" content=\"https:\/\/hebridespeople.com\/wp-content\/uploads\/2023\/06\/Harris-Taransay-Fank.jpg\" \/>\n\t<meta property=\"og:image:width\" content=\"2000\" \/>\n\t<meta property=\"og:image:height\" content=\"1307\" \/>\n\t<meta property=\"og:image:type\" content=\"image\/jpeg\" \/>\n<meta name=\"twitter:card\" content=\"summary_large_image\" \/>\n<meta name=\"twitter:label1\" content=\"Est. reading time\" \/>\n\t<meta name=\"twitter:data1\" content=\"3 minutes\" \/>\n<script type=\"application\/ld+json\" class=\"yoast-schema-graph\">{\"@context\":\"https:\\\/\\\/schema.org\",\"@graph\":[{\"@type\":\"WebPage\",\"@id\":\"https:\\\/\\\/hebridespeople.com\\\/find-your-family\\\/genealogy-of-the-western-isles\\\/oral-tradition\\\/\",\"url\":\"https:\\\/\\\/hebridespeople.com\\\/find-your-family\\\/genealogy-of-the-western-isles\\\/oral-tradition\\\/\",\"name\":\"Oral Tradition - Hebrides People\",\"isPartOf\":{\"@id\":\"https:\\\/\\\/hebridespeople.com\\\/#website\"},\"primaryImageOfPage\":{\"@id\":\"https:\\\/\\\/hebridespeople.com\\\/find-your-family\\\/genealogy-of-the-western-isles\\\/oral-tradition\\\/#primaryimage\"},\"image\":{\"@id\":\"https:\\\/\\\/hebridespeople.com\\\/find-your-family\\\/genealogy-of-the-western-isles\\\/oral-tradition\\\/#primaryimage\"},\"thumbnailUrl\":\"https:\\\/\\\/hebridespeople.com\\\/wp-content\\\/uploads\\\/2023\\\/06\\\/Harris-Taransay-Fank.jpg\",\"datePublished\":\"2010-09-16T11:02:12+00:00\",\"dateModified\":\"2025-05-30T13:07:34+00:00\",\"breadcrumb\":{\"@id\":\"https:\\\/\\\/hebridespeople.com\\\/find-your-family\\\/genealogy-of-the-western-isles\\\/oral-tradition\\\/#breadcrumb\"},\"inLanguage\":\"gd\",\"potentialAction\":[{\"@type\":\"ReadAction\",\"target\":[\"https:\\\/\\\/hebridespeople.com\\\/find-your-family\\\/genealogy-of-the-western-isles\\\/oral-tradition\\\/\"]}]},{\"@type\":\"ImageObject\",\"inLanguage\":\"gd\",\"@id\":\"https:\\\/\\\/hebridespeople.com\\\/find-your-family\\\/genealogy-of-the-western-isles\\\/oral-tradition\\\/#primaryimage\",\"url\":\"https:\\\/\\\/hebridespeople.com\\\/wp-content\\\/uploads\\\/2023\\\/06\\\/Harris-Taransay-Fank.jpg\",\"contentUrl\":\"https:\\\/\\\/hebridespeople.com\\\/wp-content\\\/uploads\\\/2023\\\/06\\\/Harris-Taransay-Fank.jpg\",\"width\":2000,\"height\":1307},{\"@type\":\"BreadcrumbList\",\"@id\":\"https:\\\/\\\/hebridespeople.com\\\/find-your-family\\\/genealogy-of-the-western-isles\\\/oral-tradition\\\/#breadcrumb\",\"itemListElement\":[{\"@type\":\"ListItem\",\"position\":1,\"name\":\"Home\",\"item\":\"https:\\\/\\\/hebridespeople.com\\\/\"},{\"@type\":\"ListItem\",\"position\":2,\"name\":\"Find your family\",\"item\":\"https:\\\/\\\/hebridespeople.com\\\/find-your-family\\\/\"},{\"@type\":\"ListItem\",\"position\":3,\"name\":\"Western Isles Genealogy\",\"item\":\"https:\\\/\\\/hebridespeople.com\\\/find-your-family\\\/genealogy-of-the-western-isles\\\/\"},{\"@type\":\"ListItem\",\"position\":4,\"name\":\"Oral Tradition\"}]},{\"@type\":\"WebSite\",\"@id\":\"https:\\\/\\\/hebridespeople.com\\\/#website\",\"url\":\"https:\\\/\\\/hebridespeople.com\\\/\",\"name\":\"Hebrides People\",\"description\":\"Discover your Hebridean roots\",\"potentialAction\":[{\"@type\":\"SearchAction\",\"target\":{\"@type\":\"EntryPoint\",\"urlTemplate\":\"https:\\\/\\\/hebridespeople.com\\\/?s={search_term_string}\"},\"query-input\":{\"@type\":\"PropertyValueSpecification\",\"valueRequired\":true,\"valueName\":\"search_term_string\"}}],\"inLanguage\":\"gd\"}]}<\/script>\n<!-- \/ Yoast SEO plugin. -->","yoast_head_json":{"title":"Oral Tradition - Hebrides People","robots":{"index":"index","follow":"follow","max-snippet":"max-snippet:-1","max-image-preview":"max-image-preview:large","max-video-preview":"max-video-preview:-1"},"canonical":"https:\/\/hebridespeople.com\/gd\/find-your-family\/genealogy-of-the-western-isles\/oral-tradition\/","og_locale":"en_US","og_type":"article","og_title":"Oral Tradition - Hebrides People","og_description":"Oral tradition includes song, story, and preservation of family relationships. Written records are generally late and of variable quality in the Western Isles compared to other places, but oral tradition was always strong here and, since it is preserved in Gaelic, which is still in normal usage here, it is more comprehensive and often much [&hellip;]","og_url":"https:\/\/hebridespeople.com\/gd\/find-your-family\/genealogy-of-the-western-isles\/oral-tradition\/","og_site_name":"Hebrides People","article_modified_time":"2025-05-30T13:07:34+00:00","og_image":[{"width":2000,"height":1307,"url":"https:\/\/hebridespeople.com\/wp-content\/uploads\/2023\/06\/Harris-Taransay-Fank.jpg","type":"image\/jpeg"}],"twitter_card":"summary_large_image","twitter_misc":{"Est. reading time":"3 minutes"},"schema":{"@context":"https:\/\/schema.org","@graph":[{"@type":"WebPage","@id":"https:\/\/hebridespeople.com\/find-your-family\/genealogy-of-the-western-isles\/oral-tradition\/","url":"https:\/\/hebridespeople.com\/find-your-family\/genealogy-of-the-western-isles\/oral-tradition\/","name":"Oral Tradition - Hebrides People","isPartOf":{"@id":"https:\/\/hebridespeople.com\/#website"},"primaryImageOfPage":{"@id":"https:\/\/hebridespeople.com\/find-your-family\/genealogy-of-the-western-isles\/oral-tradition\/#primaryimage"},"image":{"@id":"https:\/\/hebridespeople.com\/find-your-family\/genealogy-of-the-western-isles\/oral-tradition\/#primaryimage"},"thumbnailUrl":"https:\/\/hebridespeople.com\/wp-content\/uploads\/2023\/06\/Harris-Taransay-Fank.jpg","datePublished":"2010-09-16T11:02:12+00:00","dateModified":"2025-05-30T13:07:34+00:00","breadcrumb":{"@id":"https:\/\/hebridespeople.com\/find-your-family\/genealogy-of-the-western-isles\/oral-tradition\/#breadcrumb"},"inLanguage":"gd","potentialAction":[{"@type":"ReadAction","target":["https:\/\/hebridespeople.com\/find-your-family\/genealogy-of-the-western-isles\/oral-tradition\/"]}]},{"@type":"ImageObject","inLanguage":"gd","@id":"https:\/\/hebridespeople.com\/find-your-family\/genealogy-of-the-western-isles\/oral-tradition\/#primaryimage","url":"https:\/\/hebridespeople.com\/wp-content\/uploads\/2023\/06\/Harris-Taransay-Fank.jpg","contentUrl":"https:\/\/hebridespeople.com\/wp-content\/uploads\/2023\/06\/Harris-Taransay-Fank.jpg","width":2000,"height":1307},{"@type":"BreadcrumbList","@id":"https:\/\/hebridespeople.com\/find-your-family\/genealogy-of-the-western-isles\/oral-tradition\/#breadcrumb","itemListElement":[{"@type":"ListItem","position":1,"name":"Home","item":"https:\/\/hebridespeople.com\/"},{"@type":"ListItem","position":2,"name":"Find your family","item":"https:\/\/hebridespeople.com\/find-your-family\/"},{"@type":"ListItem","position":3,"name":"Western Isles Genealogy","item":"https:\/\/hebridespeople.com\/find-your-family\/genealogy-of-the-western-isles\/"},{"@type":"ListItem","position":4,"name":"Oral Tradition"}]},{"@type":"WebSite","@id":"https:\/\/hebridespeople.com\/#website","url":"https:\/\/hebridespeople.com\/","name":"Hebrides People","description":"Discover your Hebridean roots","potentialAction":[{"@type":"SearchAction","target":{"@type":"EntryPoint","urlTemplate":"https:\/\/hebridespeople.com\/?s={search_term_string}"},"query-input":{"@type":"PropertyValueSpecification","valueRequired":true,"valueName":"search_term_string"}}],"inLanguage":"gd"}]}},"_links":{"self":[{"href":"https:\/\/hebridespeople.com\/gd\/wp-json\/wp\/v2\/pages\/13","targetHints":{"allow":["GET"]}}],"collection":[{"href":"https:\/\/hebridespeople.com\/gd\/wp-json\/wp\/v2\/pages"}],"about":[{"href":"https:\/\/hebridespeople.com\/gd\/wp-json\/wp\/v2\/types\/page"}],"author":[{"embeddable":true,"href":"https:\/\/hebridespeople.com\/gd\/wp-json\/wp\/v2\/users\/1"}],"replies":[{"embeddable":true,"href":"https:\/\/hebridespeople.com\/gd\/wp-json\/wp\/v2\/comments?post=13"}],"version-history":[{"count":24,"href":"https:\/\/hebridespeople.com\/gd\/wp-json\/wp\/v2\/pages\/13\/revisions"}],"predecessor-version":[{"id":14802,"href":"https:\/\/hebridespeople.com\/gd\/wp-json\/wp\/v2\/pages\/13\/revisions\/14802"}],"up":[{"embeddable":true,"href":"https:\/\/hebridespeople.com\/gd\/wp-json\/wp\/v2\/pages\/4149"}],"wp:featuredmedia":[{"embeddable":true,"href":"https:\/\/hebridespeople.com\/gd\/wp-json\/wp\/v2\/media\/5914"}],"wp:attachment":[{"href":"https:\/\/hebridespeople.com\/gd\/wp-json\/wp\/v2\/media?parent=13"}],"curies":[{"name":"wp","href":"https:\/\/api.w.org\/{rel}","templated":true}]}}