{"id":4149,"date":"2023-04-16T16:42:59","date_gmt":"2023-04-16T16:42:59","guid":{"rendered":"https:\/\/hebridespeople.com\/?page_id=4149"},"modified":"2025-05-30T13:21:21","modified_gmt":"2025-05-30T13:21:21","slug":"genealogy-of-the-western-isles","status":"publish","type":"page","link":"https:\/\/hebridespeople.com\/gd\/find-your-family\/genealogy-of-the-western-isles\/","title":{"rendered":"Sloinntearachd nan Eilean Siar"},"content":{"rendered":"<figure class=\"wp-block-gallery has-nested-images columns-2 is-cropped wp-block-gallery-1 is-layout-flex wp-block-gallery-is-layout-flex\">\n<figure class=\"wp-block-image size-large has-custom-border eplus-wrapper\"><a href=\"https:\/\/hebridespeople.com\/wp-content\/uploads\/2023\/06\/Harris-Molinginsh-Fank-day.jpg\"><img loading=\"lazy\" decoding=\"async\" width=\"1024\" height=\"682\" data-id=\"5877\" src=\"https:\/\/hebridespeople.com\/wp-content\/uploads\/2023\/06\/Harris-Molinginsh-Fank-day-1024x682.jpg\" alt=\"\" class=\"wp-image-5877\" style=\"border-radius:0px\" srcset=\"https:\/\/hebridespeople.com\/wp-content\/uploads\/2023\/06\/Harris-Molinginsh-Fank-day-1024x682.jpg 1024w, https:\/\/hebridespeople.com\/wp-content\/uploads\/2023\/06\/Harris-Molinginsh-Fank-day-600x400.jpg 600w, https:\/\/hebridespeople.com\/wp-content\/uploads\/2023\/06\/Harris-Molinginsh-Fank-day-300x200.jpg 300w, https:\/\/hebridespeople.com\/wp-content\/uploads\/2023\/06\/Harris-Molinginsh-Fank-day-768x512.jpg 768w, https:\/\/hebridespeople.com\/wp-content\/uploads\/2023\/06\/Harris-Molinginsh-Fank-day-1536x1024.jpg 1536w, https:\/\/hebridespeople.com\/wp-content\/uploads\/2023\/06\/Harris-Molinginsh-Fank-day-18x12.jpg 18w, https:\/\/hebridespeople.com\/wp-content\/uploads\/2023\/06\/Harris-Molinginsh-Fank-day-1600x1066.jpg 1600w, https:\/\/hebridespeople.com\/wp-content\/uploads\/2023\/06\/Harris-Molinginsh-Fank-day.jpg 2000w\" sizes=\"auto, (max-width: 1024px) 100vw, 1024px\" \/><\/a><\/figure>\n\n\n\n<figure class=\"wp-block-image size-large has-custom-border\"><a href=\"https:\/\/hebridespeople.com\/wp-content\/uploads\/2023\/06\/Harris-Scarp-Maggie-Rhenigidale-spinning.jpg\"><img loading=\"lazy\" decoding=\"async\" width=\"1024\" height=\"683\" data-id=\"5909\" src=\"https:\/\/hebridespeople.com\/wp-content\/uploads\/2023\/06\/Harris-Scarp-Maggie-Rhenigidale-spinning-1024x683.jpg\" alt=\"\" class=\"wp-image-5909\" style=\"border-radius:0px\" srcset=\"https:\/\/hebridespeople.com\/wp-content\/uploads\/2023\/06\/Harris-Scarp-Maggie-Rhenigidale-spinning-1024x683.jpg 1024w, https:\/\/hebridespeople.com\/wp-content\/uploads\/2023\/06\/Harris-Scarp-Maggie-Rhenigidale-spinning-600x400.jpg 600w, https:\/\/hebridespeople.com\/wp-content\/uploads\/2023\/06\/Harris-Scarp-Maggie-Rhenigidale-spinning-300x200.jpg 300w, https:\/\/hebridespeople.com\/wp-content\/uploads\/2023\/06\/Harris-Scarp-Maggie-Rhenigidale-spinning-768x512.jpg 768w, https:\/\/hebridespeople.com\/wp-content\/uploads\/2023\/06\/Harris-Scarp-Maggie-Rhenigidale-spinning-1536x1025.jpg 1536w, https:\/\/hebridespeople.com\/wp-content\/uploads\/2023\/06\/Harris-Scarp-Maggie-Rhenigidale-spinning-18x12.jpg 18w, https:\/\/hebridespeople.com\/wp-content\/uploads\/2023\/06\/Harris-Scarp-Maggie-Rhenigidale-spinning-1600x1067.jpg 1600w, https:\/\/hebridespeople.com\/wp-content\/uploads\/2023\/06\/Harris-Scarp-Maggie-Rhenigidale-spinning.jpg 2000w\" sizes=\"auto, (max-width: 1024px) 100vw, 1024px\" \/><\/a><\/figure>\n<\/figure>\n\n\n\n<div class=\"wp-block-group eplus-wrapper has-tertiary-background-color has-background is-layout-flow wp-block-group-is-layout-flow\" style=\"border-radius:0px;padding-top:var(--wp--preset--spacing--30);padding-right:var(--wp--preset--spacing--30);padding-bottom:var(--wp--preset--spacing--30);padding-left:var(--wp--preset--spacing--30)\">\n<h4 class=\"wp-block-heading eplus-wrapper\">Aon de na trioblaidean as motha a tha againn ann a bhith rannsachadh teaghlaichean anns na h-Eileanan Siar \u2019s e cho gann agus cho truagh \u2018s a tha am fiosrachadh sgr\u00ecobhte a tha againn. <\/h4>\n<\/div>\n\n\n\n<div class=\"wp-block-columns is-layout-flex wp-container-core-columns-is-layout-28f84493 wp-block-columns-is-layout-flex\">\n<div class=\"wp-block-column is-layout-flow wp-block-column-is-layout-flow\">\n<p class=\"eplus-wrapper\">Tha na cunntasan-sluaigh air an cumail a h-uile deich bliadhna, a\u2019 t\u00f2iseachadh ann an 1841, ach chan eil am fiosrachadh a tha annta cho ceart agus bu mhiann leinn, gu h-\u00e0raid anns a\u2019 chiad fheadhainn. Tha cl\u00e0radh s\u00ecobhalta ri t\u00f2iseachadh ann an 1855 le bhith cl\u00e0radh breith dhaoine, na p\u00f2saidhean agus na b\u00e0is, ach tha gu le\u00f2r a dh\u00ecth aig an toiseach. Cho fada air adhart ri 1897, ann am Barabhas ann an Le\u00f2dhas, tha aon bhliadhna ann far nach deach cl\u00e0radh m\u00f2ran sam bith, agus anns gach sg\u00ecre tha cuid den fhiosrachadh gu math ce\u00e0rr, gu h-\u00e0raid airson nan sloinnidhean a bha air boireannaich mus do ph\u00f2s iad.<\/p>\n\n\n\n<p class=\"eplus-wrapper\">Tha seann chl\u00e0ran eaglais ann airson a\u2019 chuid mh\u00f2r de sg\u00ecrean, ach a-rithist chan eil t\u00f2rr aca cho math agus bu ch\u00f2ir dhaibh a bhith. Tha an fheadhainn airson Barabhas agus Ste\u00f2rnabhagh ann an Le\u00f2dhas ri t\u00f2iseachadh tr\u00e0th san naoidheamh linn deug, le dh\u00e0 no tr\u00ec nas tr\u00e0ithe na sin, agus tha am fiosrachadh annta math. Ann an sg\u00ecre \u00d9ig tha na cl\u00e0ran ri t\u00f2iseachadh timcheall air 1820 agus tha iad air an cumail math an toiseach, ach tha am fiosrachadh ri dol nas miosa mar a tha na bliadhnaichean ri dol seachad. Tha cl\u00e0ran sg\u00ecre nan Loch ann an Le\u00f2dhas ri t\u00f2iseachadh timcheall air an aon \u00e0m, ach chan eil am fiosrachadh math aig \u00e0m sam bith, fi\u00f9 anns a\u2019 ph\u00e0irt anns an robh a\u2019 mh\u00f2r shluagh, agus airson C\u00e0rlabhagh agus S\u00ecaboist, a bha nam p\u00e0irt den pharaiste suas gu meadhan an naoidheamh linn deug, bha am fiosrachadh truagh.<\/p>\n<\/div>\n\n\n\n<div class=\"wp-block-column is-layout-flow wp-block-column-is-layout-flow\">\n<figure class=\"wp-block-image size-large has-custom-border\"><a href=\"https:\/\/hebridespeople.com\/wp-content\/uploads\/2023\/06\/Harris-Scalpay-Rubha-Glas.jpg\"><img loading=\"lazy\" decoding=\"async\" width=\"1024\" height=\"682\" src=\"https:\/\/hebridespeople.com\/wp-content\/uploads\/2023\/06\/Harris-Scalpay-Rubha-Glas-1024x682.jpg\" alt=\"\" class=\"wp-image-5907\" style=\"border-radius:0px\" srcset=\"https:\/\/hebridespeople.com\/wp-content\/uploads\/2023\/06\/Harris-Scalpay-Rubha-Glas-1024x682.jpg 1024w, https:\/\/hebridespeople.com\/wp-content\/uploads\/2023\/06\/Harris-Scalpay-Rubha-Glas-600x400.jpg 600w, https:\/\/hebridespeople.com\/wp-content\/uploads\/2023\/06\/Harris-Scalpay-Rubha-Glas-300x200.jpg 300w, https:\/\/hebridespeople.com\/wp-content\/uploads\/2023\/06\/Harris-Scalpay-Rubha-Glas-768x512.jpg 768w, https:\/\/hebridespeople.com\/wp-content\/uploads\/2023\/06\/Harris-Scalpay-Rubha-Glas-1536x1024.jpg 1536w, https:\/\/hebridespeople.com\/wp-content\/uploads\/2023\/06\/Harris-Scalpay-Rubha-Glas-18x12.jpg 18w, https:\/\/hebridespeople.com\/wp-content\/uploads\/2023\/06\/Harris-Scalpay-Rubha-Glas-1600x1066.jpg 1600w, https:\/\/hebridespeople.com\/wp-content\/uploads\/2023\/06\/Harris-Scalpay-Rubha-Glas.jpg 2000w\" sizes=\"auto, (max-width: 1024px) 100vw, 1024px\" \/><\/a><\/figure>\n<\/div>\n<\/div>\n\n\n\n<p class=\"eplus-wrapper\">Anns na Hearadh tha an cl\u00e0radh ri t\u00f2iseachadh timcheall air 1820, ach \u00e0s d\u00e8idh bliadhna no dh\u00e0 chan eil iad a\u2019 cl\u00e0radh ach na daoine a tha fuireach faisg air mansa na h-eaglais, agus na marsantaich agus na tuathanaich, agus ged is e croitearan bu mhotha a bha fuireach anns an eilean, chan eil guth orrasan. Ann an Uibhist a Tuath chan eil c\u00e0il againn ach airson na sg\u00ecre timcheall air eaglais Chille Mhoire, is chan eil c\u00e0il ann airson C\u00e0irinis is Trumaisgearraidh, agus \u2019s ann an sin a bha leth an t-sluaigh a\u2019 fuireach. \u2019S e Caitligich a bha ann am Barraigh agus an Uibhist a Deas, agus \u2019s e gl\u00e8 bheag de Phr\u00f2stanaich a bha fuireach anns na h-eileanan sin agus \u2019s e gl\u00e8 bheag a tha anns na cl\u00e0ran air an son, ged a tha na cl\u00e0ran Caitligeach air an deagh chl\u00e0radh.<\/p>\n\n\n\n<h2 class=\"wp-block-heading eplus-wrapper has-contrast-color has-text-color\" style=\"margin-top:var(--wp--preset--spacing--40);padding-left:0\">Ionnsaich Tuilleadh<\/h2>\n\n\n\n<div class=\"wp-block-group eplus-wrapper has-background has-global-padding is-layout-constrained wp-container-core-group-is-layout-5317b006 wp-block-group-is-layout-constrained\" style=\"border-radius:0px;background-color:#cdd1a569;padding-top:var(--wp--preset--spacing--30);padding-right:20px;padding-bottom:var(--wp--preset--spacing--30);padding-left:0px\">\n<div class=\"gb-grid-wrapper gb-grid-wrapper-55cc3e1a gb-query-loop-wrapper\">\n<div class=\"gb-grid-column gb-grid-column-b7528c7c gb-query-loop-item post-4298 page type-page status-publish has-post-thumbnail hentry\"><div class=\"gb-container gb-container-b7528c7c\" style=\"--background-image: url(https:\/\/hebridespeople.com\/wp-content\/uploads\/2023\/05\/thumbprint-lightgreen.png);\">\n<h2 class=\"gb-headline gb-headline-3c243578 resource-titles gb-headline-text\"><a href=\"https:\/\/hebridespeople.com\/gd\/find-your-family\/genealogy-of-the-western-isles\/names-of-the-western-isles\/\">Ainmean nan Eilean Siar<\/a><\/h2>\n\n<div class=\"gb-headline gb-headline-d04447cb gb-headline-text\">Chan eil ach \u2018s d\u00f2cha d\u00e0 cheud bliadhna bho th\u00f2isich muinntir nan Eilean Siar air cinnidhean a chleachdach. <a class=\"gb-dynamic-read-more\" href=\"https:\/\/hebridespeople.com\/gd\/find-your-family\/genealogy-of-the-western-isles\/names-of-the-western-isles\/\" aria-label=\"More on Names of the Western Isles\">Tuilleadh<\/a><\/div>\n<\/div><\/div>\n\n<div class=\"gb-grid-column gb-grid-column-b7528c7c gb-query-loop-item post-21 page type-page status-publish has-post-thumbnail hentry\"><div class=\"gb-container gb-container-b7528c7c\" style=\"--background-image: url(https:\/\/hebridespeople.com\/wp-content\/uploads\/2023\/05\/thumbprint-lightgreen.png);\">\n<h2 class=\"gb-headline gb-headline-3c243578 resource-titles gb-headline-text\"><a href=\"https:\/\/hebridespeople.com\/gd\/find-your-family\/genealogical-services\/\">Seirbhis Sloinntearachd \u2018C\u00f2 Leis Thu?\u2019<\/a><\/h2>\n\n<div class=\"gb-headline gb-headline-d04447cb gb-headline-text\">\u2018S urrain dhuit do shinnsearan \u00e0s na h-Eilean Siar a lorg tro ar seirbhis sloinntearachd, \u2018C\u00f2 Leis Thu?\u2019. <a class=\"gb-dynamic-read-more\" href=\"https:\/\/hebridespeople.com\/gd\/find-your-family\/genealogical-services\/\" aria-label=\"More on Genealogical Services\">Tuilleadh<\/a><\/div>\n<\/div><\/div>\n\n<div class=\"gb-grid-column gb-grid-column-b7528c7c gb-query-loop-item post-13 page type-page status-publish has-post-thumbnail hentry\"><div class=\"gb-container gb-container-b7528c7c\" style=\"--background-image: url(https:\/\/hebridespeople.com\/wp-content\/uploads\/2023\/05\/thumbprint-lightgreen.png);\">\n<h2 class=\"gb-headline gb-headline-3c243578 resource-titles gb-headline-text\"><a href=\"https:\/\/hebridespeople.com\/gd\/find-your-family\/genealogy-of-the-western-isles\/oral-tradition\/\">Beul-Aithris<\/a><\/h2>\n\n<div class=\"gb-headline gb-headline-d04447cb gb-headline-text\">Le beul-aithris tha fiosrachadh agad bho eachdraidh-teaghlaich, \u00f2rain, sgeulachdan, agus tha e cuideachd a\u2019 cumail lorg air c\u00e0irdeas... <a class=\"gb-dynamic-read-more\" href=\"https:\/\/hebridespeople.com\/gd\/find-your-family\/genealogy-of-the-western-isles\/oral-tradition\/\" aria-label=\"More on Oral Tradition\">Tuilleadh<\/a><\/div>\n<\/div><\/div>\n\n<div class=\"gb-grid-column gb-grid-column-b7528c7c gb-query-loop-item post-12 page type-page status-publish has-post-thumbnail hentry\"><div class=\"gb-container gb-container-b7528c7c\" style=\"--background-image: url(https:\/\/hebridespeople.com\/wp-content\/uploads\/2023\/05\/thumbprint-lightgreen.png);\">\n<h2 class=\"gb-headline gb-headline-3c243578 resource-titles gb-headline-text\"><a href=\"https:\/\/hebridespeople.com\/gd\/find-your-family\/genealogy-of-the-western-isles\/names\/\">A' Toirt \u00d2rdugh Air Ainmean<\/a><\/h2>\n\n<div class=\"gb-headline gb-headline-d04447cb gb-headline-text\">In using any written sources, it is essential to bear in mind that the people of the islands were overwhelmingly Gaelic speaking. These records were &#8230; <a class=\"gb-dynamic-read-more\" href=\"https:\/\/hebridespeople.com\/gd\/find-your-family\/genealogy-of-the-western-isles\/names\/\" aria-label=\"More on Name Standardisation\">Tuilleadh<\/a><\/div>\n<\/div><\/div>\n<\/div>\n<\/div>\n\n\n\n<div style=\"height:20px\" aria-hidden=\"true\" class=\"wp-block-spacer eplus-wrapper\"><\/div>\n\n\n\n<div class=\"wp-block-media-text is-stacked-on-mobile has-tertiary-background-color has-background eplus-wrapper\" style=\"margin-top:0;margin-right:0;margin-bottom:0;margin-left:0;padding-top:0;padding-right:0;padding-bottom:0;padding-left:0\"><figure class=\"wp-block-media-text__media\"><img loading=\"lazy\" decoding=\"async\" width=\"1024\" height=\"650\" src=\"https:\/\/hebridespeople.com\/wp-content\/uploads\/2023\/05\/38917.jpg\" alt=\"\" class=\"wp-image-5666 size-full\" srcset=\"https:\/\/hebridespeople.com\/wp-content\/uploads\/2023\/05\/38917.jpg 1024w, https:\/\/hebridespeople.com\/wp-content\/uploads\/2023\/05\/38917-600x381.jpg 600w, https:\/\/hebridespeople.com\/wp-content\/uploads\/2023\/05\/38917-300x190.jpg 300w, https:\/\/hebridespeople.com\/wp-content\/uploads\/2023\/05\/38917-768x488.jpg 768w, https:\/\/hebridespeople.com\/wp-content\/uploads\/2023\/05\/38917-18x12.jpg 18w, https:\/\/hebridespeople.com\/wp-content\/uploads\/2023\/05\/38917-96x61.jpg 96w, https:\/\/hebridespeople.com\/wp-content\/uploads\/2023\/05\/38917-128x81.jpg 128w\" sizes=\"auto, (max-width: 1024px) 100vw, 1024px\" \/><\/figure><div class=\"wp-block-media-text__content\">\n<div class=\"wp-block-group has-tertiary-background-color has-background eplus-wrapper has-global-padding is-layout-constrained wp-container-core-group-is-layout-4fb826bc wp-block-group-is-layout-constrained\" style=\"border-radius:10px;padding-top:var(--wp--preset--spacing--30);padding-right:0;padding-bottom:var(--wp--preset--spacing--30);padding-left:0\">\n<h2 class=\"wp-block-heading eplus-wrapper\">Rannsaich st\u00f2ras Hiort an asgaidh<\/h2>\n\n\n\n<p class=\"eplus-wrapper\">Tha toraidhean an st\u00f2r-d\u00e0ta airson Hiort air fad an asgaidh, le taing dhan a\u2019 Mhaoin-Dualchais. Thoir s\u00f9il air tasglann Hiort airson faicinn mar a tha an st\u00f2r-d\u00e0ta ag obair!<\/p>\n\n\n\n<div class=\"wp-block-buttons eplus-wrapper is-layout-flex wp-block-buttons-is-layout-flex\">\n<div class=\"wp-block-button eplus-wrapper\"><a class=\"wp-block-button__link has-base-color has-text-color wp-element-button\" href=\"https:\/\/hebridespeople.com\/gd\/resources\/genealogy-of-st-kilda\/\">Thoir s\u00f9il air Hiort<\/a><\/div>\n<\/div>\n<\/div>\n<\/div><\/div>","protected":false},"excerpt":{"rendered":"<p>One of the major problems with family tracing in the Western Isles is the scarcity and poor quality of written records. The decennial census is available from 1841 onwards, but its accuracy is very questionable, especially in the earlier years. Civil Registration of Births, Deaths and Marriages commences in 1855, as in the rest of [&hellip;]<\/p>\n","protected":false},"author":1,"featured_media":5909,"parent":3247,"menu_order":0,"comment_status":"closed","ping_status":"closed","template":"","meta":{"_editorskit_title_hidden":false,"_editorskit_reading_time":0,"_editorskit_is_block_options_detached":false,"_editorskit_block_options_position":"{}","footnotes":""},"class_list":["post-4149","page","type-page","status-publish","has-post-thumbnail","hentry"],"yoast_head":"<!-- This site is optimized with the Yoast SEO plugin v27.4 - https:\/\/yoast.com\/product\/yoast-seo-wordpress\/ -->\n<title>Western Isles Genealogy - Hebrides People<\/title>\n<meta name=\"robots\" content=\"index, follow, max-snippet:-1, max-image-preview:large, max-video-preview:-1\" \/>\n<link rel=\"canonical\" href=\"https:\/\/hebridespeople.com\/gd\/find-your-family\/genealogy-of-the-western-isles\/\" \/>\n<meta property=\"og:locale\" content=\"en_US\" \/>\n<meta property=\"og:type\" content=\"article\" \/>\n<meta property=\"og:title\" content=\"Western Isles Genealogy - Hebrides People\" \/>\n<meta property=\"og:description\" content=\"One of the major problems with family tracing in the Western Isles is the scarcity and poor quality of written records. The decennial census is available from 1841 onwards, but its accuracy is very questionable, especially in the earlier years. Civil Registration of Births, Deaths and Marriages commences in 1855, as in the rest of [&hellip;]\" \/>\n<meta property=\"og:url\" content=\"https:\/\/hebridespeople.com\/gd\/find-your-family\/genealogy-of-the-western-isles\/\" \/>\n<meta property=\"og:site_name\" content=\"Hebrides People\" \/>\n<meta property=\"article:modified_time\" content=\"2025-05-30T13:21:21+00:00\" \/>\n<meta property=\"og:image\" content=\"https:\/\/hebridespeople.com\/wp-content\/uploads\/2023\/06\/Harris-Scarp-Maggie-Rhenigidale-spinning.jpg\" \/>\n\t<meta property=\"og:image:width\" content=\"2000\" \/>\n\t<meta property=\"og:image:height\" content=\"1334\" \/>\n\t<meta property=\"og:image:type\" content=\"image\/jpeg\" \/>\n<meta name=\"twitter:card\" content=\"summary_large_image\" \/>\n<meta name=\"twitter:label1\" content=\"Est. reading time\" \/>\n\t<meta name=\"twitter:data1\" content=\"5 minutes\" \/>\n<script type=\"application\/ld+json\" class=\"yoast-schema-graph\">{\"@context\":\"https:\\\/\\\/schema.org\",\"@graph\":[{\"@type\":\"WebPage\",\"@id\":\"https:\\\/\\\/hebridespeople.com\\\/find-your-family\\\/genealogy-of-the-western-isles\\\/\",\"url\":\"https:\\\/\\\/hebridespeople.com\\\/find-your-family\\\/genealogy-of-the-western-isles\\\/\",\"name\":\"Western Isles Genealogy - Hebrides People\",\"isPartOf\":{\"@id\":\"https:\\\/\\\/hebridespeople.com\\\/#website\"},\"primaryImageOfPage\":{\"@id\":\"https:\\\/\\\/hebridespeople.com\\\/find-your-family\\\/genealogy-of-the-western-isles\\\/#primaryimage\"},\"image\":{\"@id\":\"https:\\\/\\\/hebridespeople.com\\\/find-your-family\\\/genealogy-of-the-western-isles\\\/#primaryimage\"},\"thumbnailUrl\":\"https:\\\/\\\/hebridespeople.com\\\/wp-content\\\/uploads\\\/2023\\\/06\\\/Harris-Scarp-Maggie-Rhenigidale-spinning.jpg\",\"datePublished\":\"2023-04-16T16:42:59+00:00\",\"dateModified\":\"2025-05-30T13:21:21+00:00\",\"breadcrumb\":{\"@id\":\"https:\\\/\\\/hebridespeople.com\\\/find-your-family\\\/genealogy-of-the-western-isles\\\/#breadcrumb\"},\"inLanguage\":\"gd\",\"potentialAction\":[{\"@type\":\"ReadAction\",\"target\":[\"https:\\\/\\\/hebridespeople.com\\\/find-your-family\\\/genealogy-of-the-western-isles\\\/\"]}]},{\"@type\":\"ImageObject\",\"inLanguage\":\"gd\",\"@id\":\"https:\\\/\\\/hebridespeople.com\\\/find-your-family\\\/genealogy-of-the-western-isles\\\/#primaryimage\",\"url\":\"https:\\\/\\\/hebridespeople.com\\\/wp-content\\\/uploads\\\/2023\\\/06\\\/Harris-Scarp-Maggie-Rhenigidale-spinning.jpg\",\"contentUrl\":\"https:\\\/\\\/hebridespeople.com\\\/wp-content\\\/uploads\\\/2023\\\/06\\\/Harris-Scarp-Maggie-Rhenigidale-spinning.jpg\",\"width\":2000,\"height\":1334},{\"@type\":\"BreadcrumbList\",\"@id\":\"https:\\\/\\\/hebridespeople.com\\\/find-your-family\\\/genealogy-of-the-western-isles\\\/#breadcrumb\",\"itemListElement\":[{\"@type\":\"ListItem\",\"position\":1,\"name\":\"Home\",\"item\":\"https:\\\/\\\/hebridespeople.com\\\/\"},{\"@type\":\"ListItem\",\"position\":2,\"name\":\"Find your family\",\"item\":\"https:\\\/\\\/hebridespeople.com\\\/find-your-family\\\/\"},{\"@type\":\"ListItem\",\"position\":3,\"name\":\"Western Isles Genealogy\"}]},{\"@type\":\"WebSite\",\"@id\":\"https:\\\/\\\/hebridespeople.com\\\/#website\",\"url\":\"https:\\\/\\\/hebridespeople.com\\\/\",\"name\":\"Hebrides People\",\"description\":\"Discover your Hebridean roots\",\"potentialAction\":[{\"@type\":\"SearchAction\",\"target\":{\"@type\":\"EntryPoint\",\"urlTemplate\":\"https:\\\/\\\/hebridespeople.com\\\/?s={search_term_string}\"},\"query-input\":{\"@type\":\"PropertyValueSpecification\",\"valueRequired\":true,\"valueName\":\"search_term_string\"}}],\"inLanguage\":\"gd\"}]}<\/script>\n<!-- \/ Yoast SEO plugin. -->","yoast_head_json":{"title":"Western Isles Genealogy - Hebrides People","robots":{"index":"index","follow":"follow","max-snippet":"max-snippet:-1","max-image-preview":"max-image-preview:large","max-video-preview":"max-video-preview:-1"},"canonical":"https:\/\/hebridespeople.com\/gd\/find-your-family\/genealogy-of-the-western-isles\/","og_locale":"en_US","og_type":"article","og_title":"Western Isles Genealogy - Hebrides People","og_description":"One of the major problems with family tracing in the Western Isles is the scarcity and poor quality of written records. The decennial census is available from 1841 onwards, but its accuracy is very questionable, especially in the earlier years. Civil Registration of Births, Deaths and Marriages commences in 1855, as in the rest of [&hellip;]","og_url":"https:\/\/hebridespeople.com\/gd\/find-your-family\/genealogy-of-the-western-isles\/","og_site_name":"Hebrides People","article_modified_time":"2025-05-30T13:21:21+00:00","og_image":[{"width":2000,"height":1334,"url":"https:\/\/hebridespeople.com\/wp-content\/uploads\/2023\/06\/Harris-Scarp-Maggie-Rhenigidale-spinning.jpg","type":"image\/jpeg"}],"twitter_card":"summary_large_image","twitter_misc":{"Est. reading time":"5 minutes"},"schema":{"@context":"https:\/\/schema.org","@graph":[{"@type":"WebPage","@id":"https:\/\/hebridespeople.com\/find-your-family\/genealogy-of-the-western-isles\/","url":"https:\/\/hebridespeople.com\/find-your-family\/genealogy-of-the-western-isles\/","name":"Western Isles Genealogy - Hebrides People","isPartOf":{"@id":"https:\/\/hebridespeople.com\/#website"},"primaryImageOfPage":{"@id":"https:\/\/hebridespeople.com\/find-your-family\/genealogy-of-the-western-isles\/#primaryimage"},"image":{"@id":"https:\/\/hebridespeople.com\/find-your-family\/genealogy-of-the-western-isles\/#primaryimage"},"thumbnailUrl":"https:\/\/hebridespeople.com\/wp-content\/uploads\/2023\/06\/Harris-Scarp-Maggie-Rhenigidale-spinning.jpg","datePublished":"2023-04-16T16:42:59+00:00","dateModified":"2025-05-30T13:21:21+00:00","breadcrumb":{"@id":"https:\/\/hebridespeople.com\/find-your-family\/genealogy-of-the-western-isles\/#breadcrumb"},"inLanguage":"gd","potentialAction":[{"@type":"ReadAction","target":["https:\/\/hebridespeople.com\/find-your-family\/genealogy-of-the-western-isles\/"]}]},{"@type":"ImageObject","inLanguage":"gd","@id":"https:\/\/hebridespeople.com\/find-your-family\/genealogy-of-the-western-isles\/#primaryimage","url":"https:\/\/hebridespeople.com\/wp-content\/uploads\/2023\/06\/Harris-Scarp-Maggie-Rhenigidale-spinning.jpg","contentUrl":"https:\/\/hebridespeople.com\/wp-content\/uploads\/2023\/06\/Harris-Scarp-Maggie-Rhenigidale-spinning.jpg","width":2000,"height":1334},{"@type":"BreadcrumbList","@id":"https:\/\/hebridespeople.com\/find-your-family\/genealogy-of-the-western-isles\/#breadcrumb","itemListElement":[{"@type":"ListItem","position":1,"name":"Home","item":"https:\/\/hebridespeople.com\/"},{"@type":"ListItem","position":2,"name":"Find your family","item":"https:\/\/hebridespeople.com\/find-your-family\/"},{"@type":"ListItem","position":3,"name":"Western Isles Genealogy"}]},{"@type":"WebSite","@id":"https:\/\/hebridespeople.com\/#website","url":"https:\/\/hebridespeople.com\/","name":"Hebrides People","description":"Discover your Hebridean roots","potentialAction":[{"@type":"SearchAction","target":{"@type":"EntryPoint","urlTemplate":"https:\/\/hebridespeople.com\/?s={search_term_string}"},"query-input":{"@type":"PropertyValueSpecification","valueRequired":true,"valueName":"search_term_string"}}],"inLanguage":"gd"}]}},"_links":{"self":[{"href":"https:\/\/hebridespeople.com\/gd\/wp-json\/wp\/v2\/pages\/4149","targetHints":{"allow":["GET"]}}],"collection":[{"href":"https:\/\/hebridespeople.com\/gd\/wp-json\/wp\/v2\/pages"}],"about":[{"href":"https:\/\/hebridespeople.com\/gd\/wp-json\/wp\/v2\/types\/page"}],"author":[{"embeddable":true,"href":"https:\/\/hebridespeople.com\/gd\/wp-json\/wp\/v2\/users\/1"}],"replies":[{"embeddable":true,"href":"https:\/\/hebridespeople.com\/gd\/wp-json\/wp\/v2\/comments?post=4149"}],"version-history":[{"count":45,"href":"https:\/\/hebridespeople.com\/gd\/wp-json\/wp\/v2\/pages\/4149\/revisions"}],"predecessor-version":[{"id":15126,"href":"https:\/\/hebridespeople.com\/gd\/wp-json\/wp\/v2\/pages\/4149\/revisions\/15126"}],"up":[{"embeddable":true,"href":"https:\/\/hebridespeople.com\/gd\/wp-json\/wp\/v2\/pages\/3247"}],"wp:featuredmedia":[{"embeddable":true,"href":"https:\/\/hebridespeople.com\/gd\/wp-json\/wp\/v2\/media\/5909"}],"wp:attachment":[{"href":"https:\/\/hebridespeople.com\/gd\/wp-json\/wp\/v2\/media?parent=4149"}],"curies":[{"name":"wp","href":"https:\/\/api.w.org\/{rel}","templated":true}]}}