{"id":4339,"date":"2023-04-16T20:44:21","date_gmt":"2023-04-16T20:44:21","guid":{"rendered":"https:\/\/hebridespeople.com\/?page_id=4339"},"modified":"2025-09-09T11:20:29","modified_gmt":"2025-09-09T11:20:29","slug":"stories","status":"publish","type":"page","link":"https:\/\/hebridespeople.com\/gd\/stories\/","title":{"rendered":"Sgeulachdan"},"content":{"rendered":"<figure class=\"wp-block-gallery has-nested-images columns-default is-cropped eplus-wrapper wp-block-gallery-1 is-layout-flex wp-block-gallery-is-layout-flex\">\n<figure class=\"wp-block-image size-large has-custom-border eplus-wrapper\"><a href=\"https:\/\/hebridespeople.com\/wp-content\/uploads\/2023\/06\/Harris-Finsbay-Annie-Station-and-sheep.jpg\"><img loading=\"lazy\" decoding=\"async\" width=\"1024\" height=\"639\" data-id=\"5864\" src=\"https:\/\/hebridespeople.com\/wp-content\/uploads\/2023\/06\/Harris-Finsbay-Annie-Station-and-sheep-1024x639.jpg\" alt=\"\" class=\"wp-image-5864\" style=\"border-radius:0px\" srcset=\"https:\/\/hebridespeople.com\/wp-content\/uploads\/2023\/06\/Harris-Finsbay-Annie-Station-and-sheep-1024x639.jpg 1024w, https:\/\/hebridespeople.com\/wp-content\/uploads\/2023\/06\/Harris-Finsbay-Annie-Station-and-sheep-600x374.jpg 600w, https:\/\/hebridespeople.com\/wp-content\/uploads\/2023\/06\/Harris-Finsbay-Annie-Station-and-sheep-300x187.jpg 300w, https:\/\/hebridespeople.com\/wp-content\/uploads\/2023\/06\/Harris-Finsbay-Annie-Station-and-sheep-768x479.jpg 768w, https:\/\/hebridespeople.com\/wp-content\/uploads\/2023\/06\/Harris-Finsbay-Annie-Station-and-sheep-1536x958.jpg 1536w, https:\/\/hebridespeople.com\/wp-content\/uploads\/2023\/06\/Harris-Finsbay-Annie-Station-and-sheep-18x12.jpg 18w, https:\/\/hebridespeople.com\/wp-content\/uploads\/2023\/06\/Harris-Finsbay-Annie-Station-and-sheep-1600x998.jpg 1600w, https:\/\/hebridespeople.com\/wp-content\/uploads\/2023\/06\/Harris-Finsbay-Annie-Station-and-sheep.jpg 2000w\" sizes=\"auto, (max-width: 1024px) 100vw, 1024px\" \/><\/a><\/figure>\n\n\n\n<figure class=\"wp-block-image size-large has-custom-border eplus-wrapper\"><a href=\"https:\/\/hebridespeople.com\/wp-content\/uploads\/2023\/06\/Harris-Hushinish-Fank.jpg\"><img loading=\"lazy\" decoding=\"async\" width=\"1024\" height=\"682\" data-id=\"5873\" src=\"https:\/\/hebridespeople.com\/wp-content\/uploads\/2023\/06\/Harris-Hushinish-Fank-1024x682.jpg\" alt=\"\" class=\"wp-image-5873\" style=\"border-radius:0px\" srcset=\"https:\/\/hebridespeople.com\/wp-content\/uploads\/2023\/06\/Harris-Hushinish-Fank-1024x682.jpg 1024w, https:\/\/hebridespeople.com\/wp-content\/uploads\/2023\/06\/Harris-Hushinish-Fank-600x400.jpg 600w, https:\/\/hebridespeople.com\/wp-content\/uploads\/2023\/06\/Harris-Hushinish-Fank-300x200.jpg 300w, https:\/\/hebridespeople.com\/wp-content\/uploads\/2023\/06\/Harris-Hushinish-Fank-768x512.jpg 768w, https:\/\/hebridespeople.com\/wp-content\/uploads\/2023\/06\/Harris-Hushinish-Fank-1536x1024.jpg 1536w, https:\/\/hebridespeople.com\/wp-content\/uploads\/2023\/06\/Harris-Hushinish-Fank-18x12.jpg 18w, https:\/\/hebridespeople.com\/wp-content\/uploads\/2023\/06\/Harris-Hushinish-Fank-1600x1066.jpg 1600w, https:\/\/hebridespeople.com\/wp-content\/uploads\/2023\/06\/Harris-Hushinish-Fank.jpg 2000w\" sizes=\"auto, (max-width: 1024px) 100vw, 1024px\" \/><\/a><\/figure>\n<\/figure>\n\n\n\n<div class=\"wp-block-group eplus-wrapper has-tertiary-background-color has-background has-global-padding is-layout-constrained wp-container-core-group-is-layout-13c21986 wp-block-group-is-layout-constrained\" style=\"border-radius:0px;padding-top:10px;padding-right:var(--wp--preset--spacing--30);padding-bottom:var(--wp--preset--spacing--30);padding-left:var(--wp--preset--spacing--30)\">\n<figure class=\"wp-block-image size-large has-custom-border eplus-wrapper\"><a href=\"https:\/\/hebridespeople.com\/wp-content\/uploads\/2023\/06\/Harris-Finsbay-Annie-Station-and-sheep.jpg\"><img loading=\"lazy\" decoding=\"async\" width=\"1024\" height=\"639\" src=\"https:\/\/hebridespeople.com\/wp-content\/uploads\/2023\/06\/Harris-Finsbay-Annie-Station-and-sheep-1024x639.jpg\" alt=\"\" class=\"wp-image-5864\" style=\"border-radius:0px\" srcset=\"https:\/\/hebridespeople.com\/wp-content\/uploads\/2023\/06\/Harris-Finsbay-Annie-Station-and-sheep-1024x639.jpg 1024w, https:\/\/hebridespeople.com\/wp-content\/uploads\/2023\/06\/Harris-Finsbay-Annie-Station-and-sheep-600x374.jpg 600w, https:\/\/hebridespeople.com\/wp-content\/uploads\/2023\/06\/Harris-Finsbay-Annie-Station-and-sheep-300x187.jpg 300w, https:\/\/hebridespeople.com\/wp-content\/uploads\/2023\/06\/Harris-Finsbay-Annie-Station-and-sheep-768x479.jpg 768w, https:\/\/hebridespeople.com\/wp-content\/uploads\/2023\/06\/Harris-Finsbay-Annie-Station-and-sheep-1536x958.jpg 1536w, https:\/\/hebridespeople.com\/wp-content\/uploads\/2023\/06\/Harris-Finsbay-Annie-Station-and-sheep-18x12.jpg 18w, https:\/\/hebridespeople.com\/wp-content\/uploads\/2023\/06\/Harris-Finsbay-Annie-Station-and-sheep-1600x998.jpg 1600w, https:\/\/hebridespeople.com\/wp-content\/uploads\/2023\/06\/Harris-Finsbay-Annie-Station-and-sheep.jpg 2000w\" sizes=\"auto, (max-width: 1024px) 100vw, 1024px\" \/><\/a><\/figure>\n\n\n\n<div class=\"wp-block-columns eplus-wrapper is-layout-flex wp-container-core-columns-is-layout-28f84493 wp-block-columns-is-layout-flex\">\n<div class=\"wp-block-column eplus-wrapper is-layout-flow wp-block-column-is-layout-flow\" style=\"flex-basis:100px\">\n<figure class=\"wp-block-image aligncenter size-large is-resized eplus-wrapper\"><img loading=\"lazy\" decoding=\"async\" width=\"1024\" height=\"1024\" src=\"https:\/\/hebridespeople.com\/wp-content\/uploads\/2023\/07\/tree_400_orange-1024x1024.png\" alt=\"\" class=\"wp-image-6535\" style=\"object-fit:contain;width:100px;height:100px\" srcset=\"https:\/\/hebridespeople.com\/wp-content\/uploads\/2023\/07\/tree_400_orange-1024x1024.png 1024w, https:\/\/hebridespeople.com\/wp-content\/uploads\/2023\/07\/tree_400_orange-450x450.png 450w, https:\/\/hebridespeople.com\/wp-content\/uploads\/2023\/07\/tree_400_orange-100x100.png 100w, https:\/\/hebridespeople.com\/wp-content\/uploads\/2023\/07\/tree_400_orange-600x600.png 600w, https:\/\/hebridespeople.com\/wp-content\/uploads\/2023\/07\/tree_400_orange-300x300.png 300w, https:\/\/hebridespeople.com\/wp-content\/uploads\/2023\/07\/tree_400_orange-150x150.png 150w, https:\/\/hebridespeople.com\/wp-content\/uploads\/2023\/07\/tree_400_orange-768x768.png 768w, https:\/\/hebridespeople.com\/wp-content\/uploads\/2023\/07\/tree_400_orange-1536x1536.png 1536w, https:\/\/hebridespeople.com\/wp-content\/uploads\/2023\/07\/tree_400_orange-2048x2048.png 2048w, https:\/\/hebridespeople.com\/wp-content\/uploads\/2023\/07\/tree_400_orange-12x12.png 12w, https:\/\/hebridespeople.com\/wp-content\/uploads\/2023\/07\/tree_400_orange-96x96.png 96w, https:\/\/hebridespeople.com\/wp-content\/uploads\/2023\/07\/tree_400_orange-38x38.png 38w, https:\/\/hebridespeople.com\/wp-content\/uploads\/2023\/07\/tree_400_orange-1600x1600.png 1600w\" sizes=\"auto, (max-width: 1024px) 100vw, 1024px\" \/><\/figure>\n<\/div>\n\n\n\n<div class=\"wp-block-column is-vertically-aligned-center eplus-wrapper is-layout-flow wp-block-column-is-layout-flow\" style=\"flex-basis:100%\">\n<h4 class=\"wp-block-heading eplus-wrapper\">Tha eachdraidh nan Eilean Siar l\u00e0n de sheanachas.<\/h4>\n<\/div>\n<\/div>\n\n\n\n<p class=\"eplus-wrapper\">Chan eil cho fada air a dhol seachad bhon a b\u2019 urrainn m\u00f2ran dhaoine sgeulachdan na F\u00e8inne innse, no sgeulachdan mu na s\u00ecthichean, na cinnidhean, agus beul-aithris a bha a\u2019 dol air ais fad linntean. <\/p>\n\n\n\n<figure class=\"wp-block-image size-large eplus-wrapper\"><a href=\"https:\/\/hebridespeople.com\/wp-content\/uploads\/2023\/06\/Harris-Hushinish-Fank.jpg\"><img loading=\"lazy\" decoding=\"async\" width=\"1024\" height=\"682\" src=\"https:\/\/hebridespeople.com\/wp-content\/uploads\/2023\/06\/Harris-Hushinish-Fank-1024x682.jpg\" alt=\"\" class=\"wp-image-5873\" srcset=\"https:\/\/hebridespeople.com\/wp-content\/uploads\/2023\/06\/Harris-Hushinish-Fank-1024x682.jpg 1024w, https:\/\/hebridespeople.com\/wp-content\/uploads\/2023\/06\/Harris-Hushinish-Fank-600x400.jpg 600w, https:\/\/hebridespeople.com\/wp-content\/uploads\/2023\/06\/Harris-Hushinish-Fank-300x200.jpg 300w, https:\/\/hebridespeople.com\/wp-content\/uploads\/2023\/06\/Harris-Hushinish-Fank-768x512.jpg 768w, https:\/\/hebridespeople.com\/wp-content\/uploads\/2023\/06\/Harris-Hushinish-Fank-1536x1024.jpg 1536w, https:\/\/hebridespeople.com\/wp-content\/uploads\/2023\/06\/Harris-Hushinish-Fank-18x12.jpg 18w, https:\/\/hebridespeople.com\/wp-content\/uploads\/2023\/06\/Harris-Hushinish-Fank-1600x1066.jpg 1600w, https:\/\/hebridespeople.com\/wp-content\/uploads\/2023\/06\/Harris-Hushinish-Fank.jpg 2000w\" sizes=\"auto, (max-width: 1024px) 100vw, 1024px\" \/><\/a><\/figure>\n\n\n\n<p class=\"eplus-wrapper\">An-seo, ge-t\u00e0, tha sinn air eachdraidh dhaoine nan Eilean Siar fh\u00e8in a chruinneachadh, sgeulachdan mu dheidhinn an \u00e0rach a fhuair iad ann am bailtean nan eilean, turasan air falbh bhon dachaigh agus cuideachd eachdraidh mu dheidhinn na h-eileanan fh\u00e8in.<\/p>\n\n\n\n<div class=\"wp-block-buttons eplus-wrapper is-layout-flex wp-block-buttons-is-layout-flex\">\n<div class=\"wp-block-button eplus-wrapper\"><a class=\"wp-block-button__link has-base-color has-text-color wp-element-button\" href=\"https:\/\/hebridespeople.com\/gd\/stories\/village-histories\/\">Eachdraidhean nam Bailtean<\/a><\/div>\n\n\n\n<div class=\"wp-block-button eplus-wrapper\"><a class=\"wp-block-button__link has-base-color has-text-color wp-element-button\" href=\"https:\/\/hebridespeople.com\/gd\/stories\/emigrant-stories\/\">Sgeulachdan Eilthirich<\/a><\/div>\n<\/div>\n<\/div>\n\n\n\n<div style=\"height:20px\" aria-hidden=\"true\" class=\"wp-block-spacer eplus-wrapper\"><\/div>\n\n\n\n<h2 class=\"wp-block-heading eplus-wrapper has-contrast-color has-text-color\" style=\"padding-left:0\">Ionnsaich Tuilleadh<\/h2>\n\n\n\n<div class=\"wp-block-group eplus-wrapper has-background has-global-padding is-layout-constrained wp-container-core-group-is-layout-5317b006 wp-block-group-is-layout-constrained\" style=\"border-radius:0px;background-color:#cdd1a569;padding-top:var(--wp--preset--spacing--30);padding-right:20px;padding-bottom:var(--wp--preset--spacing--30);padding-left:0px\">\n<div class=\"gb-grid-wrapper gb-grid-wrapper-55cc3e1a gb-query-loop-wrapper\">\n<div class=\"gb-grid-column gb-grid-column-b7528c7c gb-query-loop-item post-4354 page type-page status-publish has-post-thumbnail hentry\"><div class=\"gb-container gb-container-b7528c7c\" style=\"--background-image: url(https:\/\/hebridespeople.com\/wp-content\/uploads\/2023\/05\/thumbprint-lightgreen.png);\">\n<h4 class=\"gb-headline gb-headline-3c243578 resource-titles gb-headline-text\"><a href=\"https:\/\/hebridespeople.com\/gd\/stories\/tell-us-your-story\/\">Innis Dhuinn do Sgeulachd<\/a><\/h4>\n\n<div class=\"gb-headline gb-headline-d04447cb gb-headline-text\">Ma tha sgeulachd agad mu dhuinne sam bith san teaghlach agad a dh\u2019fh\u00e0g na h-Eileanan Siar agus a dh\u2019fhuirich ann am p\u00e0irt eile den t-saoghal, cuir fios thugainn gu h-\u00ecseal... <a class=\"gb-dynamic-read-more\" href=\"https:\/\/hebridespeople.com\/gd\/stories\/tell-us-your-story\/\" aria-label=\"More on Tell us your story\">Tuilleadh<\/a><\/div>\n<\/div><\/div>\n\n<div class=\"gb-grid-column gb-grid-column-b7528c7c gb-query-loop-item post-4346 page type-page status-publish has-post-thumbnail hentry\"><div class=\"gb-container gb-container-b7528c7c\" style=\"--background-image: url(https:\/\/hebridespeople.com\/wp-content\/uploads\/2023\/05\/thumbprint-lightgreen.png);\">\n<h4 class=\"gb-headline gb-headline-3c243578 resource-titles gb-headline-text\"><a href=\"https:\/\/hebridespeople.com\/gd\/stories\/emigrant-stories\/\">Sgeulachdan Eilthirich<\/a><\/h4>\n\n<div class=\"gb-headline gb-headline-d04447cb gb-headline-text\">Thachair a\u2019 chiad eilthireachd \u00e0s na h-eileanan air a bheil fhios againn am meadhan na 1700an, as d\u00e8idh Bl\u00e0r Ch\u00f9il-Lodair... <a class=\"gb-dynamic-read-more\" href=\"https:\/\/hebridespeople.com\/gd\/stories\/emigrant-stories\/\" aria-label=\"More on Emigrant Stories\">Tuilleadh<\/a><\/div>\n<\/div><\/div>\n\n<div class=\"gb-grid-column gb-grid-column-b7528c7c gb-query-loop-item post-4344 page type-page status-publish has-post-thumbnail hentry\"><div class=\"gb-container gb-container-b7528c7c\" style=\"--background-image: url(https:\/\/hebridespeople.com\/wp-content\/uploads\/2023\/05\/thumbprint-lightgreen.png);\">\n<h4 class=\"gb-headline gb-headline-3c243578 resource-titles gb-headline-text\"><a href=\"https:\/\/hebridespeople.com\/gd\/stories\/village-histories\/\">Eachdraidhean nam Bailtean<\/a><\/h4>\n\n<div class=\"gb-headline gb-headline-d04447cb gb-headline-text\">Tha na h-earrannan seo air an toirt bho leabhraichean Eachdraidh nan Croitean le aig Bill Lawson. Tha c\u00f2rr is tr\u00ec-fichead dhiubh ann a-nis, agus tha iad ri am faighinn anns a bh\u00f9th againn. <a class=\"gb-dynamic-read-more\" href=\"https:\/\/hebridespeople.com\/gd\/stories\/village-histories\/\" aria-label=\"More on Village Histories\">Tuilleadh<\/a><\/div>\n<\/div><\/div>\n\n<div class=\"gb-grid-column gb-grid-column-b7528c7c gb-query-loop-item post-4150 page type-page status-publish has-post-thumbnail hentry\"><div class=\"gb-container gb-container-b7528c7c\" style=\"--background-image: url(https:\/\/hebridespeople.com\/wp-content\/uploads\/2023\/05\/thumbprint-lightgreen.png);\">\n<h4 class=\"gb-headline gb-headline-3c243578 resource-titles gb-headline-text\"><a href=\"https:\/\/hebridespeople.com\/gd\/stories\/history-of-the-people-of-the-western-isles\/\">Eachdraidh nan Eilean Siar<\/a><\/h4>\n\n<div class=\"gb-headline gb-headline-d04447cb gb-headline-text\">Tha eachdraidh dhaoine anns na h-Eileanan Siar a\u2019 t\u00f2iseachadh an uair a leagh na siotaichean-deighe, agus a th\u00e0inig a\u2019 chiad daoine, aig \u00e0m ris an canar Meadhan-linn na Cloiche... <a class=\"gb-dynamic-read-more\" href=\"https:\/\/hebridespeople.com\/gd\/stories\/history-of-the-people-of-the-western-isles\/\" aria-label=\"More on The People of the Western Isles\">Tuilleadh<\/a><\/div>\n<\/div><\/div>\n<\/div>\n<\/div>","protected":false},"excerpt":{"rendered":"<p>The Western Isles are steeped in storytelling tradition. Until relatively recently most people could recite tales of the Feinn and the faerie folk, the clans and their battles, and folklore stretching back for centuries. Here, however, we have gathered the real histories of people from the Western Isles, their own stories of their upbringing in [&hellip;]<\/p>\n","protected":false},"author":1,"featured_media":5864,"parent":0,"menu_order":0,"comment_status":"closed","ping_status":"closed","template":"","meta":{"_editorskit_title_hidden":false,"_editorskit_reading_time":0,"_editorskit_is_block_options_detached":false,"_editorskit_block_options_position":"{}","footnotes":""},"class_list":["post-4339","page","type-page","status-publish","has-post-thumbnail","hentry"],"yoast_head":"<!-- This site is optimized with the Yoast SEO plugin v27.4 - https:\/\/yoast.com\/product\/yoast-seo-wordpress\/ -->\n<title>Stories - Hebrides People<\/title>\n<meta name=\"robots\" content=\"index, follow, max-snippet:-1, max-image-preview:large, max-video-preview:-1\" \/>\n<link rel=\"canonical\" href=\"https:\/\/hebridespeople.com\/gd\/stories\/\" \/>\n<meta property=\"og:locale\" content=\"en_US\" \/>\n<meta property=\"og:type\" content=\"article\" \/>\n<meta property=\"og:title\" content=\"Stories - Hebrides People\" \/>\n<meta property=\"og:description\" content=\"The Western Isles are steeped in storytelling tradition. Until relatively recently most people could recite tales of the Feinn and the faerie folk, the clans and their battles, and folklore stretching back for centuries. Here, however, we have gathered the real histories of people from the Western Isles, their own stories of their upbringing in [&hellip;]\" \/>\n<meta property=\"og:url\" content=\"https:\/\/hebridespeople.com\/gd\/stories\/\" \/>\n<meta property=\"og:site_name\" content=\"Hebrides People\" \/>\n<meta property=\"article:modified_time\" content=\"2025-09-09T11:20:29+00:00\" \/>\n<meta property=\"og:image\" content=\"https:\/\/hebridespeople.com\/wp-content\/uploads\/2023\/06\/Harris-Finsbay-Annie-Station-and-sheep.jpg\" \/>\n\t<meta property=\"og:image:width\" content=\"2000\" \/>\n\t<meta property=\"og:image:height\" content=\"1248\" \/>\n\t<meta property=\"og:image:type\" content=\"image\/jpeg\" \/>\n<meta name=\"twitter:card\" content=\"summary_large_image\" \/>\n<meta name=\"twitter:label1\" content=\"Est. reading time\" \/>\n\t<meta name=\"twitter:data1\" content=\"2 minutes\" \/>\n<script type=\"application\/ld+json\" class=\"yoast-schema-graph\">{\"@context\":\"https:\\\/\\\/schema.org\",\"@graph\":[{\"@type\":\"WebPage\",\"@id\":\"https:\\\/\\\/hebridespeople.com\\\/stories\\\/\",\"url\":\"https:\\\/\\\/hebridespeople.com\\\/stories\\\/\",\"name\":\"Stories - Hebrides People\",\"isPartOf\":{\"@id\":\"https:\\\/\\\/hebridespeople.com\\\/#website\"},\"primaryImageOfPage\":{\"@id\":\"https:\\\/\\\/hebridespeople.com\\\/stories\\\/#primaryimage\"},\"image\":{\"@id\":\"https:\\\/\\\/hebridespeople.com\\\/stories\\\/#primaryimage\"},\"thumbnailUrl\":\"https:\\\/\\\/hebridespeople.com\\\/wp-content\\\/uploads\\\/2023\\\/06\\\/Harris-Finsbay-Annie-Station-and-sheep.jpg\",\"datePublished\":\"2023-04-16T20:44:21+00:00\",\"dateModified\":\"2025-09-09T11:20:29+00:00\",\"breadcrumb\":{\"@id\":\"https:\\\/\\\/hebridespeople.com\\\/stories\\\/#breadcrumb\"},\"inLanguage\":\"gd\",\"potentialAction\":[{\"@type\":\"ReadAction\",\"target\":[\"https:\\\/\\\/hebridespeople.com\\\/stories\\\/\"]}]},{\"@type\":\"ImageObject\",\"inLanguage\":\"gd\",\"@id\":\"https:\\\/\\\/hebridespeople.com\\\/stories\\\/#primaryimage\",\"url\":\"https:\\\/\\\/hebridespeople.com\\\/wp-content\\\/uploads\\\/2023\\\/06\\\/Harris-Finsbay-Annie-Station-and-sheep.jpg\",\"contentUrl\":\"https:\\\/\\\/hebridespeople.com\\\/wp-content\\\/uploads\\\/2023\\\/06\\\/Harris-Finsbay-Annie-Station-and-sheep.jpg\",\"width\":2000,\"height\":1248},{\"@type\":\"BreadcrumbList\",\"@id\":\"https:\\\/\\\/hebridespeople.com\\\/stories\\\/#breadcrumb\",\"itemListElement\":[{\"@type\":\"ListItem\",\"position\":1,\"name\":\"Home\",\"item\":\"https:\\\/\\\/hebridespeople.com\\\/\"},{\"@type\":\"ListItem\",\"position\":2,\"name\":\"Stories\"}]},{\"@type\":\"WebSite\",\"@id\":\"https:\\\/\\\/hebridespeople.com\\\/#website\",\"url\":\"https:\\\/\\\/hebridespeople.com\\\/\",\"name\":\"Hebrides People\",\"description\":\"Discover your Hebridean roots\",\"potentialAction\":[{\"@type\":\"SearchAction\",\"target\":{\"@type\":\"EntryPoint\",\"urlTemplate\":\"https:\\\/\\\/hebridespeople.com\\\/?s={search_term_string}\"},\"query-input\":{\"@type\":\"PropertyValueSpecification\",\"valueRequired\":true,\"valueName\":\"search_term_string\"}}],\"inLanguage\":\"gd\"}]}<\/script>\n<!-- \/ Yoast SEO plugin. -->","yoast_head_json":{"title":"Stories - Hebrides People","robots":{"index":"index","follow":"follow","max-snippet":"max-snippet:-1","max-image-preview":"max-image-preview:large","max-video-preview":"max-video-preview:-1"},"canonical":"https:\/\/hebridespeople.com\/gd\/stories\/","og_locale":"en_US","og_type":"article","og_title":"Stories - Hebrides People","og_description":"The Western Isles are steeped in storytelling tradition. Until relatively recently most people could recite tales of the Feinn and the faerie folk, the clans and their battles, and folklore stretching back for centuries. Here, however, we have gathered the real histories of people from the Western Isles, their own stories of their upbringing in [&hellip;]","og_url":"https:\/\/hebridespeople.com\/gd\/stories\/","og_site_name":"Hebrides People","article_modified_time":"2025-09-09T11:20:29+00:00","og_image":[{"width":2000,"height":1248,"url":"https:\/\/hebridespeople.com\/wp-content\/uploads\/2023\/06\/Harris-Finsbay-Annie-Station-and-sheep.jpg","type":"image\/jpeg"}],"twitter_card":"summary_large_image","twitter_misc":{"Est. reading time":"2 minutes"},"schema":{"@context":"https:\/\/schema.org","@graph":[{"@type":"WebPage","@id":"https:\/\/hebridespeople.com\/stories\/","url":"https:\/\/hebridespeople.com\/stories\/","name":"Stories - Hebrides People","isPartOf":{"@id":"https:\/\/hebridespeople.com\/#website"},"primaryImageOfPage":{"@id":"https:\/\/hebridespeople.com\/stories\/#primaryimage"},"image":{"@id":"https:\/\/hebridespeople.com\/stories\/#primaryimage"},"thumbnailUrl":"https:\/\/hebridespeople.com\/wp-content\/uploads\/2023\/06\/Harris-Finsbay-Annie-Station-and-sheep.jpg","datePublished":"2023-04-16T20:44:21+00:00","dateModified":"2025-09-09T11:20:29+00:00","breadcrumb":{"@id":"https:\/\/hebridespeople.com\/stories\/#breadcrumb"},"inLanguage":"gd","potentialAction":[{"@type":"ReadAction","target":["https:\/\/hebridespeople.com\/stories\/"]}]},{"@type":"ImageObject","inLanguage":"gd","@id":"https:\/\/hebridespeople.com\/stories\/#primaryimage","url":"https:\/\/hebridespeople.com\/wp-content\/uploads\/2023\/06\/Harris-Finsbay-Annie-Station-and-sheep.jpg","contentUrl":"https:\/\/hebridespeople.com\/wp-content\/uploads\/2023\/06\/Harris-Finsbay-Annie-Station-and-sheep.jpg","width":2000,"height":1248},{"@type":"BreadcrumbList","@id":"https:\/\/hebridespeople.com\/stories\/#breadcrumb","itemListElement":[{"@type":"ListItem","position":1,"name":"Home","item":"https:\/\/hebridespeople.com\/"},{"@type":"ListItem","position":2,"name":"Stories"}]},{"@type":"WebSite","@id":"https:\/\/hebridespeople.com\/#website","url":"https:\/\/hebridespeople.com\/","name":"Hebrides People","description":"Discover your Hebridean roots","potentialAction":[{"@type":"SearchAction","target":{"@type":"EntryPoint","urlTemplate":"https:\/\/hebridespeople.com\/?s={search_term_string}"},"query-input":{"@type":"PropertyValueSpecification","valueRequired":true,"valueName":"search_term_string"}}],"inLanguage":"gd"}]}},"_links":{"self":[{"href":"https:\/\/hebridespeople.com\/gd\/wp-json\/wp\/v2\/pages\/4339","targetHints":{"allow":["GET"]}}],"collection":[{"href":"https:\/\/hebridespeople.com\/gd\/wp-json\/wp\/v2\/pages"}],"about":[{"href":"https:\/\/hebridespeople.com\/gd\/wp-json\/wp\/v2\/types\/page"}],"author":[{"embeddable":true,"href":"https:\/\/hebridespeople.com\/gd\/wp-json\/wp\/v2\/users\/1"}],"replies":[{"embeddable":true,"href":"https:\/\/hebridespeople.com\/gd\/wp-json\/wp\/v2\/comments?post=4339"}],"version-history":[{"count":15,"href":"https:\/\/hebridespeople.com\/gd\/wp-json\/wp\/v2\/pages\/4339\/revisions"}],"predecessor-version":[{"id":15148,"href":"https:\/\/hebridespeople.com\/gd\/wp-json\/wp\/v2\/pages\/4339\/revisions\/15148"}],"wp:featuredmedia":[{"embeddable":true,"href":"https:\/\/hebridespeople.com\/gd\/wp-json\/wp\/v2\/media\/5864"}],"wp:attachment":[{"href":"https:\/\/hebridespeople.com\/gd\/wp-json\/wp\/v2\/media?parent=4339"}],"curies":[{"name":"wp","href":"https:\/\/api.w.org\/{rel}","templated":true}]}}