{"id":8284,"date":"2023-11-14T08:52:03","date_gmt":"2023-11-14T08:52:03","guid":{"rendered":"https:\/\/hebridespeople.com\/?page_id=8284"},"modified":"2025-11-05T12:49:20","modified_gmt":"2025-11-05T12:49:20","slug":"christmas-offer","status":"publish","type":"page","link":"https:\/\/hebridespeople.com\/gd\/christmas-offer\/","title":{"rendered":"Uncover Your Family&#8217;s Legacy This Christmas &#8211; Limited Time Offer"},"content":{"rendered":"<h4 class=\"wp-block-heading\">Embrace the festive spirit with Hebrides People&#8217;s Christmas Family Trees!<\/h4>\n\n\n\n<p>Discover the extraordinary gift of your ancestry, traced back usually to the mid 1700s. Our expert research work, building on over 60 years of work by Bill Lawson, ensures the precision and depth of your family history.<\/p>\n\n\n\n<div class=\"wp-block-columns is-layout-flex wp-container-core-columns-is-layout-28f84493 wp-block-columns-is-layout-flex\">\n<div class=\"wp-block-column is-layout-flow wp-block-column-is-layout-flow\" style=\"flex-basis:50%\">\n<figure class=\"wp-block-image size-large\"><a href=\"https:\/\/hebridespeople.com\/wp-content\/uploads\/2023\/07\/A4-Pack-Example-scaled.jpg\"><img loading=\"lazy\" decoding=\"async\" width=\"1024\" height=\"716\" src=\"https:\/\/hebridespeople.com\/wp-content\/uploads\/2023\/07\/A4-Pack-Example-1024x716.jpg\" alt=\"\" class=\"wp-image-6464\" style=\"aspect-ratio:4\/3;object-fit:cover\" srcset=\"https:\/\/hebridespeople.com\/wp-content\/uploads\/2023\/07\/A4-Pack-Example-1024x716.jpg 1024w, https:\/\/hebridespeople.com\/wp-content\/uploads\/2023\/07\/A4-Pack-Example-scaled-600x419.jpg 600w, https:\/\/hebridespeople.com\/wp-content\/uploads\/2023\/07\/A4-Pack-Example-300x210.jpg 300w, https:\/\/hebridespeople.com\/wp-content\/uploads\/2023\/07\/A4-Pack-Example-768x537.jpg 768w, https:\/\/hebridespeople.com\/wp-content\/uploads\/2023\/07\/A4-Pack-Example-1536x1074.jpg 1536w, https:\/\/hebridespeople.com\/wp-content\/uploads\/2023\/07\/A4-Pack-Example-2048x1432.jpg 2048w, https:\/\/hebridespeople.com\/wp-content\/uploads\/2023\/07\/A4-Pack-Example-18x12.jpg 18w, https:\/\/hebridespeople.com\/wp-content\/uploads\/2023\/07\/A4-Pack-Example-1600x1118.jpg 1600w\" sizes=\"auto, (max-width: 1024px) 100vw, 1024px\" \/><\/a><\/figure>\n<\/div>\n\n\n\n<div class=\"wp-block-column is-layout-flow wp-block-column-is-layout-flow\" style=\"flex-basis:50%\">\n<p>We carefully bring together oral tradition and written records, offering you a truly comprehensive understanding of your roots.<\/p>\n\n\n\n<p>Gheibh thu na leanas tro ar seirbhis-sloinntearachd:<\/p>\n\n\n\n<ul class=\"wp-block-list\">\n<li>a printed tree (up to 6 generations on A4 paper)<\/li>\n\n\n\n<li>a printed set of notes, including oral tradition<\/li>\n\n\n\n<li>information on siblings in each generation up to about 1900<\/li>\n\n\n\n<li>information on where family members settled<\/li>\n<\/ul>\n<\/div>\n<\/div>\n\n\n\n<h4 class=\"wp-block-heading\">What makes our service truly special?<\/h4>\n\n\n\n<p>Our unique approach carefully blends oral tradition gathered by Bill Lawson over the years to add to the information available in written records. Our printed set of notes provides information on siblings as well as revealing any stories that have been carefully gathered over the years.<\/p>\n\n\n\n<h4 class=\"wp-block-heading\">Christmas orders deadline: Order by Monday 17th November at 5 pm<\/h4>\n\n\n\n<p>This Christmas, gift your loved ones a piece of their heritage. Place your order now to ensure delivery before Christmas and create a timeless treasure for your family.<\/p>\n\n\n\n<p>Don&#8217;t miss this exclusive opportunity. Start your journey into the past with Hebrides People today!<\/p>\n\n\n\n<h4 class=\"wp-block-heading\">Pricing<\/h4>\n\n\n\n<p>Seirbhis craobh teaghlaich:<\/p>\n\n\n\n<ul class=\"wp-block-list\">\n<li>up to 5 generations (A4 size) \u00a3120.00  (suitable for someone born c1900-c1930)<\/li>\n\n\n\n<li>up to 6 generations (A4 size) \u00a3150.00  (suitable for someone born c1930-c1960)<\/li>\n<\/ul>\n\n\n\n<p>For more information, or to order now, email us <a class=\"ek-link\" href=\"mailto:seallam@hebridespeople.com\">info@hebridespeople.com<\/a><\/p>\n\n\n\n<h4 class=\"wp-block-heading\">Additional research<\/h4>\n\n\n\n<p>\u2018S urrain dhuinn cuideachd rannsachadh a dh\u00e8anamh air ceistean sam bith mu dheidhinn sinnsearachd anns na h-Eileanan Siar, agus tha st\u00f2ras farsaing againn de rannsachadh, sgr\u00ecobhanan agus leabhraichean a chruinnich Bill Lawson thar tr\u00ec-fichead bliadhna.<\/p>\n\n\n\n<p>Hourly rate for genealogy research: \u00a330<\/p>\n\n\n\n<p><\/p>","protected":false},"excerpt":{"rendered":"<p>Embrace the festive spirit with Hebrides People&#8217;s Christmas Family Trees! Discover the extraordinary gift of your ancestry, traced back usually to the mid 1700s. Our expert research work, building on over 60 years of work by Bill Lawson, ensures the precision and depth of your family history. We carefully bring together oral tradition and written [&hellip;]<\/p>\n","protected":false},"author":1,"featured_media":8294,"parent":0,"menu_order":0,"comment_status":"closed","ping_status":"closed","template":"","meta":{"_editorskit_title_hidden":false,"_editorskit_reading_time":0,"_editorskit_is_block_options_detached":false,"_editorskit_block_options_position":"{}","footnotes":""},"class_list":["post-8284","page","type-page","status-publish","has-post-thumbnail","hentry"],"yoast_head":"<!-- This site is optimized with the Yoast SEO plugin v27.4 - https:\/\/yoast.com\/product\/yoast-seo-wordpress\/ -->\n<title>Uncover Your Family&#039;s Legacy This Christmas - Limited Time Offer - Hebrides People<\/title>\n<meta name=\"description\" content=\"This Christmas, gift your loved ones a piece of their island heritage. Place your order now to ensure delivery before Christmas.\" \/>\n<meta name=\"robots\" content=\"index, follow, max-snippet:-1, max-image-preview:large, max-video-preview:-1\" \/>\n<link rel=\"canonical\" href=\"https:\/\/hebridespeople.com\/gd\/christmas-offer\/\" \/>\n<meta property=\"og:locale\" content=\"en_US\" \/>\n<meta property=\"og:type\" content=\"article\" \/>\n<meta property=\"og:title\" content=\"Uncover Your Family&#039;s Legacy This Christmas - Limited Time Offer - Hebrides People\" \/>\n<meta property=\"og:description\" content=\"This Christmas, gift your loved ones a piece of their island heritage. Place your order now to ensure delivery before Christmas.\" \/>\n<meta property=\"og:url\" content=\"https:\/\/hebridespeople.com\/gd\/christmas-offer\/\" \/>\n<meta property=\"og:site_name\" content=\"Hebrides People\" \/>\n<meta property=\"article:modified_time\" content=\"2025-11-05T12:49:20+00:00\" \/>\n<meta property=\"og:image\" content=\"https:\/\/hebridespeople.com\/wp-content\/uploads\/2023\/11\/Christmas-Offer-1.png\" \/>\n\t<meta property=\"og:image:width\" content=\"1748\" \/>\n\t<meta property=\"og:image:height\" content=\"1240\" \/>\n\t<meta property=\"og:image:type\" content=\"image\/png\" \/>\n<meta name=\"twitter:card\" content=\"summary_large_image\" \/>\n<meta name=\"twitter:label1\" content=\"Est. reading time\" \/>\n\t<meta name=\"twitter:data1\" content=\"2 minutes\" \/>\n<script type=\"application\/ld+json\" class=\"yoast-schema-graph\">{\"@context\":\"https:\\\/\\\/schema.org\",\"@graph\":[{\"@type\":\"WebPage\",\"@id\":\"https:\\\/\\\/hebridespeople.com\\\/christmas-offer\\\/\",\"url\":\"https:\\\/\\\/hebridespeople.com\\\/christmas-offer\\\/\",\"name\":\"Uncover Your Family's Legacy This Christmas - Limited Time Offer - Hebrides People\",\"isPartOf\":{\"@id\":\"https:\\\/\\\/hebridespeople.com\\\/#website\"},\"primaryImageOfPage\":{\"@id\":\"https:\\\/\\\/hebridespeople.com\\\/christmas-offer\\\/#primaryimage\"},\"image\":{\"@id\":\"https:\\\/\\\/hebridespeople.com\\\/christmas-offer\\\/#primaryimage\"},\"thumbnailUrl\":\"https:\\\/\\\/hebridespeople.com\\\/wp-content\\\/uploads\\\/2023\\\/11\\\/Christmas-Offer-1.png\",\"datePublished\":\"2023-11-14T08:52:03+00:00\",\"dateModified\":\"2025-11-05T12:49:20+00:00\",\"description\":\"This Christmas, gift your loved ones a piece of their island heritage. Place your order now to ensure delivery before Christmas.\",\"breadcrumb\":{\"@id\":\"https:\\\/\\\/hebridespeople.com\\\/christmas-offer\\\/#breadcrumb\"},\"inLanguage\":\"gd\",\"potentialAction\":[{\"@type\":\"ReadAction\",\"target\":[\"https:\\\/\\\/hebridespeople.com\\\/christmas-offer\\\/\"]}]},{\"@type\":\"ImageObject\",\"inLanguage\":\"gd\",\"@id\":\"https:\\\/\\\/hebridespeople.com\\\/christmas-offer\\\/#primaryimage\",\"url\":\"https:\\\/\\\/hebridespeople.com\\\/wp-content\\\/uploads\\\/2023\\\/11\\\/Christmas-Offer-1.png\",\"contentUrl\":\"https:\\\/\\\/hebridespeople.com\\\/wp-content\\\/uploads\\\/2023\\\/11\\\/Christmas-Offer-1.png\",\"width\":1748,\"height\":1240,\"caption\":\"Gift a family tree - Hebrides People\"},{\"@type\":\"BreadcrumbList\",\"@id\":\"https:\\\/\\\/hebridespeople.com\\\/christmas-offer\\\/#breadcrumb\",\"itemListElement\":[{\"@type\":\"ListItem\",\"position\":1,\"name\":\"Home\",\"item\":\"https:\\\/\\\/hebridespeople.com\\\/\"},{\"@type\":\"ListItem\",\"position\":2,\"name\":\"Uncover Your Family&#8217;s Legacy This Christmas &#8211; Limited Time Offer\"}]},{\"@type\":\"WebSite\",\"@id\":\"https:\\\/\\\/hebridespeople.com\\\/#website\",\"url\":\"https:\\\/\\\/hebridespeople.com\\\/\",\"name\":\"Hebrides People\",\"description\":\"Discover your Hebridean roots\",\"potentialAction\":[{\"@type\":\"SearchAction\",\"target\":{\"@type\":\"EntryPoint\",\"urlTemplate\":\"https:\\\/\\\/hebridespeople.com\\\/?s={search_term_string}\"},\"query-input\":{\"@type\":\"PropertyValueSpecification\",\"valueRequired\":true,\"valueName\":\"search_term_string\"}}],\"inLanguage\":\"gd\"}]}<\/script>\n<!-- \/ Yoast SEO plugin. -->","yoast_head_json":{"title":"Uncover Your Family's Legacy This Christmas - Limited Time Offer - Hebrides People","description":"This Christmas, gift your loved ones a piece of their island heritage. Place your order now to ensure delivery before Christmas.","robots":{"index":"index","follow":"follow","max-snippet":"max-snippet:-1","max-image-preview":"max-image-preview:large","max-video-preview":"max-video-preview:-1"},"canonical":"https:\/\/hebridespeople.com\/gd\/christmas-offer\/","og_locale":"en_US","og_type":"article","og_title":"Uncover Your Family's Legacy This Christmas - Limited Time Offer - Hebrides People","og_description":"This Christmas, gift your loved ones a piece of their island heritage. Place your order now to ensure delivery before Christmas.","og_url":"https:\/\/hebridespeople.com\/gd\/christmas-offer\/","og_site_name":"Hebrides People","article_modified_time":"2025-11-05T12:49:20+00:00","og_image":[{"width":1748,"height":1240,"url":"https:\/\/hebridespeople.com\/wp-content\/uploads\/2023\/11\/Christmas-Offer-1.png","type":"image\/png"}],"twitter_card":"summary_large_image","twitter_misc":{"Est. reading time":"2 minutes"},"schema":{"@context":"https:\/\/schema.org","@graph":[{"@type":"WebPage","@id":"https:\/\/hebridespeople.com\/christmas-offer\/","url":"https:\/\/hebridespeople.com\/christmas-offer\/","name":"Uncover Your Family's Legacy This Christmas - Limited Time Offer - Hebrides People","isPartOf":{"@id":"https:\/\/hebridespeople.com\/#website"},"primaryImageOfPage":{"@id":"https:\/\/hebridespeople.com\/christmas-offer\/#primaryimage"},"image":{"@id":"https:\/\/hebridespeople.com\/christmas-offer\/#primaryimage"},"thumbnailUrl":"https:\/\/hebridespeople.com\/wp-content\/uploads\/2023\/11\/Christmas-Offer-1.png","datePublished":"2023-11-14T08:52:03+00:00","dateModified":"2025-11-05T12:49:20+00:00","description":"This Christmas, gift your loved ones a piece of their island heritage. Place your order now to ensure delivery before Christmas.","breadcrumb":{"@id":"https:\/\/hebridespeople.com\/christmas-offer\/#breadcrumb"},"inLanguage":"gd","potentialAction":[{"@type":"ReadAction","target":["https:\/\/hebridespeople.com\/christmas-offer\/"]}]},{"@type":"ImageObject","inLanguage":"gd","@id":"https:\/\/hebridespeople.com\/christmas-offer\/#primaryimage","url":"https:\/\/hebridespeople.com\/wp-content\/uploads\/2023\/11\/Christmas-Offer-1.png","contentUrl":"https:\/\/hebridespeople.com\/wp-content\/uploads\/2023\/11\/Christmas-Offer-1.png","width":1748,"height":1240,"caption":"Gift a family tree - Hebrides People"},{"@type":"BreadcrumbList","@id":"https:\/\/hebridespeople.com\/christmas-offer\/#breadcrumb","itemListElement":[{"@type":"ListItem","position":1,"name":"Home","item":"https:\/\/hebridespeople.com\/"},{"@type":"ListItem","position":2,"name":"Uncover Your Family&#8217;s Legacy This Christmas &#8211; Limited Time Offer"}]},{"@type":"WebSite","@id":"https:\/\/hebridespeople.com\/#website","url":"https:\/\/hebridespeople.com\/","name":"Hebrides People","description":"Discover your Hebridean roots","potentialAction":[{"@type":"SearchAction","target":{"@type":"EntryPoint","urlTemplate":"https:\/\/hebridespeople.com\/?s={search_term_string}"},"query-input":{"@type":"PropertyValueSpecification","valueRequired":true,"valueName":"search_term_string"}}],"inLanguage":"gd"}]}},"_links":{"self":[{"href":"https:\/\/hebridespeople.com\/gd\/wp-json\/wp\/v2\/pages\/8284","targetHints":{"allow":["GET"]}}],"collection":[{"href":"https:\/\/hebridespeople.com\/gd\/wp-json\/wp\/v2\/pages"}],"about":[{"href":"https:\/\/hebridespeople.com\/gd\/wp-json\/wp\/v2\/types\/page"}],"author":[{"embeddable":true,"href":"https:\/\/hebridespeople.com\/gd\/wp-json\/wp\/v2\/users\/1"}],"replies":[{"embeddable":true,"href":"https:\/\/hebridespeople.com\/gd\/wp-json\/wp\/v2\/comments?post=8284"}],"version-history":[{"count":8,"href":"https:\/\/hebridespeople.com\/gd\/wp-json\/wp\/v2\/pages\/8284\/revisions"}],"predecessor-version":[{"id":15554,"href":"https:\/\/hebridespeople.com\/gd\/wp-json\/wp\/v2\/pages\/8284\/revisions\/15554"}],"wp:featuredmedia":[{"embeddable":true,"href":"https:\/\/hebridespeople.com\/gd\/wp-json\/wp\/v2\/media\/8294"}],"wp:attachment":[{"href":"https:\/\/hebridespeople.com\/gd\/wp-json\/wp\/v2\/media?parent=8284"}],"curies":[{"name":"wp","href":"https:\/\/api.w.org\/{rel}","templated":true}]}}