{"id":15769,"date":"2025-12-11T09:38:36","date_gmt":"2025-12-11T09:38:36","guid":{"rendered":"https:\/\/hebridespeople.com\/?post_type=product&#038;p=15769"},"modified":"2026-03-19T14:41:22","modified_gmt":"2026-03-19T14:41:22","slug":"bard-chliuthair-a-bheatha-agus-a-bhardachd","status":"publish","type":"product","link":"https:\/\/hebridespeople.com\/gd\/product\/bard-chliuthair-a-bheatha-agus-a-bhardachd\/","title":{"rendered":"B\u00e0rd Chliuthair \u2013 A Bheatha agus A Bh\u00e0rdachd"},"content":{"rendered":"<p>Rinn Alasdair MacFhearghais iomadh se\u00f2rsa b\u00e0rdachd mu dheidhinn tachartan ionadail, a\u2019 toirt a-steach aoirean, \u00f2rain eibhinn, \u00f2rain agus cumhachan mu thimcheall chogaidhean.\u00a0 Nam measg bha laoidhean mu dheidhinn dhaoine a bha dl\u00f9th dha chridhe.\u00a0 Tha doimhneachd smaointean ri fhaicinn ann am p\u00e0irt de dh\u2019 obair Alasdair agus bha e cho s\u00e0r-chomasach air gnothaichean spioradail no trom-chuiseach a shamhlachadh, mar a chunnaic e fh\u00e8in na bheatha iad, \u2018s a bha e air \u00f2rain aotrom no \u00e0bhachdach a chur ri ch\u00e8ile.\u00a0 Aon rud a bha cho tarraingeach na bh\u00e0rdachd \u2018s e gun robh sgeulachd, fiosrachadh agus \u00ecomhaigheachd rim faotainn taobh ri taobh.<\/p>\n<p>ISBN:\u00a0<span class=\"isbn13\">9780992896706<\/span><\/p>","protected":false},"excerpt":{"rendered":"<p>Rinn Alasdair MacFhearghais iomadh se\u00f2rsa b\u00e0rdachd mu dheidhinn tachartan ionadail, a\u2019 toirt a-steach aoirean, \u00f2rain eibhinn, \u00f2rain agus cumhachan mu thimcheall chogaidhean.<\/p>","protected":false},"featured_media":15770,"comment_status":"closed","ping_status":"closed","template":"","meta":{"_editorskit_title_hidden":false,"_editorskit_reading_time":0,"_editorskit_is_block_options_detached":false,"_editorskit_block_options_position":"{}"},"product_brand":[],"product_cat":[549,603,478],"product_tag":[],"class_list":{"0":"post-15769","1":"product","2":"type-product","3":"status-publish","4":"has-post-thumbnail","6":"product_cat-books","7":"product_cat-gaelic","8":"product_cat-poetry","10":"first","11":"instock","12":"shipping-taxable","13":"purchasable","14":"product-type-simple"},"yoast_head":"<!-- This site is optimized with the Yoast SEO plugin v27.4 - https:\/\/yoast.com\/product\/yoast-seo-wordpress\/ -->\n<title>B\u00e0rd Chliuthair \u2013 A Bheatha agus A Bh\u00e0rdachd - Hebrides People<\/title>\n<meta name=\"robots\" content=\"index, follow, max-snippet:-1, max-image-preview:large, max-video-preview:-1\" \/>\n<link rel=\"canonical\" href=\"https:\/\/hebridespeople.com\/gd\/product\/bard-chliuthair-a-bheatha-agus-a-bhardachd\/\" \/>\n<meta property=\"og:locale\" content=\"en_US\" \/>\n<meta property=\"og:type\" content=\"article\" \/>\n<meta property=\"og:title\" content=\"B\u00e0rd Chliuthair \u2013 A Bheatha agus A Bh\u00e0rdachd - Hebrides People\" \/>\n<meta property=\"og:description\" content=\"Rinn Alasdair MacFhearghais iomadh se\u00f2rsa b\u00e0rdachd mu dheidhinn tachartan ionadail, a\u2019 toirt a-steach aoirean, \u00f2rain eibhinn, \u00f2rain agus cumhachan mu thimcheall chogaidhean.\" \/>\n<meta property=\"og:url\" content=\"https:\/\/hebridespeople.com\/gd\/product\/bard-chliuthair-a-bheatha-agus-a-bhardachd\/\" \/>\n<meta property=\"og:site_name\" content=\"Hebrides People\" \/>\n<meta property=\"article:modified_time\" content=\"2026-03-19T14:41:22+00:00\" \/>\n<meta property=\"og:image\" content=\"https:\/\/hebridespeople.com\/wp-content\/uploads\/2025\/12\/Bard-Chliuthair-\u2013-A-Bheatha-agus-A-Bhardachd.png\" \/>\n\t<meta property=\"og:image:width\" content=\"1080\" \/>\n\t<meta property=\"og:image:height\" content=\"1080\" \/>\n\t<meta property=\"og:image:type\" content=\"image\/png\" \/>\n<meta name=\"twitter:card\" content=\"summary_large_image\" \/>\n<meta name=\"twitter:label1\" content=\"Est. reading time\" \/>\n\t<meta name=\"twitter:data1\" content=\"1 minute\" \/>\n<script type=\"application\/ld+json\" class=\"yoast-schema-graph\">{\"@context\":\"https:\\\/\\\/schema.org\",\"@graph\":[{\"@type\":\"WebPage\",\"@id\":\"https:\\\/\\\/hebridespeople.com\\\/product\\\/bard-chliuthair-a-bheatha-agus-a-bhardachd\\\/\",\"url\":\"https:\\\/\\\/hebridespeople.com\\\/product\\\/bard-chliuthair-a-bheatha-agus-a-bhardachd\\\/\",\"name\":\"B\u00e0rd Chliuthair \u2013 A Bheatha agus A Bh\u00e0rdachd - Hebrides People\",\"isPartOf\":{\"@id\":\"https:\\\/\\\/hebridespeople.com\\\/#website\"},\"primaryImageOfPage\":{\"@id\":\"https:\\\/\\\/hebridespeople.com\\\/product\\\/bard-chliuthair-a-bheatha-agus-a-bhardachd\\\/#primaryimage\"},\"image\":{\"@id\":\"https:\\\/\\\/hebridespeople.com\\\/product\\\/bard-chliuthair-a-bheatha-agus-a-bhardachd\\\/#primaryimage\"},\"thumbnailUrl\":\"https:\\\/\\\/hebridespeople.com\\\/wp-content\\\/uploads\\\/2025\\\/12\\\/Bard-Chliuthair-\u2013-A-Bheatha-agus-A-Bhardachd.png\",\"datePublished\":\"2025-12-11T09:38:36+00:00\",\"dateModified\":\"2026-03-19T14:41:22+00:00\",\"breadcrumb\":{\"@id\":\"https:\\\/\\\/hebridespeople.com\\\/product\\\/bard-chliuthair-a-bheatha-agus-a-bhardachd\\\/#breadcrumb\"},\"inLanguage\":\"gd\",\"potentialAction\":[{\"@type\":\"ReadAction\",\"target\":[\"https:\\\/\\\/hebridespeople.com\\\/product\\\/bard-chliuthair-a-bheatha-agus-a-bhardachd\\\/\"]}]},{\"@type\":\"ImageObject\",\"inLanguage\":\"gd\",\"@id\":\"https:\\\/\\\/hebridespeople.com\\\/product\\\/bard-chliuthair-a-bheatha-agus-a-bhardachd\\\/#primaryimage\",\"url\":\"https:\\\/\\\/hebridespeople.com\\\/wp-content\\\/uploads\\\/2025\\\/12\\\/Bard-Chliuthair-\u2013-A-Bheatha-agus-A-Bhardachd.png\",\"contentUrl\":\"https:\\\/\\\/hebridespeople.com\\\/wp-content\\\/uploads\\\/2025\\\/12\\\/Bard-Chliuthair-\u2013-A-Bheatha-agus-A-Bhardachd.png\",\"width\":1080,\"height\":1080,\"caption\":\"The cover shows a gradient sky above a dark landscape, with Gaelic text presenting the poet\u2019s life and work.\"},{\"@type\":\"BreadcrumbList\",\"@id\":\"https:\\\/\\\/hebridespeople.com\\\/product\\\/bard-chliuthair-a-bheatha-agus-a-bhardachd\\\/#breadcrumb\",\"itemListElement\":[{\"@type\":\"ListItem\",\"position\":1,\"name\":\"Home\",\"item\":\"https:\\\/\\\/hebridespeople.com\\\/\"},{\"@type\":\"ListItem\",\"position\":2,\"name\":\"Shop\",\"item\":\"https:\\\/\\\/hebridespeople.com\\\/shop\\\/\"},{\"@type\":\"ListItem\",\"position\":3,\"name\":\"B\u00e0rd Chliuthair \u2013 A Bheatha agus A Bh\u00e0rdachd\"}]},{\"@type\":\"WebSite\",\"@id\":\"https:\\\/\\\/hebridespeople.com\\\/#website\",\"url\":\"https:\\\/\\\/hebridespeople.com\\\/\",\"name\":\"Hebrides People\",\"description\":\"Discover your Hebridean roots\",\"potentialAction\":[{\"@type\":\"SearchAction\",\"target\":{\"@type\":\"EntryPoint\",\"urlTemplate\":\"https:\\\/\\\/hebridespeople.com\\\/?s={search_term_string}\"},\"query-input\":{\"@type\":\"PropertyValueSpecification\",\"valueRequired\":true,\"valueName\":\"search_term_string\"}}],\"inLanguage\":\"gd\"}]}<\/script>\n<!-- \/ Yoast SEO plugin. -->","yoast_head_json":{"title":"B\u00e0rd Chliuthair \u2013 A Bheatha agus A Bh\u00e0rdachd - Hebrides People","robots":{"index":"index","follow":"follow","max-snippet":"max-snippet:-1","max-image-preview":"max-image-preview:large","max-video-preview":"max-video-preview:-1"},"canonical":"https:\/\/hebridespeople.com\/gd\/product\/bard-chliuthair-a-bheatha-agus-a-bhardachd\/","og_locale":"en_US","og_type":"article","og_title":"B\u00e0rd Chliuthair \u2013 A Bheatha agus A Bh\u00e0rdachd - Hebrides People","og_description":"Rinn Alasdair MacFhearghais iomadh se\u00f2rsa b\u00e0rdachd mu dheidhinn tachartan ionadail, a\u2019 toirt a-steach aoirean, \u00f2rain eibhinn, \u00f2rain agus cumhachan mu thimcheall chogaidhean.","og_url":"https:\/\/hebridespeople.com\/gd\/product\/bard-chliuthair-a-bheatha-agus-a-bhardachd\/","og_site_name":"Hebrides People","article_modified_time":"2026-03-19T14:41:22+00:00","og_image":[{"width":1080,"height":1080,"url":"https:\/\/hebridespeople.com\/wp-content\/uploads\/2025\/12\/Bard-Chliuthair-\u2013-A-Bheatha-agus-A-Bhardachd.png","type":"image\/png"}],"twitter_card":"summary_large_image","twitter_misc":{"Est. reading time":"1 minute"},"schema":{"@context":"https:\/\/schema.org","@graph":[{"@type":"WebPage","@id":"https:\/\/hebridespeople.com\/product\/bard-chliuthair-a-bheatha-agus-a-bhardachd\/","url":"https:\/\/hebridespeople.com\/product\/bard-chliuthair-a-bheatha-agus-a-bhardachd\/","name":"B\u00e0rd Chliuthair \u2013 A Bheatha agus A Bh\u00e0rdachd - Hebrides People","isPartOf":{"@id":"https:\/\/hebridespeople.com\/#website"},"primaryImageOfPage":{"@id":"https:\/\/hebridespeople.com\/product\/bard-chliuthair-a-bheatha-agus-a-bhardachd\/#primaryimage"},"image":{"@id":"https:\/\/hebridespeople.com\/product\/bard-chliuthair-a-bheatha-agus-a-bhardachd\/#primaryimage"},"thumbnailUrl":"https:\/\/hebridespeople.com\/wp-content\/uploads\/2025\/12\/Bard-Chliuthair-\u2013-A-Bheatha-agus-A-Bhardachd.png","datePublished":"2025-12-11T09:38:36+00:00","dateModified":"2026-03-19T14:41:22+00:00","breadcrumb":{"@id":"https:\/\/hebridespeople.com\/product\/bard-chliuthair-a-bheatha-agus-a-bhardachd\/#breadcrumb"},"inLanguage":"gd","potentialAction":[{"@type":"ReadAction","target":["https:\/\/hebridespeople.com\/product\/bard-chliuthair-a-bheatha-agus-a-bhardachd\/"]}]},{"@type":"ImageObject","inLanguage":"gd","@id":"https:\/\/hebridespeople.com\/product\/bard-chliuthair-a-bheatha-agus-a-bhardachd\/#primaryimage","url":"https:\/\/hebridespeople.com\/wp-content\/uploads\/2025\/12\/Bard-Chliuthair-\u2013-A-Bheatha-agus-A-Bhardachd.png","contentUrl":"https:\/\/hebridespeople.com\/wp-content\/uploads\/2025\/12\/Bard-Chliuthair-\u2013-A-Bheatha-agus-A-Bhardachd.png","width":1080,"height":1080,"caption":"The cover shows a gradient sky above a dark landscape, with Gaelic text presenting the poet\u2019s life and work."},{"@type":"BreadcrumbList","@id":"https:\/\/hebridespeople.com\/product\/bard-chliuthair-a-bheatha-agus-a-bhardachd\/#breadcrumb","itemListElement":[{"@type":"ListItem","position":1,"name":"Home","item":"https:\/\/hebridespeople.com\/"},{"@type":"ListItem","position":2,"name":"Shop","item":"https:\/\/hebridespeople.com\/shop\/"},{"@type":"ListItem","position":3,"name":"B\u00e0rd Chliuthair \u2013 A Bheatha agus A Bh\u00e0rdachd"}]},{"@type":"WebSite","@id":"https:\/\/hebridespeople.com\/#website","url":"https:\/\/hebridespeople.com\/","name":"Hebrides People","description":"Discover your Hebridean roots","potentialAction":[{"@type":"SearchAction","target":{"@type":"EntryPoint","urlTemplate":"https:\/\/hebridespeople.com\/?s={search_term_string}"},"query-input":{"@type":"PropertyValueSpecification","valueRequired":true,"valueName":"search_term_string"}}],"inLanguage":"gd"}]}},"_links":{"self":[{"href":"https:\/\/hebridespeople.com\/gd\/wp-json\/wp\/v2\/product\/15769","targetHints":{"allow":["GET"]}}],"collection":[{"href":"https:\/\/hebridespeople.com\/gd\/wp-json\/wp\/v2\/product"}],"about":[{"href":"https:\/\/hebridespeople.com\/gd\/wp-json\/wp\/v2\/types\/product"}],"replies":[{"embeddable":true,"href":"https:\/\/hebridespeople.com\/gd\/wp-json\/wp\/v2\/comments?post=15769"}],"wp:featuredmedia":[{"embeddable":true,"href":"https:\/\/hebridespeople.com\/gd\/wp-json\/wp\/v2\/media\/15770"}],"wp:attachment":[{"href":"https:\/\/hebridespeople.com\/gd\/wp-json\/wp\/v2\/media?parent=15769"}],"wp:term":[{"taxonomy":"product_brand","embeddable":true,"href":"https:\/\/hebridespeople.com\/gd\/wp-json\/wp\/v2\/product_brand?post=15769"},{"taxonomy":"product_cat","embeddable":true,"href":"https:\/\/hebridespeople.com\/gd\/wp-json\/wp\/v2\/product_cat?post=15769"},{"taxonomy":"product_tag","embeddable":true,"href":"https:\/\/hebridespeople.com\/gd\/wp-json\/wp\/v2\/product_tag?post=15769"}],"curies":[{"name":"wp","href":"https:\/\/api.w.org\/{rel}","templated":true}]}}