{"id":15772,"date":"2025-12-11T10:15:59","date_gmt":"2025-12-11T10:15:59","guid":{"rendered":"https:\/\/hebridespeople.com\/?post_type=product&#038;p=15772"},"modified":"2026-03-19T14:40:31","modified_gmt":"2026-03-19T14:40:31","slug":"steall-06-2","status":"publish","type":"product","link":"https:\/\/hebridespeople.com\/gd\/product\/steall-06-2\/","title":{"rendered":"STEALL 06"},"content":{"rendered":"<p>Cl\u00e0r, 2021.\u00a0136 duilleag.<\/p>\n<p>San iris seo:<\/p>\n<p>Agallamhan le Banksy nan G\u00e0idheal agus Iain MacDh\u00f2mhnaill.<\/p>\n<p>Sgeulachdan goirid bho Findlay Lawson, Marion F. NicIlleMhoire, M\u00e0iri A. NicLe\u00f2id, Stephen MacRisnidh agus Alistair Paul.<\/p>\n<p>B\u00e0rdachd bho Nathaniel Harrington, Doborah Moffat agus Cr\u00ecsdean MacIlleBh\u00e0in.<\/p>\n<p>Altan le Seonag Monk agus Liam Alasdair Crouse.<\/p>\n<p>Agus t\u00f2rr a bharrachd!<\/p>","protected":false},"excerpt":{"rendered":"<p class=\"name\">Diofar Sgr\u00ecobhadairean<\/p>\n<p>Gabh steall den litreachas Gh\u00e0idhlig as \u00f9ire!<\/p>\n<div id=\"ppcp-recaptcha-v2-container\"><\/div>\n<div class=\"product_meta\"><span class=\"posted_in\">Se\u00f2rsa: Irisean<br \/>\n<\/span>ISBN:\u00a0<span class=\"isbn13\">9781916145832<br \/>\n<\/span>Foillsichear:\u00a0CL\u00c0R<\/div>","protected":false},"featured_media":15773,"comment_status":"closed","ping_status":"closed","template":"","meta":{"_editorskit_title_hidden":false,"_editorskit_reading_time":0,"_editorskit_is_block_options_detached":false,"_editorskit_block_options_position":"{}"},"product_brand":[],"product_cat":[549,603],"product_tag":[],"class_list":{"0":"post-15772","1":"product","2":"type-product","3":"status-publish","4":"has-post-thumbnail","6":"product_cat-books","7":"product_cat-gaelic","9":"first","10":"instock","11":"shipping-taxable","12":"purchasable","13":"product-type-simple"},"yoast_head":"<!-- This site is optimized with the Yoast SEO plugin v27.4 - https:\/\/yoast.com\/product\/yoast-seo-wordpress\/ -->\n<title>STEALL 06 - Hebrides People<\/title>\n<meta name=\"robots\" content=\"index, follow, max-snippet:-1, max-image-preview:large, max-video-preview:-1\" \/>\n<link rel=\"canonical\" href=\"https:\/\/hebridespeople.com\/gd\/product\/steall-06-2\/\" \/>\n<meta property=\"og:locale\" content=\"en_US\" \/>\n<meta property=\"og:type\" content=\"article\" \/>\n<meta property=\"og:title\" content=\"STEALL 06 - Hebrides People\" \/>\n<meta property=\"og:description\" content=\"Diofar Sgr\u00ecobhadairean Gabh steall den litreachas Gh\u00e0idhlig as \u00f9ire!  Se\u00f2rsa: Irisean ISBN:\u00a09781916145832 Foillsichear:\u00a0CL\u00c0R\" \/>\n<meta property=\"og:url\" content=\"https:\/\/hebridespeople.com\/gd\/product\/steall-06-2\/\" \/>\n<meta property=\"og:site_name\" content=\"Hebrides People\" \/>\n<meta property=\"article:modified_time\" content=\"2026-03-19T14:40:31+00:00\" \/>\n<meta property=\"og:image\" content=\"https:\/\/hebridespeople.com\/wp-content\/uploads\/2025\/12\/Steall-06.png\" \/>\n\t<meta property=\"og:image:width\" content=\"1080\" \/>\n\t<meta property=\"og:image:height\" content=\"1080\" \/>\n\t<meta property=\"og:image:type\" content=\"image\/png\" \/>\n<meta name=\"twitter:card\" content=\"summary_large_image\" \/>\n<meta name=\"twitter:label1\" content=\"Est. reading time\" \/>\n\t<meta name=\"twitter:data1\" content=\"1 minute\" \/>\n<script type=\"application\/ld+json\" class=\"yoast-schema-graph\">{\"@context\":\"https:\\\/\\\/schema.org\",\"@graph\":[{\"@type\":\"WebPage\",\"@id\":\"https:\\\/\\\/hebridespeople.com\\\/product\\\/steall-06-2\\\/\",\"url\":\"https:\\\/\\\/hebridespeople.com\\\/product\\\/steall-06-2\\\/\",\"name\":\"STEALL 06 - Hebrides People\",\"isPartOf\":{\"@id\":\"https:\\\/\\\/hebridespeople.com\\\/#website\"},\"primaryImageOfPage\":{\"@id\":\"https:\\\/\\\/hebridespeople.com\\\/product\\\/steall-06-2\\\/#primaryimage\"},\"image\":{\"@id\":\"https:\\\/\\\/hebridespeople.com\\\/product\\\/steall-06-2\\\/#primaryimage\"},\"thumbnailUrl\":\"https:\\\/\\\/hebridespeople.com\\\/wp-content\\\/uploads\\\/2025\\\/12\\\/Steall-06.png\",\"datePublished\":\"2025-12-11T10:15:59+00:00\",\"dateModified\":\"2026-03-19T14:40:31+00:00\",\"breadcrumb\":{\"@id\":\"https:\\\/\\\/hebridespeople.com\\\/product\\\/steall-06-2\\\/#breadcrumb\"},\"inLanguage\":\"gd\",\"potentialAction\":[{\"@type\":\"ReadAction\",\"target\":[\"https:\\\/\\\/hebridespeople.com\\\/product\\\/steall-06-2\\\/\"]}]},{\"@type\":\"ImageObject\",\"inLanguage\":\"gd\",\"@id\":\"https:\\\/\\\/hebridespeople.com\\\/product\\\/steall-06-2\\\/#primaryimage\",\"url\":\"https:\\\/\\\/hebridespeople.com\\\/wp-content\\\/uploads\\\/2025\\\/12\\\/Steall-06.png\",\"contentUrl\":\"https:\\\/\\\/hebridespeople.com\\\/wp-content\\\/uploads\\\/2025\\\/12\\\/Steall-06.png\",\"width\":1080,\"height\":1080,\"caption\":\"The cover of STEALL 06 shows bold pink text on a dark, speckled background with star-like flecks and Scottish Gaelic text above and left.\"},{\"@type\":\"BreadcrumbList\",\"@id\":\"https:\\\/\\\/hebridespeople.com\\\/product\\\/steall-06-2\\\/#breadcrumb\",\"itemListElement\":[{\"@type\":\"ListItem\",\"position\":1,\"name\":\"Home\",\"item\":\"https:\\\/\\\/hebridespeople.com\\\/\"},{\"@type\":\"ListItem\",\"position\":2,\"name\":\"Shop\",\"item\":\"https:\\\/\\\/hebridespeople.com\\\/shop\\\/\"},{\"@type\":\"ListItem\",\"position\":3,\"name\":\"STEALL 06\"}]},{\"@type\":\"WebSite\",\"@id\":\"https:\\\/\\\/hebridespeople.com\\\/#website\",\"url\":\"https:\\\/\\\/hebridespeople.com\\\/\",\"name\":\"Hebrides People\",\"description\":\"Discover your Hebridean roots\",\"potentialAction\":[{\"@type\":\"SearchAction\",\"target\":{\"@type\":\"EntryPoint\",\"urlTemplate\":\"https:\\\/\\\/hebridespeople.com\\\/?s={search_term_string}\"},\"query-input\":{\"@type\":\"PropertyValueSpecification\",\"valueRequired\":true,\"valueName\":\"search_term_string\"}}],\"inLanguage\":\"gd\"}]}<\/script>\n<!-- \/ Yoast SEO plugin. -->","yoast_head_json":{"title":"STEALL 06 - Hebrides People","robots":{"index":"index","follow":"follow","max-snippet":"max-snippet:-1","max-image-preview":"max-image-preview:large","max-video-preview":"max-video-preview:-1"},"canonical":"https:\/\/hebridespeople.com\/gd\/product\/steall-06-2\/","og_locale":"en_US","og_type":"article","og_title":"STEALL 06 - Hebrides People","og_description":"Diofar Sgr\u00ecobhadairean Gabh steall den litreachas Gh\u00e0idhlig as \u00f9ire!  Se\u00f2rsa: Irisean ISBN:\u00a09781916145832 Foillsichear:\u00a0CL\u00c0R","og_url":"https:\/\/hebridespeople.com\/gd\/product\/steall-06-2\/","og_site_name":"Hebrides People","article_modified_time":"2026-03-19T14:40:31+00:00","og_image":[{"width":1080,"height":1080,"url":"https:\/\/hebridespeople.com\/wp-content\/uploads\/2025\/12\/Steall-06.png","type":"image\/png"}],"twitter_card":"summary_large_image","twitter_misc":{"Est. reading time":"1 minute"},"schema":{"@context":"https:\/\/schema.org","@graph":[{"@type":"WebPage","@id":"https:\/\/hebridespeople.com\/product\/steall-06-2\/","url":"https:\/\/hebridespeople.com\/product\/steall-06-2\/","name":"STEALL 06 - Hebrides People","isPartOf":{"@id":"https:\/\/hebridespeople.com\/#website"},"primaryImageOfPage":{"@id":"https:\/\/hebridespeople.com\/product\/steall-06-2\/#primaryimage"},"image":{"@id":"https:\/\/hebridespeople.com\/product\/steall-06-2\/#primaryimage"},"thumbnailUrl":"https:\/\/hebridespeople.com\/wp-content\/uploads\/2025\/12\/Steall-06.png","datePublished":"2025-12-11T10:15:59+00:00","dateModified":"2026-03-19T14:40:31+00:00","breadcrumb":{"@id":"https:\/\/hebridespeople.com\/product\/steall-06-2\/#breadcrumb"},"inLanguage":"gd","potentialAction":[{"@type":"ReadAction","target":["https:\/\/hebridespeople.com\/product\/steall-06-2\/"]}]},{"@type":"ImageObject","inLanguage":"gd","@id":"https:\/\/hebridespeople.com\/product\/steall-06-2\/#primaryimage","url":"https:\/\/hebridespeople.com\/wp-content\/uploads\/2025\/12\/Steall-06.png","contentUrl":"https:\/\/hebridespeople.com\/wp-content\/uploads\/2025\/12\/Steall-06.png","width":1080,"height":1080,"caption":"The cover of STEALL 06 shows bold pink text on a dark, speckled background with star-like flecks and Scottish Gaelic text above and left."},{"@type":"BreadcrumbList","@id":"https:\/\/hebridespeople.com\/product\/steall-06-2\/#breadcrumb","itemListElement":[{"@type":"ListItem","position":1,"name":"Home","item":"https:\/\/hebridespeople.com\/"},{"@type":"ListItem","position":2,"name":"Shop","item":"https:\/\/hebridespeople.com\/shop\/"},{"@type":"ListItem","position":3,"name":"STEALL 06"}]},{"@type":"WebSite","@id":"https:\/\/hebridespeople.com\/#website","url":"https:\/\/hebridespeople.com\/","name":"Hebrides People","description":"Discover your Hebridean roots","potentialAction":[{"@type":"SearchAction","target":{"@type":"EntryPoint","urlTemplate":"https:\/\/hebridespeople.com\/?s={search_term_string}"},"query-input":{"@type":"PropertyValueSpecification","valueRequired":true,"valueName":"search_term_string"}}],"inLanguage":"gd"}]}},"_links":{"self":[{"href":"https:\/\/hebridespeople.com\/gd\/wp-json\/wp\/v2\/product\/15772","targetHints":{"allow":["GET"]}}],"collection":[{"href":"https:\/\/hebridespeople.com\/gd\/wp-json\/wp\/v2\/product"}],"about":[{"href":"https:\/\/hebridespeople.com\/gd\/wp-json\/wp\/v2\/types\/product"}],"replies":[{"embeddable":true,"href":"https:\/\/hebridespeople.com\/gd\/wp-json\/wp\/v2\/comments?post=15772"}],"wp:featuredmedia":[{"embeddable":true,"href":"https:\/\/hebridespeople.com\/gd\/wp-json\/wp\/v2\/media\/15773"}],"wp:attachment":[{"href":"https:\/\/hebridespeople.com\/gd\/wp-json\/wp\/v2\/media?parent=15772"}],"wp:term":[{"taxonomy":"product_brand","embeddable":true,"href":"https:\/\/hebridespeople.com\/gd\/wp-json\/wp\/v2\/product_brand?post=15772"},{"taxonomy":"product_cat","embeddable":true,"href":"https:\/\/hebridespeople.com\/gd\/wp-json\/wp\/v2\/product_cat?post=15772"},{"taxonomy":"product_tag","embeddable":true,"href":"https:\/\/hebridespeople.com\/gd\/wp-json\/wp\/v2\/product_tag?post=15772"}],"curies":[{"name":"wp","href":"https:\/\/api.w.org\/{rel}","templated":true}]}}