{"id":15774,"date":"2025-12-11T10:24:40","date_gmt":"2025-12-11T10:24:40","guid":{"rendered":"https:\/\/hebridespeople.com\/?post_type=product&#038;p=15774"},"modified":"2026-03-19T14:40:20","modified_gmt":"2026-03-19T14:40:20","slug":"steall-07","status":"publish","type":"product","link":"https:\/\/hebridespeople.com\/gd\/product\/steall-07\/","title":{"rendered":"STEALL 07"},"content":{"rendered":"<p>132 duilleag, c\u00f2mhdach bog.<\/p>\n<p>Beachdan, b\u00e0rdachd, sgeulachdan goirid, aistean, l\u00e8irmheasan: gabh steall den litreachas Gh\u00e0idhlig as \u00f9ire!<\/p>\n<p>A\u2019 gabhail a-steach sgr\u00ecobhadh bho:<\/p>\n<p>M\u00e0iri A. NicLe\u00f2id<br \/>\nMaeve NicFhionghain<br \/>\nCairist\u00econa Stone<br \/>\nE\u00f2ghann MacEunraig<br \/>\nM. E\u00f2ghainn MacGriogair<br \/>\nM\u00eccheal Newton<br \/>\nBarbara L. Rice<br \/>\nSg\u00e0ire Uallas<br \/>\nSeonag Monk<br \/>\nM\u00eccheal Klevenhaus<br \/>\nSimon \u00d3 Faol\u00e1in<br \/>\nLiam Alasdair Crouse<\/p>","protected":false},"excerpt":{"rendered":"<p class=\"product_title entry-title\">STEALL 07<\/p>\n<p class=\"name\">Diofar Sgr\u00ecobhadairean<\/p>\n<p>Gabh steall den litreachas Gh\u00e0idhlig as \u00f9ire!<\/p>\n<div class=\"product_meta\"><span class=\"posted_in\">Se\u00f2rsa:\u00a0Irisean<br \/>\n<\/span>ISBN:\u00a0<span class=\"isbn13\">9781838233716<br \/>\n<\/span>Foillsichear:\u00a0CL\u00c0R<\/div>","protected":false},"featured_media":15775,"comment_status":"closed","ping_status":"closed","template":"","meta":{"_editorskit_title_hidden":false,"_editorskit_reading_time":0,"_editorskit_is_block_options_detached":false,"_editorskit_block_options_position":"{}"},"product_brand":[],"product_cat":[549,603],"product_tag":[],"class_list":{"0":"post-15774","1":"product","2":"type-product","3":"status-publish","4":"has-post-thumbnail","6":"product_cat-books","7":"product_cat-gaelic","9":"first","10":"instock","11":"shipping-taxable","12":"purchasable","13":"product-type-simple"},"yoast_head":"<!-- This site is optimized with the Yoast SEO plugin v27.4 - https:\/\/yoast.com\/product\/yoast-seo-wordpress\/ -->\n<title>STEALL 07 - Hebrides People<\/title>\n<meta name=\"robots\" content=\"index, follow, max-snippet:-1, max-image-preview:large, max-video-preview:-1\" \/>\n<link rel=\"canonical\" href=\"https:\/\/hebridespeople.com\/gd\/product\/steall-07\/\" \/>\n<meta property=\"og:locale\" content=\"en_US\" \/>\n<meta property=\"og:type\" content=\"article\" \/>\n<meta property=\"og:title\" content=\"STEALL 07 - Hebrides People\" \/>\n<meta property=\"og:description\" content=\"STEALL 07 Diofar Sgr\u00ecobhadairean Gabh steall den litreachas Gh\u00e0idhlig as \u00f9ire! Se\u00f2rsa:\u00a0Irisean ISBN:\u00a09781838233716 Foillsichear:\u00a0CL\u00c0R\" \/>\n<meta property=\"og:url\" content=\"https:\/\/hebridespeople.com\/gd\/product\/steall-07\/\" \/>\n<meta property=\"og:site_name\" content=\"Hebrides People\" \/>\n<meta property=\"article:modified_time\" content=\"2026-03-19T14:40:20+00:00\" \/>\n<meta property=\"og:image\" content=\"https:\/\/hebridespeople.com\/wp-content\/uploads\/2025\/12\/Steall-07.png\" \/>\n\t<meta property=\"og:image:width\" content=\"1080\" \/>\n\t<meta property=\"og:image:height\" content=\"1080\" \/>\n\t<meta property=\"og:image:type\" content=\"image\/png\" \/>\n<meta name=\"twitter:card\" content=\"summary_large_image\" \/>\n<meta name=\"twitter:label1\" content=\"Est. reading time\" \/>\n\t<meta name=\"twitter:data1\" content=\"1 minute\" \/>\n<script type=\"application\/ld+json\" class=\"yoast-schema-graph\">{\"@context\":\"https:\\\/\\\/schema.org\",\"@graph\":[{\"@type\":\"WebPage\",\"@id\":\"https:\\\/\\\/hebridespeople.com\\\/product\\\/steall-07\\\/\",\"url\":\"https:\\\/\\\/hebridespeople.com\\\/product\\\/steall-07\\\/\",\"name\":\"STEALL 07 - Hebrides People\",\"isPartOf\":{\"@id\":\"https:\\\/\\\/hebridespeople.com\\\/#website\"},\"primaryImageOfPage\":{\"@id\":\"https:\\\/\\\/hebridespeople.com\\\/product\\\/steall-07\\\/#primaryimage\"},\"image\":{\"@id\":\"https:\\\/\\\/hebridespeople.com\\\/product\\\/steall-07\\\/#primaryimage\"},\"thumbnailUrl\":\"https:\\\/\\\/hebridespeople.com\\\/wp-content\\\/uploads\\\/2025\\\/12\\\/Steall-07.png\",\"datePublished\":\"2025-12-11T10:24:40+00:00\",\"dateModified\":\"2026-03-19T14:40:20+00:00\",\"breadcrumb\":{\"@id\":\"https:\\\/\\\/hebridespeople.com\\\/product\\\/steall-07\\\/#breadcrumb\"},\"inLanguage\":\"gd\",\"potentialAction\":[{\"@type\":\"ReadAction\",\"target\":[\"https:\\\/\\\/hebridespeople.com\\\/product\\\/steall-07\\\/\"]}]},{\"@type\":\"ImageObject\",\"inLanguage\":\"gd\",\"@id\":\"https:\\\/\\\/hebridespeople.com\\\/product\\\/steall-07\\\/#primaryimage\",\"url\":\"https:\\\/\\\/hebridespeople.com\\\/wp-content\\\/uploads\\\/2025\\\/12\\\/Steall-07.png\",\"contentUrl\":\"https:\\\/\\\/hebridespeople.com\\\/wp-content\\\/uploads\\\/2025\\\/12\\\/Steall-07.png\",\"width\":1080,\"height\":1080,\"caption\":\"Backstage with curtains, scaffolding, and equipment. Large pink text on right: STEALL 07. Small Gaelic text left: names and features.\"},{\"@type\":\"BreadcrumbList\",\"@id\":\"https:\\\/\\\/hebridespeople.com\\\/product\\\/steall-07\\\/#breadcrumb\",\"itemListElement\":[{\"@type\":\"ListItem\",\"position\":1,\"name\":\"Home\",\"item\":\"https:\\\/\\\/hebridespeople.com\\\/\"},{\"@type\":\"ListItem\",\"position\":2,\"name\":\"Shop\",\"item\":\"https:\\\/\\\/hebridespeople.com\\\/shop\\\/\"},{\"@type\":\"ListItem\",\"position\":3,\"name\":\"STEALL 07\"}]},{\"@type\":\"WebSite\",\"@id\":\"https:\\\/\\\/hebridespeople.com\\\/#website\",\"url\":\"https:\\\/\\\/hebridespeople.com\\\/\",\"name\":\"Hebrides People\",\"description\":\"Discover your Hebridean roots\",\"potentialAction\":[{\"@type\":\"SearchAction\",\"target\":{\"@type\":\"EntryPoint\",\"urlTemplate\":\"https:\\\/\\\/hebridespeople.com\\\/?s={search_term_string}\"},\"query-input\":{\"@type\":\"PropertyValueSpecification\",\"valueRequired\":true,\"valueName\":\"search_term_string\"}}],\"inLanguage\":\"gd\"}]}<\/script>\n<!-- \/ Yoast SEO plugin. -->","yoast_head_json":{"title":"STEALL 07 - Hebrides People","robots":{"index":"index","follow":"follow","max-snippet":"max-snippet:-1","max-image-preview":"max-image-preview:large","max-video-preview":"max-video-preview:-1"},"canonical":"https:\/\/hebridespeople.com\/gd\/product\/steall-07\/","og_locale":"en_US","og_type":"article","og_title":"STEALL 07 - Hebrides People","og_description":"STEALL 07 Diofar Sgr\u00ecobhadairean Gabh steall den litreachas Gh\u00e0idhlig as \u00f9ire! Se\u00f2rsa:\u00a0Irisean ISBN:\u00a09781838233716 Foillsichear:\u00a0CL\u00c0R","og_url":"https:\/\/hebridespeople.com\/gd\/product\/steall-07\/","og_site_name":"Hebrides People","article_modified_time":"2026-03-19T14:40:20+00:00","og_image":[{"width":1080,"height":1080,"url":"https:\/\/hebridespeople.com\/wp-content\/uploads\/2025\/12\/Steall-07.png","type":"image\/png"}],"twitter_card":"summary_large_image","twitter_misc":{"Est. reading time":"1 minute"},"schema":{"@context":"https:\/\/schema.org","@graph":[{"@type":"WebPage","@id":"https:\/\/hebridespeople.com\/product\/steall-07\/","url":"https:\/\/hebridespeople.com\/product\/steall-07\/","name":"STEALL 07 - Hebrides People","isPartOf":{"@id":"https:\/\/hebridespeople.com\/#website"},"primaryImageOfPage":{"@id":"https:\/\/hebridespeople.com\/product\/steall-07\/#primaryimage"},"image":{"@id":"https:\/\/hebridespeople.com\/product\/steall-07\/#primaryimage"},"thumbnailUrl":"https:\/\/hebridespeople.com\/wp-content\/uploads\/2025\/12\/Steall-07.png","datePublished":"2025-12-11T10:24:40+00:00","dateModified":"2026-03-19T14:40:20+00:00","breadcrumb":{"@id":"https:\/\/hebridespeople.com\/product\/steall-07\/#breadcrumb"},"inLanguage":"gd","potentialAction":[{"@type":"ReadAction","target":["https:\/\/hebridespeople.com\/product\/steall-07\/"]}]},{"@type":"ImageObject","inLanguage":"gd","@id":"https:\/\/hebridespeople.com\/product\/steall-07\/#primaryimage","url":"https:\/\/hebridespeople.com\/wp-content\/uploads\/2025\/12\/Steall-07.png","contentUrl":"https:\/\/hebridespeople.com\/wp-content\/uploads\/2025\/12\/Steall-07.png","width":1080,"height":1080,"caption":"Backstage with curtains, scaffolding, and equipment. Large pink text on right: STEALL 07. Small Gaelic text left: names and features."},{"@type":"BreadcrumbList","@id":"https:\/\/hebridespeople.com\/product\/steall-07\/#breadcrumb","itemListElement":[{"@type":"ListItem","position":1,"name":"Home","item":"https:\/\/hebridespeople.com\/"},{"@type":"ListItem","position":2,"name":"Shop","item":"https:\/\/hebridespeople.com\/shop\/"},{"@type":"ListItem","position":3,"name":"STEALL 07"}]},{"@type":"WebSite","@id":"https:\/\/hebridespeople.com\/#website","url":"https:\/\/hebridespeople.com\/","name":"Hebrides People","description":"Discover your Hebridean roots","potentialAction":[{"@type":"SearchAction","target":{"@type":"EntryPoint","urlTemplate":"https:\/\/hebridespeople.com\/?s={search_term_string}"},"query-input":{"@type":"PropertyValueSpecification","valueRequired":true,"valueName":"search_term_string"}}],"inLanguage":"gd"}]}},"_links":{"self":[{"href":"https:\/\/hebridespeople.com\/gd\/wp-json\/wp\/v2\/product\/15774","targetHints":{"allow":["GET"]}}],"collection":[{"href":"https:\/\/hebridespeople.com\/gd\/wp-json\/wp\/v2\/product"}],"about":[{"href":"https:\/\/hebridespeople.com\/gd\/wp-json\/wp\/v2\/types\/product"}],"replies":[{"embeddable":true,"href":"https:\/\/hebridespeople.com\/gd\/wp-json\/wp\/v2\/comments?post=15774"}],"wp:featuredmedia":[{"embeddable":true,"href":"https:\/\/hebridespeople.com\/gd\/wp-json\/wp\/v2\/media\/15775"}],"wp:attachment":[{"href":"https:\/\/hebridespeople.com\/gd\/wp-json\/wp\/v2\/media?parent=15774"}],"wp:term":[{"taxonomy":"product_brand","embeddable":true,"href":"https:\/\/hebridespeople.com\/gd\/wp-json\/wp\/v2\/product_brand?post=15774"},{"taxonomy":"product_cat","embeddable":true,"href":"https:\/\/hebridespeople.com\/gd\/wp-json\/wp\/v2\/product_cat?post=15774"},{"taxonomy":"product_tag","embeddable":true,"href":"https:\/\/hebridespeople.com\/gd\/wp-json\/wp\/v2\/product_tag?post=15774"}],"curies":[{"name":"wp","href":"https:\/\/api.w.org\/{rel}","templated":true}]}}