{"id":11,"date":"2010-09-16T12:02:12","date_gmt":"2010-09-16T12:02:12","guid":{"rendered":"\/?p=11"},"modified":"2025-05-27T10:43:46","modified_gmt":"2025-05-27T10:43:46","slug":"getting-started","status":"publish","type":"page","link":"https:\/\/hebridespeople.com\/staging\/gd\/find-your-family\/getting-started\/","title":{"rendered":"Toiseach T\u00f2iseachaidh"},"content":{"rendered":"<figure class=\"wp-block-gallery has-nested-images columns-default is-cropped eplus-wrapper wp-block-gallery-1 is-layout-flex wp-block-gallery-is-layout-flex\"><figure class=\"wp-block-image size-large has-custom-border eplus-wrapper\"><a href=\"https:\/\/hebridespeople.com\/staging\/wp-content\/uploads\/2023\/06\/Harris-Tarbert-_____-provided-by-Angus-Morrison-4.jpg\"><img loading=\"lazy\" decoding=\"async\" width=\"1024\" height=\"682\" data-id=\"5928\" src=\"https:\/\/hebridespeople.com\/staging\/wp-content\/uploads\/2023\/06\/Harris-Tarbert-_____-provided-by-Angus-Morrison-4-1024x682.jpg\" alt=\"\" class=\"wp-image-5928\" style=\"border-radius:0px\" srcset=\"https:\/\/hebridespeople.com\/staging\/wp-content\/uploads\/2023\/06\/Harris-Tarbert-_____-provided-by-Angus-Morrison-4-1024x682.jpg 1024w, https:\/\/hebridespeople.com\/staging\/wp-content\/uploads\/2023\/06\/Harris-Tarbert-_____-provided-by-Angus-Morrison-4-600x400.jpg 600w, https:\/\/hebridespeople.com\/staging\/wp-content\/uploads\/2023\/06\/Harris-Tarbert-_____-provided-by-Angus-Morrison-4-300x200.jpg 300w, https:\/\/hebridespeople.com\/staging\/wp-content\/uploads\/2023\/06\/Harris-Tarbert-_____-provided-by-Angus-Morrison-4-768x512.jpg 768w, https:\/\/hebridespeople.com\/staging\/wp-content\/uploads\/2023\/06\/Harris-Tarbert-_____-provided-by-Angus-Morrison-4-1536x1024.jpg 1536w, https:\/\/hebridespeople.com\/staging\/wp-content\/uploads\/2023\/06\/Harris-Tarbert-_____-provided-by-Angus-Morrison-4-18x12.jpg 18w, https:\/\/hebridespeople.com\/staging\/wp-content\/uploads\/2023\/06\/Harris-Tarbert-_____-provided-by-Angus-Morrison-4-1600x1066.jpg 1600w, https:\/\/hebridespeople.com\/staging\/wp-content\/uploads\/2023\/06\/Harris-Tarbert-_____-provided-by-Angus-Morrison-4.jpg 2000w\" sizes=\"auto, (max-width: 1024px) 100vw, 1024px\" \/><\/a><\/figure>\n\n<figure class=\"wp-block-image size-large has-custom-border eplus-wrapper\"><a href=\"https:\/\/hebridespeople.com\/staging\/wp-content\/uploads\/2023\/06\/Harris-Taransay-House.jpg\"><img loading=\"lazy\" decoding=\"async\" width=\"1024\" height=\"683\" data-id=\"5917\" src=\"https:\/\/hebridespeople.com\/staging\/wp-content\/uploads\/2023\/06\/Harris-Taransay-House-1024x683.jpg\" alt=\"\" class=\"wp-image-5917\" style=\"border-radius:0px\" srcset=\"https:\/\/hebridespeople.com\/staging\/wp-content\/uploads\/2023\/06\/Harris-Taransay-House-1024x683.jpg 1024w, https:\/\/hebridespeople.com\/staging\/wp-content\/uploads\/2023\/06\/Harris-Taransay-House-600x400.jpg 600w, https:\/\/hebridespeople.com\/staging\/wp-content\/uploads\/2023\/06\/Harris-Taransay-House-300x200.jpg 300w, https:\/\/hebridespeople.com\/staging\/wp-content\/uploads\/2023\/06\/Harris-Taransay-House-768x512.jpg 768w, https:\/\/hebridespeople.com\/staging\/wp-content\/uploads\/2023\/06\/Harris-Taransay-House-1536x1025.jpg 1536w, https:\/\/hebridespeople.com\/staging\/wp-content\/uploads\/2023\/06\/Harris-Taransay-House-18x12.jpg 18w, https:\/\/hebridespeople.com\/staging\/wp-content\/uploads\/2023\/06\/Harris-Taransay-House-1600x1067.jpg 1600w, https:\/\/hebridespeople.com\/staging\/wp-content\/uploads\/2023\/06\/Harris-Taransay-House.jpg 2000w\" sizes=\"auto, (max-width: 1024px) 100vw, 1024px\" \/><\/a><\/figure><\/figure><div class=\"wp-block-group eplus-wrapper has-tertiary-background-color has-background has-global-padding is-layout-constrained wp-container-core-group-is-layout-23b1a4dc wp-block-group-is-layout-constrained\" style=\"border-radius:0px;padding-top:var(--wp--preset--spacing--30);padding-right:var(--wp--preset--spacing--30);padding-bottom:var(--wp--preset--spacing--30);padding-left:var(--wp--preset--spacing--30)\"><h4 class=\"wp-block-heading eplus-wrapper\">An uair a tha thu a\u2019 t\u00f2iseachadh ri rannsachadh do theaghlach fh\u00e8in, \u2019s e an duilgheadas as motha c\u00e0it\u2019 an t\u00f2isich thu, agus \u2019s e am freagairt t\u00f2iseachadh le d\u2019 fhiosrachadh fh\u00e8in! <\/h4>\n\n<div class=\"wp-block-columns is-layout-flex wp-container-core-columns-is-layout-28f84493 wp-block-columns-is-layout-flex\"><div class=\"wp-block-column is-layout-flow wp-block-column-is-layout-flow\" style=\"flex-basis:50%\"><p class=\"eplus-wrapper\">Bruidhinn ri do ch\u00e0irdean agus cruthaich craobh-teaghlaich. Bu ch\u00f2ir dhut feuchainn ris an teaghlach a thoirt air ais gu toiseach an fhicheadamh linn, nuair a tha e comasach dhut coimhead ri na cl\u00e0ran oifigeil. Ma tha fios agad c\u00e0it an robh do shinnsearachd a\u2019 fuireach, seall ri na cunntasan-sluaigh, agus gheibh thu iad bho 1841 gu 1921. <\/p>\n\n<p class=\"eplus-wrapper\">Ma tha fios agad cuin a bha tachartas ann a bhuineas dha do theaghlach, tha e comasach dhut sealltainn ri leth-bhreac de na cl\u00e0ran air an eadar-l\u00econ a\u2019 dol air ais gu 1855 aig ScotlandsPeople, l\u00e0rach-l\u00ecn oifigeil Riaghaltas na h-Alba airson cl\u00e0ran agus tasglainn.<\/p>\n\n<p class=\"eplus-wrapper\">Ro 1855, \u2019s d\u00f2cha gum faigh thu fiosrachadh anns na Seann Chl\u00e0ran Eaglais, no OPR (Old Parochial Registers), no ann an cl\u00e0ran na h-Eaglaise Chaitligich. Anns na h-Eileanan Siar bha iad fada gun t\u00f2iseachadh a\u2019 cl\u00e0radh, agus an uair a th\u00f2isich iad bha t\u00f2rr thachartasan nach deach a chl\u00e0radh idir.<\/p>\n\n<p class=\"eplus-wrapper\"><a href=\"https:\/\/hebridespeople.com\/staging\/gd\/find-your-family\/genealogy-of-the-western-isles\/oral-tradition\/\" data-type=\"page\" data-id=\"13\">Faodaidh tu beul aithris a chleachdadh<\/a>, ann an riochd sgeulachdan anns an teaghlach agad, agus cuideachd ainmean teaghlaich, airson dearbhadh, no cuir an aghaidh, cuid de na tha anns na cl\u00e0ran. Tha am fiosrachadh air an l\u00e0rach-l\u00ecn seo air a chur ri ch\u00e8ile bho rannsachadh a tha <a href=\"https:\/\/hebridespeople.com\/staging\/gd\/about-hebrides-people\/bill-chris-lawson\/\" data-type=\"page\" data-id=\"3237\">Bill Lawson air a bhith a\u2019 d\u00e8anamh cha mh\u00f2r fad a bheatha<\/a>.<\/p><\/div>\n\n<div class=\"wp-block-column is-vertically-aligned-top is-layout-flow wp-block-column-is-layout-flow\" style=\"flex-basis:50%\"><figure class=\"wp-block-image size-large has-custom-border eplus-wrapper\"><a href=\"https:\/\/hebridespeople.com\/staging\/wp-content\/uploads\/2023\/06\/Harris-Tarbert-_____-provided-by-Angus-Morrison-3.jpg\"><img loading=\"lazy\" decoding=\"async\" width=\"1024\" height=\"682\" src=\"https:\/\/hebridespeople.com\/staging\/wp-content\/uploads\/2023\/06\/Harris-Tarbert-_____-provided-by-Angus-Morrison-3-1024x682.jpg\" alt=\"\" class=\"wp-image-5927\" style=\"border-radius:0px\" srcset=\"https:\/\/hebridespeople.com\/staging\/wp-content\/uploads\/2023\/06\/Harris-Tarbert-_____-provided-by-Angus-Morrison-3-1024x682.jpg 1024w, https:\/\/hebridespeople.com\/staging\/wp-content\/uploads\/2023\/06\/Harris-Tarbert-_____-provided-by-Angus-Morrison-3-600x400.jpg 600w, https:\/\/hebridespeople.com\/staging\/wp-content\/uploads\/2023\/06\/Harris-Tarbert-_____-provided-by-Angus-Morrison-3-300x200.jpg 300w, https:\/\/hebridespeople.com\/staging\/wp-content\/uploads\/2023\/06\/Harris-Tarbert-_____-provided-by-Angus-Morrison-3-768x512.jpg 768w, https:\/\/hebridespeople.com\/staging\/wp-content\/uploads\/2023\/06\/Harris-Tarbert-_____-provided-by-Angus-Morrison-3-1536x1024.jpg 1536w, https:\/\/hebridespeople.com\/staging\/wp-content\/uploads\/2023\/06\/Harris-Tarbert-_____-provided-by-Angus-Morrison-3-18x12.jpg 18w, https:\/\/hebridespeople.com\/staging\/wp-content\/uploads\/2023\/06\/Harris-Tarbert-_____-provided-by-Angus-Morrison-3-1600x1066.jpg 1600w, https:\/\/hebridespeople.com\/staging\/wp-content\/uploads\/2023\/06\/Harris-Tarbert-_____-provided-by-Angus-Morrison-3.jpg 2000w\" sizes=\"auto, (max-width: 1024px) 100vw, 1024px\" \/><\/a><\/figure><\/div><\/div><\/div><div style=\"height:20px\" aria-hidden=\"true\" class=\"wp-block-spacer eplus-wrapper\"><\/div><div class=\"wp-block-media-text is-stacked-on-mobile has-tertiary-background-color has-background eplus-wrapper\" style=\"margin-top:0;margin-right:0;margin-bottom:0;margin-left:0;padding-top:0;padding-right:0;padding-bottom:0;padding-left:0\"><figure class=\"wp-block-media-text__media\"><img loading=\"lazy\" decoding=\"async\" width=\"1024\" height=\"650\" src=\"https:\/\/hebridespeople.com\/staging\/wp-content\/uploads\/2023\/05\/38917.jpg\" alt=\"\" class=\"wp-image-5666 size-full\" srcset=\"https:\/\/hebridespeople.com\/staging\/wp-content\/uploads\/2023\/05\/38917.jpg 1024w, https:\/\/hebridespeople.com\/staging\/wp-content\/uploads\/2023\/05\/38917-600x381.jpg 600w, https:\/\/hebridespeople.com\/staging\/wp-content\/uploads\/2023\/05\/38917-300x190.jpg 300w, https:\/\/hebridespeople.com\/staging\/wp-content\/uploads\/2023\/05\/38917-768x488.jpg 768w, https:\/\/hebridespeople.com\/staging\/wp-content\/uploads\/2023\/05\/38917-18x12.jpg 18w, https:\/\/hebridespeople.com\/staging\/wp-content\/uploads\/2023\/05\/38917-96x61.jpg 96w, https:\/\/hebridespeople.com\/staging\/wp-content\/uploads\/2023\/05\/38917-128x81.jpg 128w\" sizes=\"auto, (max-width: 1024px) 100vw, 1024px\" \/><\/figure><div class=\"wp-block-media-text__content\"><div class=\"wp-block-group has-tertiary-background-color has-background eplus-wrapper has-global-padding is-layout-constrained wp-container-core-group-is-layout-4fb826bc wp-block-group-is-layout-constrained\" style=\"border-radius:10px;padding-top:var(--wp--preset--spacing--30);padding-right:0;padding-bottom:var(--wp--preset--spacing--30);padding-left:0\"><h2 class=\"wp-block-heading eplus-wrapper\">Rannsaich st\u00f2ras Hiort an asgaidh<\/h2>\n\n<p class=\"eplus-wrapper\">Tha toraidhean an st\u00f2r-d\u00e0ta airson Hiort air fad an asgaidh, le taing dhan a\u2019 Mhaoin-Dualchais. Thoir s\u00f9il air tasglann Hiort airson faicinn mar a tha an st\u00f2r-d\u00e0ta ag obair!<\/p>\n\n<div class=\"wp-block-buttons eplus-wrapper is-layout-flex wp-block-buttons-is-layout-flex\"><div class=\"wp-block-button eplus-wrapper\"><a class=\"wp-block-button__link has-base-color has-text-color wp-element-button\" href=\"https:\/\/hebridespeople.com\/staging\/gd\/resources\/genealogy-of-st-kilda\/\">Thoir s\u00f9il air Hiort<\/a><\/div><\/div><\/div><\/div><\/div><div class=\"gb-container gb-container-85ab3ed9\">\n<h2 class=\"wp-block-heading eplus-wrapper has-contrast-color has-text-color\" style=\"padding-left:0\">Ionnsaich Tuilleadh<\/h2>\n<\/div><div class=\"wp-block-group eplus-wrapper has-background has-global-padding is-layout-constrained wp-container-core-group-is-layout-5317b006 wp-block-group-is-layout-constrained\" style=\"border-radius:0px;background-color:#cdd1a569;padding-top:var(--wp--preset--spacing--30);padding-right:20px;padding-bottom:var(--wp--preset--spacing--30);padding-left:0px\"><div class=\"gb-grid-wrapper gb-grid-wrapper-55cc3e1a gb-query-loop-wrapper\"><div class=\"gb-grid-column gb-grid-column-b7528c7c gb-query-loop-item post-4298 page type-page status-publish has-post-thumbnail hentry\"><div class=\"gb-container gb-container-b7528c7c\" style=\"--background-image: url(https:\/\/hebridespeople.com\/staging\/wp-content\/uploads\/2023\/05\/thumbprint-lightgreen.png);\">\n<h2 class=\"gb-headline gb-headline-3c243578 resource-titles gb-headline-text\"><a href=\"https:\/\/hebridespeople.com\/staging\/gd\/find-your-family\/genealogy-of-the-western-isles\/names-of-the-western-isles\/\">Ainmean nan Eilean Siar<\/a><\/h2>\n\n<div class=\"gb-headline gb-headline-d04447cb gb-headline-text\">Chan eil ach \u2018s d\u00f2cha d\u00e0 cheud bliadhna bho th\u00f2isich muinntir nan Eilean Siar air cinnidhean a chleachdach. <a class=\"gb-dynamic-read-more\" href=\"https:\/\/hebridespeople.com\/staging\/gd\/find-your-family\/genealogy-of-the-western-isles\/names-of-the-western-isles\/\" aria-label=\"More on Names of the Western Isles\">Tuilleadh<\/a><\/div>\n<\/div><\/div><div class=\"gb-grid-column gb-grid-column-b7528c7c gb-query-loop-item post-4149 page type-page status-publish has-post-thumbnail hentry\"><div class=\"gb-container gb-container-b7528c7c\" style=\"--background-image: url(https:\/\/hebridespeople.com\/staging\/wp-content\/uploads\/2023\/05\/thumbprint-lightgreen.png);\">\n<h2 class=\"gb-headline gb-headline-3c243578 resource-titles gb-headline-text\"><a href=\"https:\/\/hebridespeople.com\/staging\/gd\/find-your-family\/genealogy-of-the-western-isles\/\">Sloinntearachd nan Eilean Siar<\/a><\/h2>\n\n<div class=\"gb-headline gb-headline-d04447cb gb-headline-text\">Aon de na trioblaidean as motha a tha againn ann a bhith rannsachadh teaghlaichean anns na h-Eileanan Siar \u2019s e cho gann... <a class=\"gb-dynamic-read-more\" href=\"https:\/\/hebridespeople.com\/staging\/gd\/find-your-family\/genealogy-of-the-western-isles\/\" aria-label=\"More on Western Isles Genealogy\">Tuilleadh<\/a><\/div>\n<\/div><\/div><div class=\"gb-grid-column gb-grid-column-b7528c7c gb-query-loop-item post-21 page type-page status-publish has-post-thumbnail hentry\"><div class=\"gb-container gb-container-b7528c7c\" style=\"--background-image: url(https:\/\/hebridespeople.com\/staging\/wp-content\/uploads\/2023\/05\/thumbprint-lightgreen.png);\">\n<h2 class=\"gb-headline gb-headline-3c243578 resource-titles gb-headline-text\"><a href=\"https:\/\/hebridespeople.com\/staging\/gd\/find-your-family\/genealogical-services\/\">Seirbhis Sloinntearachd \u2018C\u00f2 Leis Thu?\u2019<\/a><\/h2>\n\n<div class=\"gb-headline gb-headline-d04447cb gb-headline-text\">\u2018S urrain dhuit do shinnsearan \u00e0s na h-Eilean Siar a lorg tro ar seirbhis sloinntearachd, \u2018C\u00f2 Leis Thu?\u2019. <a class=\"gb-dynamic-read-more\" href=\"https:\/\/hebridespeople.com\/staging\/gd\/find-your-family\/genealogical-services\/\" aria-label=\"More on Genealogical Services\">Tuilleadh<\/a><\/div>\n<\/div><\/div><div class=\"gb-grid-column gb-grid-column-b7528c7c gb-query-loop-item post-13 page type-page status-publish has-post-thumbnail hentry\"><div class=\"gb-container gb-container-b7528c7c\" style=\"--background-image: url(https:\/\/hebridespeople.com\/staging\/wp-content\/uploads\/2023\/05\/thumbprint-lightgreen.png);\">\n<h2 class=\"gb-headline gb-headline-3c243578 resource-titles gb-headline-text\"><a href=\"https:\/\/hebridespeople.com\/staging\/gd\/find-your-family\/genealogy-of-the-western-isles\/oral-tradition\/\">Beul-Aithris<\/a><\/h2>\n\n<div class=\"gb-headline gb-headline-d04447cb gb-headline-text\">Le beul-aithris tha fiosrachadh agad bho eachdraidh-teaghlaich, \u00f2rain, sgeulachdan, agus tha e cuideachd a\u2019 cumail lorg air c\u00e0irdeas... <a class=\"gb-dynamic-read-more\" href=\"https:\/\/hebridespeople.com\/staging\/gd\/find-your-family\/genealogy-of-the-western-isles\/oral-tradition\/\" aria-label=\"More on Oral Tradition\">Tuilleadh<\/a><\/div>\n<\/div><\/div><div class=\"gb-grid-column gb-grid-column-b7528c7c gb-query-loop-item post-12 page type-page status-publish has-post-thumbnail hentry\"><div class=\"gb-container gb-container-b7528c7c\" style=\"--background-image: url(https:\/\/hebridespeople.com\/staging\/wp-content\/uploads\/2023\/05\/thumbprint-lightgreen.png);\">\n<h2 class=\"gb-headline gb-headline-3c243578 resource-titles gb-headline-text\"><a href=\"https:\/\/hebridespeople.com\/staging\/gd\/find-your-family\/genealogy-of-the-western-isles\/names\/\">A' Toirt \u00d2rdugh Air Ainmean<\/a><\/h2>\n\n<div class=\"gb-headline gb-headline-d04447cb gb-headline-text\">In using any written sources, it is essential to bear in mind that the people of the islands were overwhelmingly Gaelic speaking. These records were &#8230; <a class=\"gb-dynamic-read-more\" href=\"https:\/\/hebridespeople.com\/staging\/gd\/find-your-family\/genealogy-of-the-western-isles\/names\/\" aria-label=\"More on Name Standardisation\">Tuilleadh<\/a><\/div>\n<\/div><\/div><\/div><\/div>","protected":false},"excerpt":{"rendered":"<p>For the genealogy beginner the main problem is where to start, and the basic rule is to start with what you know! Talk to relatives and draw out a family tree. Your aim is to reach the early 1900s, when most records become publicly available. If you know where your ancestors lived, you may be [&hellip;]<\/p>","protected":false},"author":1,"featured_media":5928,"parent":3247,"menu_order":110,"comment_status":"closed","ping_status":"closed","template":"","meta":{"_editorskit_title_hidden":false,"_editorskit_reading_time":0,"_editorskit_is_block_options_detached":false,"_editorskit_block_options_position":"{}","footnotes":""},"class_list":["post-11","page","type-page","status-publish","has-post-thumbnail","hentry"],"yoast_head":"<!-- This site is optimized with the Yoast SEO plugin v25.2 - https:\/\/yoast.com\/wordpress\/plugins\/seo\/ -->\n<title>Getting Started - How to Find Your Island Ancestors - Hebrides People Staging<\/title>\n<meta name=\"description\" content=\"If you are looking for information about relatives from the Western Isles, we are here to help with our extensive archive.\" \/>\n<meta name=\"robots\" content=\"noindex, follow, max-snippet:-1, max-image-preview:large, max-video-preview:-1\" \/>\n<meta property=\"og:locale\" content=\"en_US\" \/>\n<meta property=\"og:type\" content=\"article\" \/>\n<meta property=\"og:title\" content=\"Getting Started - How to Find Your Island Ancestors - Hebrides People Staging\" \/>\n<meta property=\"og:description\" content=\"If you are looking for information about relatives from the Western Isles, we are here to help with our extensive archive.\" \/>\n<meta property=\"og:url\" content=\"https:\/\/hebridespeople.com\/staging\/gd\/find-your-family\/getting-started\/\" \/>\n<meta property=\"og:site_name\" content=\"Hebrides People Staging\" \/>\n<meta property=\"article:modified_time\" content=\"2025-05-27T10:43:46+00:00\" \/>\n<meta property=\"og:image\" content=\"https:\/\/hebridespeople.com\/staging\/wp-content\/uploads\/2023\/06\/Harris-Tarbert-_____-provided-by-Angus-Morrison-4.jpg\" \/>\n\t<meta property=\"og:image:width\" content=\"2000\" \/>\n\t<meta property=\"og:image:height\" content=\"1333\" \/>\n\t<meta property=\"og:image:type\" content=\"image\/jpeg\" \/>\n<meta name=\"twitter:card\" content=\"summary_large_image\" \/>\n<meta name=\"twitter:label1\" content=\"Est. reading time\" \/>\n\t<meta name=\"twitter:data1\" content=\"5 minutes\" \/>\n<script type=\"application\/ld+json\" class=\"yoast-schema-graph\">{\"@context\":\"https:\/\/schema.org\",\"@graph\":[{\"@type\":\"WebPage\",\"@id\":\"https:\/\/hebridespeople.com\/staging\/find-your-family\/getting-started\/\",\"url\":\"https:\/\/hebridespeople.com\/staging\/find-your-family\/getting-started\/\",\"name\":\"Getting Started - How to Find Your Island Ancestors - Hebrides People Staging\",\"isPartOf\":{\"@id\":\"https:\/\/hebridespeople.com\/staging\/#website\"},\"primaryImageOfPage\":{\"@id\":\"https:\/\/hebridespeople.com\/staging\/find-your-family\/getting-started\/#primaryimage\"},\"image\":{\"@id\":\"https:\/\/hebridespeople.com\/staging\/find-your-family\/getting-started\/#primaryimage\"},\"thumbnailUrl\":\"https:\/\/hebridespeople.com\/staging\/wp-content\/uploads\/2023\/06\/Harris-Tarbert-_____-provided-by-Angus-Morrison-4.jpg\",\"datePublished\":\"2010-09-16T12:02:12+00:00\",\"dateModified\":\"2025-05-27T10:43:46+00:00\",\"description\":\"If you are looking for information about relatives from the Western Isles, we are here to help with our extensive archive.\",\"breadcrumb\":{\"@id\":\"https:\/\/hebridespeople.com\/staging\/find-your-family\/getting-started\/#breadcrumb\"},\"inLanguage\":\"gd\",\"potentialAction\":[{\"@type\":\"ReadAction\",\"target\":[\"https:\/\/hebridespeople.com\/staging\/find-your-family\/getting-started\/\"]}]},{\"@type\":\"ImageObject\",\"inLanguage\":\"gd\",\"@id\":\"https:\/\/hebridespeople.com\/staging\/find-your-family\/getting-started\/#primaryimage\",\"url\":\"https:\/\/hebridespeople.com\/staging\/wp-content\/uploads\/2023\/06\/Harris-Tarbert-_____-provided-by-Angus-Morrison-4.jpg\",\"contentUrl\":\"https:\/\/hebridespeople.com\/staging\/wp-content\/uploads\/2023\/06\/Harris-Tarbert-_____-provided-by-Angus-Morrison-4.jpg\",\"width\":2000,\"height\":1333},{\"@type\":\"BreadcrumbList\",\"@id\":\"https:\/\/hebridespeople.com\/staging\/find-your-family\/getting-started\/#breadcrumb\",\"itemListElement\":[{\"@type\":\"ListItem\",\"position\":1,\"name\":\"Home\",\"item\":\"https:\/\/hebridespeople.com\/staging\/\"},{\"@type\":\"ListItem\",\"position\":2,\"name\":\"Find your family\",\"item\":\"https:\/\/hebridespeople.com\/staging\/find-your-family\/\"},{\"@type\":\"ListItem\",\"position\":3,\"name\":\"Getting Started\"}]},{\"@type\":\"WebSite\",\"@id\":\"https:\/\/hebridespeople.com\/staging\/#website\",\"url\":\"https:\/\/hebridespeople.com\/staging\/\",\"name\":\"Hebrides People Staging\",\"description\":\"Discover your Hebridean roots\",\"potentialAction\":[{\"@type\":\"SearchAction\",\"target\":{\"@type\":\"EntryPoint\",\"urlTemplate\":\"https:\/\/hebridespeople.com\/staging\/?s={search_term_string}\"},\"query-input\":{\"@type\":\"PropertyValueSpecification\",\"valueRequired\":true,\"valueName\":\"search_term_string\"}}],\"inLanguage\":\"gd\"}]}<\/script>\n<!-- \/ Yoast SEO plugin. -->","yoast_head_json":{"title":"Getting Started - How to Find Your Island Ancestors - Hebrides People Staging","description":"If you are looking for information about relatives from the Western Isles, we are here to help with our extensive archive.","robots":{"index":"noindex","follow":"follow","max-snippet":"max-snippet:-1","max-image-preview":"max-image-preview:large","max-video-preview":"max-video-preview:-1"},"og_locale":"en_US","og_type":"article","og_title":"Getting Started - How to Find Your Island Ancestors - Hebrides People Staging","og_description":"If you are looking for information about relatives from the Western Isles, we are here to help with our extensive archive.","og_url":"https:\/\/hebridespeople.com\/staging\/gd\/find-your-family\/getting-started\/","og_site_name":"Hebrides People Staging","article_modified_time":"2025-05-27T10:43:46+00:00","og_image":[{"width":2000,"height":1333,"url":"https:\/\/hebridespeople.com\/staging\/wp-content\/uploads\/2023\/06\/Harris-Tarbert-_____-provided-by-Angus-Morrison-4.jpg","type":"image\/jpeg"}],"twitter_card":"summary_large_image","twitter_misc":{"Est. reading time":"5 minutes"},"schema":{"@context":"https:\/\/schema.org","@graph":[{"@type":"WebPage","@id":"https:\/\/hebridespeople.com\/staging\/find-your-family\/getting-started\/","url":"https:\/\/hebridespeople.com\/staging\/find-your-family\/getting-started\/","name":"Getting Started - How to Find Your Island Ancestors - Hebrides People Staging","isPartOf":{"@id":"https:\/\/hebridespeople.com\/staging\/#website"},"primaryImageOfPage":{"@id":"https:\/\/hebridespeople.com\/staging\/find-your-family\/getting-started\/#primaryimage"},"image":{"@id":"https:\/\/hebridespeople.com\/staging\/find-your-family\/getting-started\/#primaryimage"},"thumbnailUrl":"https:\/\/hebridespeople.com\/staging\/wp-content\/uploads\/2023\/06\/Harris-Tarbert-_____-provided-by-Angus-Morrison-4.jpg","datePublished":"2010-09-16T12:02:12+00:00","dateModified":"2025-05-27T10:43:46+00:00","description":"If you are looking for information about relatives from the Western Isles, we are here to help with our extensive archive.","breadcrumb":{"@id":"https:\/\/hebridespeople.com\/staging\/find-your-family\/getting-started\/#breadcrumb"},"inLanguage":"gd","potentialAction":[{"@type":"ReadAction","target":["https:\/\/hebridespeople.com\/staging\/find-your-family\/getting-started\/"]}]},{"@type":"ImageObject","inLanguage":"gd","@id":"https:\/\/hebridespeople.com\/staging\/find-your-family\/getting-started\/#primaryimage","url":"https:\/\/hebridespeople.com\/staging\/wp-content\/uploads\/2023\/06\/Harris-Tarbert-_____-provided-by-Angus-Morrison-4.jpg","contentUrl":"https:\/\/hebridespeople.com\/staging\/wp-content\/uploads\/2023\/06\/Harris-Tarbert-_____-provided-by-Angus-Morrison-4.jpg","width":2000,"height":1333},{"@type":"BreadcrumbList","@id":"https:\/\/hebridespeople.com\/staging\/find-your-family\/getting-started\/#breadcrumb","itemListElement":[{"@type":"ListItem","position":1,"name":"Home","item":"https:\/\/hebridespeople.com\/staging\/"},{"@type":"ListItem","position":2,"name":"Find your family","item":"https:\/\/hebridespeople.com\/staging\/find-your-family\/"},{"@type":"ListItem","position":3,"name":"Getting Started"}]},{"@type":"WebSite","@id":"https:\/\/hebridespeople.com\/staging\/#website","url":"https:\/\/hebridespeople.com\/staging\/","name":"Hebrides People Staging","description":"Discover your Hebridean roots","potentialAction":[{"@type":"SearchAction","target":{"@type":"EntryPoint","urlTemplate":"https:\/\/hebridespeople.com\/staging\/?s={search_term_string}"},"query-input":{"@type":"PropertyValueSpecification","valueRequired":true,"valueName":"search_term_string"}}],"inLanguage":"gd"}]}},"_links":{"self":[{"href":"https:\/\/hebridespeople.com\/staging\/gd\/wp-json\/wp\/v2\/pages\/11","targetHints":{"allow":["GET"]}}],"collection":[{"href":"https:\/\/hebridespeople.com\/staging\/gd\/wp-json\/wp\/v2\/pages"}],"about":[{"href":"https:\/\/hebridespeople.com\/staging\/gd\/wp-json\/wp\/v2\/types\/page"}],"author":[{"embeddable":true,"href":"https:\/\/hebridespeople.com\/staging\/gd\/wp-json\/wp\/v2\/users\/1"}],"replies":[{"embeddable":true,"href":"https:\/\/hebridespeople.com\/staging\/gd\/wp-json\/wp\/v2\/comments?post=11"}],"version-history":[{"count":28,"href":"https:\/\/hebridespeople.com\/staging\/gd\/wp-json\/wp\/v2\/pages\/11\/revisions"}],"predecessor-version":[{"id":14730,"href":"https:\/\/hebridespeople.com\/staging\/gd\/wp-json\/wp\/v2\/pages\/11\/revisions\/14730"}],"up":[{"embeddable":true,"href":"https:\/\/hebridespeople.com\/staging\/gd\/wp-json\/wp\/v2\/pages\/3247"}],"wp:featuredmedia":[{"embeddable":true,"href":"https:\/\/hebridespeople.com\/staging\/gd\/wp-json\/wp\/v2\/media\/5928"}],"wp:attachment":[{"href":"https:\/\/hebridespeople.com\/staging\/gd\/wp-json\/wp\/v2\/media?parent=11"}],"curies":[{"name":"wp","href":"https:\/\/api.w.org\/{rel}","templated":true}]}}