{"id":12,"date":"2010-09-16T12:02:12","date_gmt":"2010-09-16T11:02:12","guid":{"rendered":"\/?p=12"},"modified":"2023-11-22T12:50:44","modified_gmt":"2023-11-22T12:50:44","slug":"names","status":"publish","type":"page","link":"https:\/\/hebridespeople.com\/staging\/gd\/find-your-family\/genealogy-of-the-western-isles\/names\/","title":{"rendered":"A' Toirt \u00d2rdugh Air Ainmean"},"content":{"rendered":"<div class=\"wp-block-group eplus-wrapper has-tertiary-background-color has-background has-global-padding is-layout-constrained wp-container-core-group-is-layout-23b1a4dc wp-block-group-is-layout-constrained\" style=\"border-radius:0px;padding-top:var(--wp--preset--spacing--30);padding-right:var(--wp--preset--spacing--30);padding-bottom:var(--wp--preset--spacing--30);padding-left:var(--wp--preset--spacing--30)\"><div class=\"wp-block-columns eplus-wrapper is-layout-flex wp-container-core-columns-is-layout-28f84493 wp-block-columns-is-layout-flex\"><div class=\"wp-block-column is-vertically-aligned-center eplus-wrapper is-layout-flow wp-block-column-is-layout-flow\" style=\"flex-basis:78px\"><figure class=\"wp-block-image aligncenter size-full is-resized eplus-wrapper wp-container-content-8ca190d9\"><img loading=\"lazy\" decoding=\"async\" width=\"150\" height=\"150\" src=\"https:\/\/hebridespeople.com\/staging\/wp-content\/uploads\/2023\/08\/fingerprint_lightgreen_150.png\" alt=\"\" class=\"wp-image-6985\" style=\"object-fit:contain;width:78px;height:78px\" srcset=\"https:\/\/hebridespeople.com\/staging\/wp-content\/uploads\/2023\/08\/fingerprint_lightgreen_150.png 150w, https:\/\/hebridespeople.com\/staging\/wp-content\/uploads\/2023\/08\/fingerprint_lightgreen_150-100x100.png 100w, https:\/\/hebridespeople.com\/staging\/wp-content\/uploads\/2023\/08\/fingerprint_lightgreen_150-12x12.png 12w, https:\/\/hebridespeople.com\/staging\/wp-content\/uploads\/2023\/08\/fingerprint_lightgreen_150-96x96.png 96w, https:\/\/hebridespeople.com\/staging\/wp-content\/uploads\/2023\/08\/fingerprint_lightgreen_150-38x38.png 38w\" sizes=\"auto, (max-width: 150px) 100vw, 150px\" \/><\/figure><\/div>\n\n<div class=\"wp-block-column eplus-wrapper is-layout-flow wp-block-column-is-layout-flow\" style=\"flex-basis:100%\"><h4 class=\"wp-block-heading eplus-wrapper\">In using any written sources, it is essential to bear in mind that the people of the islands were overwhelmingly Gaelic speaking.  <\/h4><\/div><\/div><\/div><p>These records were kept by English-speakers, whose knowledge and interest in the local people was often slight.<\/p><p class=\"eplus-wrapper\">Bha mar a bha an t-ainm air a chl\u00e0radh a r\u00e8ir toil an duine a bha ga sgr\u00ecobhadh s\u00ecos, agus mar a bha na fir-cl\u00e0raidh ag atharrachadh, bha na h-ainmean ag atharrachadh cuideachd. A thuilleadh air a\u2019 mheasgachadh mar Catherine\u2014Kate agus Margaret\u2014Peggy a ch\u00ec thu ann an sg\u00ecre sam bith, bha na fir-cl\u00e0raidh anns na h-eileanan a\u2019 measgachadh Angus\u2014Aeneas, Finlay\u2014Philip, Effie\u2014Euphemia\u2014Henrietta, Marion\u2014Sarah, Gormelia\u2014Dorcas\u2014Dorothy, Rebecca\u2014Betsy\u2014Sophie, agus mar sin air adhart. Aig amannan gheibh thu boireannaich air an cl\u00e0radh le ainm eadar-dhealaichte aig \u00e0m am breith, \u00e0m am p\u00f2sadh, agus aig \u00e0m am b\u00e0is.<\/p><p class=\"eplus-wrapper\">Air sg\u00e0th nan duilgheadasan sin, cha robh sinn a\u2019 faicinn adhbhar sam bith airson ainmean dhaoine a chl\u00e0radh mar a tha iad air an cl\u00e0radh anns na cl\u00e0ran, agus airson sin ch\u00f9m sinn ri aon d\u00f2igh air litreachadh gach ainm, agus ged nach eil seo ceart a bharrachd, aig a char as lugha tha na h-ainmean air an litreachadh anns an aon d\u00f2igh. Leis a sin tha sinn a\u2019 litreachadh Christina, Christian, Christine, Chirsty, Christy, agus msaa., mar Kirsty, am fuaimneachadh as fhaisg air an ainm G\u00e0idhlig, Ciorstag, no Cairistiona.<\/p><p class=\"eplus-wrapper\">Tha trioblaid ann cuideachd le cuin a chaidh daoine a bhreith anns na h-eileanan. Tha na cl\u00e0ran s\u00ecobhalta airson p\u00f2sadh agus b\u00e0s an \u00ecre mhath ceart, ach gu math tric ce\u00e0rr airson breith duine. Chan eil na cl\u00e0ran eaglais a\u2019 d\u00e8anamh sgaradh eadar breith agus baisteadh leanabh, agus anns na h-\u00e0itichean iomallach dh\u2019fhaodadh seo a bhith gu math eadar-dhealaichte. Tha fios gu bheil na h-aoisean anns na cunntasan-sluaigh gu math ce\u00e0rr aig amannan, ach mar as tric anns na cl\u00e0ran againne tha sinne air cleachdadh an aois as freagarraich air a\u2019 chunntas-sluaigh agus air cl\u00e0ran na h-eaglais suas gu 1855. Tha sinn ag innse cuin a bh\u00e0saich daoine suas gu 1920, agus tha iad sin, agus fiosrachadh air p\u00f2saidhean a\u2019 tighinn bho na cl\u00e0ran oifigeil. Gheibh sinn leth-bhreac dhan fhiosrachadh sin dhuibh, ma tha sibh dha iarraidh, airson beagan cosgais.<\/p><p class=\"eplus-wrapper\">Airson tuilleadh fiosrachaidh chleachd sinn p\u00e0ipearan oighreachd agus p\u00e0ipearan eile, far a bheil iad rim faighinn, agus tha iad seo tric a\u2019 sealltainn nan ainmean mar ainmean-teaghlaich. Tha sinn cuideachd air cleachdadh beul-aithris anns an st\u00f2ras againn. Gu tric tha daoine a tha rannsachadh gu proifeasanta a\u2019 d\u00e8anamh d\u00ecmeas air beul-aithris, ach feumar cuimhneachadh gun t\u00e0inig am fiosrachadh \u00e0s a\u2019 choimhearsnachd, agus gu bheil e nas d\u00f2cha a bhith ceart na nithean a chaidh an sgr\u00ecobhadh le coigrich. Tha beul-aithris ri toirt cothrom dhuinn a dhol air ais ginealaich ann an teaghlaichean, gu toiseach no meadhan an ochdamh linn deug, agus uaireannan nas fhaide air ais na sin.<\/p><p class=\"eplus-wrapper\">Ma tha tuilleadh fiosrachaidh a dhith oirbh mu dheidhinn an d\u00f2igh anns na chruthaich sinn an st\u00f2ras, bidh sinn toilichte freagairt a thoirt dhuibh.<\/p><div style=\"height:20px\" aria-hidden=\"true\" class=\"wp-block-spacer eplus-wrapper\"><\/div><h2 class=\"wp-block-heading eplus-wrapper has-contrast-color has-text-color\" style=\"padding-left:0\">Ionnsaich Tuilleadh<\/h2><div class=\"wp-block-group eplus-wrapper has-background has-global-padding is-layout-constrained wp-container-core-group-is-layout-5317b006 wp-block-group-is-layout-constrained\" style=\"border-radius:0px;background-color:#cdd1a569;padding-top:var(--wp--preset--spacing--30);padding-right:20px;padding-bottom:var(--wp--preset--spacing--30);padding-left:0px\"><div class=\"gb-grid-wrapper gb-grid-wrapper-55cc3e1a gb-query-loop-wrapper\"><div class=\"gb-grid-column gb-grid-column-b7528c7c gb-query-loop-item post-4298 page type-page status-publish has-post-thumbnail hentry\"><div class=\"gb-container gb-container-b7528c7c\" style=\"--background-image: url(https:\/\/hebridespeople.com\/staging\/wp-content\/uploads\/2023\/05\/thumbprint-lightgreen.png);\">\n<h2 class=\"gb-headline gb-headline-3c243578 resource-titles gb-headline-text\"><a href=\"https:\/\/hebridespeople.com\/staging\/gd\/find-your-family\/genealogy-of-the-western-isles\/names-of-the-western-isles\/\">Ainmean nan Eilean Siar<\/a><\/h2>\n\n<div class=\"gb-headline gb-headline-d04447cb gb-headline-text\">Chan eil ach \u2018s d\u00f2cha d\u00e0 cheud bliadhna bho th\u00f2isich muinntir nan Eilean Siar air cinnidhean a chleachdach. <a class=\"gb-dynamic-read-more\" href=\"https:\/\/hebridespeople.com\/staging\/gd\/find-your-family\/genealogy-of-the-western-isles\/names-of-the-western-isles\/\" aria-label=\"More on Names of the Western Isles\">Tuilleadh<\/a><\/div>\n<\/div><\/div><div class=\"gb-grid-column gb-grid-column-b7528c7c gb-query-loop-item post-4149 page type-page status-publish has-post-thumbnail hentry\"><div class=\"gb-container gb-container-b7528c7c\" style=\"--background-image: url(https:\/\/hebridespeople.com\/staging\/wp-content\/uploads\/2023\/05\/thumbprint-lightgreen.png);\">\n<h2 class=\"gb-headline gb-headline-3c243578 resource-titles gb-headline-text\"><a href=\"https:\/\/hebridespeople.com\/staging\/gd\/find-your-family\/genealogy-of-the-western-isles\/\">Sloinntearachd nan Eilean Siar<\/a><\/h2>\n\n<div class=\"gb-headline gb-headline-d04447cb gb-headline-text\">Aon de na trioblaidean as motha a tha againn ann a bhith rannsachadh teaghlaichean anns na h-Eileanan Siar \u2019s e cho gann... <a class=\"gb-dynamic-read-more\" href=\"https:\/\/hebridespeople.com\/staging\/gd\/find-your-family\/genealogy-of-the-western-isles\/\" aria-label=\"More on Western Isles Genealogy\">Tuilleadh<\/a><\/div>\n<\/div><\/div><div class=\"gb-grid-column gb-grid-column-b7528c7c gb-query-loop-item post-21 page type-page status-publish has-post-thumbnail hentry\"><div class=\"gb-container gb-container-b7528c7c\" style=\"--background-image: url(https:\/\/hebridespeople.com\/staging\/wp-content\/uploads\/2023\/05\/thumbprint-lightgreen.png);\">\n<h2 class=\"gb-headline gb-headline-3c243578 resource-titles gb-headline-text\"><a href=\"https:\/\/hebridespeople.com\/staging\/gd\/find-your-family\/genealogical-services\/\">Seirbhis Sloinntearachd \u2018C\u00f2 Leis Thu?\u2019<\/a><\/h2>\n\n<div class=\"gb-headline gb-headline-d04447cb gb-headline-text\">\u2018S urrain dhuit do shinnsearan \u00e0s na h-Eilean Siar a lorg tro ar seirbhis sloinntearachd, \u2018C\u00f2 Leis Thu?\u2019. <a class=\"gb-dynamic-read-more\" href=\"https:\/\/hebridespeople.com\/staging\/gd\/find-your-family\/genealogical-services\/\" aria-label=\"More on Genealogical Services\">Tuilleadh<\/a><\/div>\n<\/div><\/div><div class=\"gb-grid-column gb-grid-column-b7528c7c gb-query-loop-item post-13 page type-page status-publish has-post-thumbnail hentry\"><div class=\"gb-container gb-container-b7528c7c\" style=\"--background-image: url(https:\/\/hebridespeople.com\/staging\/wp-content\/uploads\/2023\/05\/thumbprint-lightgreen.png);\">\n<h2 class=\"gb-headline gb-headline-3c243578 resource-titles gb-headline-text\"><a href=\"https:\/\/hebridespeople.com\/staging\/gd\/find-your-family\/genealogy-of-the-western-isles\/oral-tradition\/\">Beul-Aithris<\/a><\/h2>\n\n<div class=\"gb-headline gb-headline-d04447cb gb-headline-text\">Le beul-aithris tha fiosrachadh agad bho eachdraidh-teaghlaich, \u00f2rain, sgeulachdan, agus tha e cuideachd a\u2019 cumail lorg air c\u00e0irdeas... <a class=\"gb-dynamic-read-more\" href=\"https:\/\/hebridespeople.com\/staging\/gd\/find-your-family\/genealogy-of-the-western-isles\/oral-tradition\/\" aria-label=\"More on Oral Tradition\">Tuilleadh<\/a><\/div>\n<\/div><\/div><\/div><\/div><div style=\"height:20px\" aria-hidden=\"true\" class=\"wp-block-spacer eplus-wrapper\"><\/div><div class=\"wp-block-media-text is-stacked-on-mobile has-tertiary-background-color has-background eplus-wrapper\" style=\"margin-top:0;margin-right:0;margin-bottom:0;margin-left:0;padding-top:0;padding-right:0;padding-bottom:0;padding-left:0\"><figure class=\"wp-block-media-text__media\"><img loading=\"lazy\" decoding=\"async\" width=\"1024\" height=\"650\" src=\"https:\/\/hebridespeople.com\/staging\/wp-content\/uploads\/2023\/05\/38917.jpg\" alt=\"\" class=\"wp-image-5666 size-full\" srcset=\"https:\/\/hebridespeople.com\/staging\/wp-content\/uploads\/2023\/05\/38917.jpg 1024w, https:\/\/hebridespeople.com\/staging\/wp-content\/uploads\/2023\/05\/38917-600x381.jpg 600w, https:\/\/hebridespeople.com\/staging\/wp-content\/uploads\/2023\/05\/38917-300x190.jpg 300w, https:\/\/hebridespeople.com\/staging\/wp-content\/uploads\/2023\/05\/38917-768x488.jpg 768w, https:\/\/hebridespeople.com\/staging\/wp-content\/uploads\/2023\/05\/38917-18x12.jpg 18w, https:\/\/hebridespeople.com\/staging\/wp-content\/uploads\/2023\/05\/38917-96x61.jpg 96w, https:\/\/hebridespeople.com\/staging\/wp-content\/uploads\/2023\/05\/38917-128x81.jpg 128w\" sizes=\"auto, (max-width: 1024px) 100vw, 1024px\" \/><\/figure><div class=\"wp-block-media-text__content\"><div class=\"wp-block-group has-tertiary-background-color has-background eplus-wrapper has-global-padding is-layout-constrained wp-container-core-group-is-layout-4fb826bc wp-block-group-is-layout-constrained\" style=\"border-radius:10px;padding-top:var(--wp--preset--spacing--30);padding-right:0;padding-bottom:var(--wp--preset--spacing--30);padding-left:0\"><h2 class=\"wp-block-heading eplus-wrapper\">Rannsaich st\u00f2ras Hiort an asgaidh<\/h2>\n\n<p class=\"eplus-wrapper\">Tha toraidhean an st\u00f2r-d\u00e0ta airson Hiort air fad an asgaidh, le taing dhan a\u2019 Mhaoin-Dualchais. Thoir s\u00f9il air tasglann Hiort airson faicinn mar a tha an st\u00f2r-d\u00e0ta ag obair!<\/p>\n\n<div class=\"wp-block-buttons eplus-wrapper is-layout-flex wp-block-buttons-is-layout-flex\"><div class=\"wp-block-button eplus-wrapper\"><a class=\"wp-block-button__link has-base-color has-text-color wp-element-button\" href=\"https:\/\/hebridespeople.com\/staging\/gd\/resources\/genealogy-of-st-kilda\/\">Thoir s\u00f9il air Hiort<\/a><\/div><\/div><\/div><\/div><\/div>","protected":false},"excerpt":{"rendered":"<p>In using any written sources, it is essential to bear in mind that the people of the islands were overwhelmingly Gaelic speaking. These records were kept by English-speakers, whose knowledge and interest in the local people was often slight. The translations of Gaelic names often depended on the whim of the individual registrar, and as [&hellip;]<\/p>","protected":false},"author":1,"featured_media":5928,"parent":4149,"menu_order":120,"comment_status":"closed","ping_status":"closed","template":"","meta":{"_editorskit_title_hidden":false,"_editorskit_reading_time":0,"_editorskit_is_block_options_detached":false,"_editorskit_block_options_position":"{}","footnotes":""},"class_list":["post-12","page","type-page","status-publish","has-post-thumbnail","hentry"],"yoast_head":"<!-- This site is optimized with the Yoast SEO plugin v25.2 - https:\/\/yoast.com\/wordpress\/plugins\/seo\/ -->\n<title>Name Standardisation - Hebrides People Staging<\/title>\n<meta name=\"robots\" content=\"noindex, follow, max-snippet:-1, max-image-preview:large, max-video-preview:-1\" \/>\n<meta property=\"og:locale\" content=\"en_US\" \/>\n<meta property=\"og:type\" content=\"article\" \/>\n<meta property=\"og:title\" content=\"Name Standardisation - Hebrides People Staging\" \/>\n<meta property=\"og:description\" content=\"In using any written sources, it is essential to bear in mind that the people of the islands were overwhelmingly Gaelic speaking. These records were kept by English-speakers, whose knowledge and interest in the local people was often slight. The translations of Gaelic names often depended on the whim of the individual registrar, and as [&hellip;]\" \/>\n<meta property=\"og:url\" content=\"https:\/\/hebridespeople.com\/staging\/gd\/find-your-family\/genealogy-of-the-western-isles\/names\/\" \/>\n<meta property=\"og:site_name\" content=\"Hebrides People Staging\" \/>\n<meta property=\"article:modified_time\" content=\"2023-11-22T12:50:44+00:00\" \/>\n<meta property=\"og:image\" content=\"https:\/\/hebridespeople.com\/staging\/wp-content\/uploads\/2023\/06\/Harris-Tarbert-_____-provided-by-Angus-Morrison-4.jpg\" \/>\n\t<meta property=\"og:image:width\" content=\"2000\" \/>\n\t<meta property=\"og:image:height\" content=\"1333\" \/>\n\t<meta property=\"og:image:type\" content=\"image\/jpeg\" \/>\n<meta name=\"twitter:card\" content=\"summary_large_image\" \/>\n<meta name=\"twitter:label1\" content=\"Est. reading time\" \/>\n\t<meta name=\"twitter:data1\" content=\"3 minutes\" \/>\n<script type=\"application\/ld+json\" class=\"yoast-schema-graph\">{\"@context\":\"https:\/\/schema.org\",\"@graph\":[{\"@type\":\"WebPage\",\"@id\":\"https:\/\/hebridespeople.com\/staging\/find-your-family\/genealogy-of-the-western-isles\/names\/\",\"url\":\"https:\/\/hebridespeople.com\/staging\/find-your-family\/genealogy-of-the-western-isles\/names\/\",\"name\":\"Name Standardisation - Hebrides People Staging\",\"isPartOf\":{\"@id\":\"https:\/\/hebridespeople.com\/staging\/#website\"},\"primaryImageOfPage\":{\"@id\":\"https:\/\/hebridespeople.com\/staging\/find-your-family\/genealogy-of-the-western-isles\/names\/#primaryimage\"},\"image\":{\"@id\":\"https:\/\/hebridespeople.com\/staging\/find-your-family\/genealogy-of-the-western-isles\/names\/#primaryimage\"},\"thumbnailUrl\":\"https:\/\/hebridespeople.com\/staging\/wp-content\/uploads\/2023\/06\/Harris-Tarbert-_____-provided-by-Angus-Morrison-4.jpg\",\"datePublished\":\"2010-09-16T11:02:12+00:00\",\"dateModified\":\"2023-11-22T12:50:44+00:00\",\"breadcrumb\":{\"@id\":\"https:\/\/hebridespeople.com\/staging\/find-your-family\/genealogy-of-the-western-isles\/names\/#breadcrumb\"},\"inLanguage\":\"gd\",\"potentialAction\":[{\"@type\":\"ReadAction\",\"target\":[\"https:\/\/hebridespeople.com\/staging\/find-your-family\/genealogy-of-the-western-isles\/names\/\"]}]},{\"@type\":\"ImageObject\",\"inLanguage\":\"gd\",\"@id\":\"https:\/\/hebridespeople.com\/staging\/find-your-family\/genealogy-of-the-western-isles\/names\/#primaryimage\",\"url\":\"https:\/\/hebridespeople.com\/staging\/wp-content\/uploads\/2023\/06\/Harris-Tarbert-_____-provided-by-Angus-Morrison-4.jpg\",\"contentUrl\":\"https:\/\/hebridespeople.com\/staging\/wp-content\/uploads\/2023\/06\/Harris-Tarbert-_____-provided-by-Angus-Morrison-4.jpg\",\"width\":2000,\"height\":1333},{\"@type\":\"BreadcrumbList\",\"@id\":\"https:\/\/hebridespeople.com\/staging\/find-your-family\/genealogy-of-the-western-isles\/names\/#breadcrumb\",\"itemListElement\":[{\"@type\":\"ListItem\",\"position\":1,\"name\":\"Home\",\"item\":\"https:\/\/hebridespeople.com\/staging\/\"},{\"@type\":\"ListItem\",\"position\":2,\"name\":\"Find your family\",\"item\":\"https:\/\/hebridespeople.com\/staging\/find-your-family\/\"},{\"@type\":\"ListItem\",\"position\":3,\"name\":\"Western Isles Genealogy\",\"item\":\"https:\/\/hebridespeople.com\/staging\/find-your-family\/genealogy-of-the-western-isles\/\"},{\"@type\":\"ListItem\",\"position\":4,\"name\":\"Name Standardisation\"}]},{\"@type\":\"WebSite\",\"@id\":\"https:\/\/hebridespeople.com\/staging\/#website\",\"url\":\"https:\/\/hebridespeople.com\/staging\/\",\"name\":\"Hebrides People Staging\",\"description\":\"Discover your Hebridean roots\",\"potentialAction\":[{\"@type\":\"SearchAction\",\"target\":{\"@type\":\"EntryPoint\",\"urlTemplate\":\"https:\/\/hebridespeople.com\/staging\/?s={search_term_string}\"},\"query-input\":{\"@type\":\"PropertyValueSpecification\",\"valueRequired\":true,\"valueName\":\"search_term_string\"}}],\"inLanguage\":\"gd\"}]}<\/script>\n<!-- \/ Yoast SEO plugin. -->","yoast_head_json":{"title":"Name Standardisation - Hebrides People Staging","robots":{"index":"noindex","follow":"follow","max-snippet":"max-snippet:-1","max-image-preview":"max-image-preview:large","max-video-preview":"max-video-preview:-1"},"og_locale":"en_US","og_type":"article","og_title":"Name Standardisation - Hebrides People Staging","og_description":"In using any written sources, it is essential to bear in mind that the people of the islands were overwhelmingly Gaelic speaking. These records were kept by English-speakers, whose knowledge and interest in the local people was often slight. The translations of Gaelic names often depended on the whim of the individual registrar, and as [&hellip;]","og_url":"https:\/\/hebridespeople.com\/staging\/gd\/find-your-family\/genealogy-of-the-western-isles\/names\/","og_site_name":"Hebrides People Staging","article_modified_time":"2023-11-22T12:50:44+00:00","og_image":[{"width":2000,"height":1333,"url":"https:\/\/hebridespeople.com\/staging\/wp-content\/uploads\/2023\/06\/Harris-Tarbert-_____-provided-by-Angus-Morrison-4.jpg","type":"image\/jpeg"}],"twitter_card":"summary_large_image","twitter_misc":{"Est. reading time":"3 minutes"},"schema":{"@context":"https:\/\/schema.org","@graph":[{"@type":"WebPage","@id":"https:\/\/hebridespeople.com\/staging\/find-your-family\/genealogy-of-the-western-isles\/names\/","url":"https:\/\/hebridespeople.com\/staging\/find-your-family\/genealogy-of-the-western-isles\/names\/","name":"Name Standardisation - Hebrides People Staging","isPartOf":{"@id":"https:\/\/hebridespeople.com\/staging\/#website"},"primaryImageOfPage":{"@id":"https:\/\/hebridespeople.com\/staging\/find-your-family\/genealogy-of-the-western-isles\/names\/#primaryimage"},"image":{"@id":"https:\/\/hebridespeople.com\/staging\/find-your-family\/genealogy-of-the-western-isles\/names\/#primaryimage"},"thumbnailUrl":"https:\/\/hebridespeople.com\/staging\/wp-content\/uploads\/2023\/06\/Harris-Tarbert-_____-provided-by-Angus-Morrison-4.jpg","datePublished":"2010-09-16T11:02:12+00:00","dateModified":"2023-11-22T12:50:44+00:00","breadcrumb":{"@id":"https:\/\/hebridespeople.com\/staging\/find-your-family\/genealogy-of-the-western-isles\/names\/#breadcrumb"},"inLanguage":"gd","potentialAction":[{"@type":"ReadAction","target":["https:\/\/hebridespeople.com\/staging\/find-your-family\/genealogy-of-the-western-isles\/names\/"]}]},{"@type":"ImageObject","inLanguage":"gd","@id":"https:\/\/hebridespeople.com\/staging\/find-your-family\/genealogy-of-the-western-isles\/names\/#primaryimage","url":"https:\/\/hebridespeople.com\/staging\/wp-content\/uploads\/2023\/06\/Harris-Tarbert-_____-provided-by-Angus-Morrison-4.jpg","contentUrl":"https:\/\/hebridespeople.com\/staging\/wp-content\/uploads\/2023\/06\/Harris-Tarbert-_____-provided-by-Angus-Morrison-4.jpg","width":2000,"height":1333},{"@type":"BreadcrumbList","@id":"https:\/\/hebridespeople.com\/staging\/find-your-family\/genealogy-of-the-western-isles\/names\/#breadcrumb","itemListElement":[{"@type":"ListItem","position":1,"name":"Home","item":"https:\/\/hebridespeople.com\/staging\/"},{"@type":"ListItem","position":2,"name":"Find your family","item":"https:\/\/hebridespeople.com\/staging\/find-your-family\/"},{"@type":"ListItem","position":3,"name":"Western Isles Genealogy","item":"https:\/\/hebridespeople.com\/staging\/find-your-family\/genealogy-of-the-western-isles\/"},{"@type":"ListItem","position":4,"name":"Name Standardisation"}]},{"@type":"WebSite","@id":"https:\/\/hebridespeople.com\/staging\/#website","url":"https:\/\/hebridespeople.com\/staging\/","name":"Hebrides People Staging","description":"Discover your Hebridean roots","potentialAction":[{"@type":"SearchAction","target":{"@type":"EntryPoint","urlTemplate":"https:\/\/hebridespeople.com\/staging\/?s={search_term_string}"},"query-input":{"@type":"PropertyValueSpecification","valueRequired":true,"valueName":"search_term_string"}}],"inLanguage":"gd"}]}},"_links":{"self":[{"href":"https:\/\/hebridespeople.com\/staging\/gd\/wp-json\/wp\/v2\/pages\/12","targetHints":{"allow":["GET"]}}],"collection":[{"href":"https:\/\/hebridespeople.com\/staging\/gd\/wp-json\/wp\/v2\/pages"}],"about":[{"href":"https:\/\/hebridespeople.com\/staging\/gd\/wp-json\/wp\/v2\/types\/page"}],"author":[{"embeddable":true,"href":"https:\/\/hebridespeople.com\/staging\/gd\/wp-json\/wp\/v2\/users\/1"}],"replies":[{"embeddable":true,"href":"https:\/\/hebridespeople.com\/staging\/gd\/wp-json\/wp\/v2\/comments?post=12"}],"version-history":[{"count":32,"href":"https:\/\/hebridespeople.com\/staging\/gd\/wp-json\/wp\/v2\/pages\/12\/revisions"}],"predecessor-version":[{"id":8448,"href":"https:\/\/hebridespeople.com\/staging\/gd\/wp-json\/wp\/v2\/pages\/12\/revisions\/8448"}],"up":[{"embeddable":true,"href":"https:\/\/hebridespeople.com\/staging\/gd\/wp-json\/wp\/v2\/pages\/4149"}],"wp:featuredmedia":[{"embeddable":true,"href":"https:\/\/hebridespeople.com\/staging\/gd\/wp-json\/wp\/v2\/media\/5928"}],"wp:attachment":[{"href":"https:\/\/hebridespeople.com\/staging\/gd\/wp-json\/wp\/v2\/media?parent=12"}],"curies":[{"name":"wp","href":"https:\/\/api.w.org\/{rel}","templated":true}]}}