{"id":3247,"date":"2023-03-06T10:18:58","date_gmt":"2023-03-06T10:18:58","guid":{"rendered":"https:\/\/hebridespeople.com\/staging\/?page_id=3247"},"modified":"2025-05-27T10:40:50","modified_gmt":"2025-05-27T10:40:50","slug":"find-your-family","status":"publish","type":"page","link":"https:\/\/hebridespeople.com\/staging\/gd\/find-your-family\/","title":{"rendered":"Lorg Do Theaghlaich"},"content":{"rendered":"<div class=\"wp-block-group eplus-wrapper has-tertiary-background-color has-background has-global-padding is-layout-constrained wp-container-core-group-is-layout-23b1a4dc wp-block-group-is-layout-constrained\" style=\"border-radius:0px;padding-top:var(--wp--preset--spacing--30);padding-right:var(--wp--preset--spacing--30);padding-bottom:var(--wp--preset--spacing--30);padding-left:var(--wp--preset--spacing--30)\"><h3 class=\"wp-block-heading eplus-wrapper\">St\u00f2r-d\u00e0ta air-loidhne<\/h3>\n\n<p class=\"eplus-wrapper\">Gabhaidh an st\u00f2r-d\u00e0ta againn a rannsachadh air-loidhne, le fiosrachadh air c\u00f2rr is 100,000 pearsa bho na h-Eileanan Siar, bho mheadhan na 1700an suas gu 1920. \u2018S urrainn dhut fiosrachadh a lorg air do shinnsearan, agus gabhaidh cl\u00e0ran-teaghlaich agus n\u00f2taichean a luchdadh a-nuas<\/p>\n\n<div class=\"wp-block-buttons eplus-wrapper is-layout-flex wp-block-buttons-is-layout-flex\"><div class=\"wp-block-button eplus-wrapper\"><a class=\"wp-block-button__link has-base-color has-text-color wp-element-button\" href=\"https:\/\/hebridespeople.com\/staging\/gd\/find-your-family\/database\/\">Rannsaich an st\u00f2r-d\u00e0ta<\/a><\/div><\/div><\/div><div class=\"wp-block-group eplus-wrapper has-tertiary-background-color has-background has-global-padding is-layout-constrained wp-container-core-group-is-layout-23b1a4dc wp-block-group-is-layout-constrained\" style=\"border-radius:0px;padding-top:var(--wp--preset--spacing--30);padding-right:var(--wp--preset--spacing--30);padding-bottom:var(--wp--preset--spacing--30);padding-left:var(--wp--preset--spacing--30)\"><h3 class=\"wp-block-heading eplus-wrapper\">Seirbhis sloinntearachd<\/h3>\n\n<p class=\"eplus-wrapper\">\u2018S urrainn do Hebrides People do chuideachadh le do shinnsearachd sna h-Eileanan Siar a lorg. Tha an obair againn st\u00e8idhichte air c\u00f2rr is tr\u00ec-fichead bliadhna de s\u00e0r-rannsachadh a rinn Bill Lawson, ball de ASGRA agus Fellow de Chomann \u00c0rsairean na h-Alba.<\/p>\n\n<p class=\"eplus-wrapper\">\u2018S urrainn craobh-teaghlaich \u00f2rdanachadh airson duine sam bith le sinnsearachd sna h-Eileanan Siar tron t-seirbhis sloinntearachd againn, \u2018C\u00f2 Leis Thu?\u2019, agus \u2018s e tiodhlac bhr\u00e8agha a bhiodh ann. <\/p>\n\n<div class=\"wp-block-columns is-layout-flex wp-container-core-columns-is-layout-28f84493 wp-block-columns-is-layout-flex\"><div class=\"wp-block-column is-layout-flow wp-block-column-is-layout-flow\"><figure class=\"wp-block-image size-full eplus-wrapper\"><a href=\"https:\/\/hebridespeople.com\/staging\/wp-content\/uploads\/2023\/07\/A4-Pack-Example-scaled.jpg\"><img loading=\"lazy\" decoding=\"async\" width=\"2560\" height=\"1789\" src=\"https:\/\/hebridespeople.com\/staging\/wp-content\/uploads\/2023\/07\/A4-Pack-Example-scaled.jpg\" alt=\"\" class=\"wp-image-6464\" srcset=\"https:\/\/hebridespeople.com\/staging\/wp-content\/uploads\/2023\/07\/A4-Pack-Example-scaled.jpg 2560w, https:\/\/hebridespeople.com\/staging\/wp-content\/uploads\/2023\/07\/A4-Pack-Example-scaled-600x419.jpg 600w, https:\/\/hebridespeople.com\/staging\/wp-content\/uploads\/2023\/07\/A4-Pack-Example-300x210.jpg 300w, https:\/\/hebridespeople.com\/staging\/wp-content\/uploads\/2023\/07\/A4-Pack-Example-1024x716.jpg 1024w, https:\/\/hebridespeople.com\/staging\/wp-content\/uploads\/2023\/07\/A4-Pack-Example-768x537.jpg 768w, https:\/\/hebridespeople.com\/staging\/wp-content\/uploads\/2023\/07\/A4-Pack-Example-1536x1074.jpg 1536w, https:\/\/hebridespeople.com\/staging\/wp-content\/uploads\/2023\/07\/A4-Pack-Example-2048x1432.jpg 2048w, https:\/\/hebridespeople.com\/staging\/wp-content\/uploads\/2023\/07\/A4-Pack-Example-18x12.jpg 18w, https:\/\/hebridespeople.com\/staging\/wp-content\/uploads\/2023\/07\/A4-Pack-Example-1600x1118.jpg 1600w\" sizes=\"auto, (max-width: 2560px) 100vw, 2560px\" \/><\/a><\/figure><\/div>\n\n<div class=\"wp-block-column is-layout-flow wp-block-column-is-layout-flow\"><figure class=\"wp-block-image size-full eplus-wrapper\"><a href=\"https:\/\/hebridespeople.com\/staging\/wp-content\/uploads\/2023\/07\/6-generation-family-tree-A4-scaled.jpg\"><img loading=\"lazy\" decoding=\"async\" width=\"2560\" height=\"1810\" src=\"https:\/\/hebridespeople.com\/staging\/wp-content\/uploads\/2023\/07\/6-generation-family-tree-A4-scaled.jpg\" alt=\"\" class=\"wp-image-6462\" srcset=\"https:\/\/hebridespeople.com\/staging\/wp-content\/uploads\/2023\/07\/6-generation-family-tree-A4-scaled.jpg 2560w, https:\/\/hebridespeople.com\/staging\/wp-content\/uploads\/2023\/07\/6-generation-family-tree-A4-scaled-600x424.jpg 600w, https:\/\/hebridespeople.com\/staging\/wp-content\/uploads\/2023\/07\/6-generation-family-tree-A4-300x212.jpg 300w, https:\/\/hebridespeople.com\/staging\/wp-content\/uploads\/2023\/07\/6-generation-family-tree-A4-1024x724.jpg 1024w, https:\/\/hebridespeople.com\/staging\/wp-content\/uploads\/2023\/07\/6-generation-family-tree-A4-768x543.jpg 768w, https:\/\/hebridespeople.com\/staging\/wp-content\/uploads\/2023\/07\/6-generation-family-tree-A4-1536x1086.jpg 1536w, https:\/\/hebridespeople.com\/staging\/wp-content\/uploads\/2023\/07\/6-generation-family-tree-A4-2048x1448.jpg 2048w, https:\/\/hebridespeople.com\/staging\/wp-content\/uploads\/2023\/07\/6-generation-family-tree-A4-18x12.jpg 18w, https:\/\/hebridespeople.com\/staging\/wp-content\/uploads\/2023\/07\/6-generation-family-tree-A4-1600x1131.jpg 1600w\" sizes=\"auto, (max-width: 2560px) 100vw, 2560px\" \/><\/a><\/figure><\/div><\/div>\n\n<div class=\"wp-block-buttons eplus-wrapper is-layout-flex wp-block-buttons-is-layout-flex\"><div class=\"wp-block-button eplus-wrapper\"><a class=\"wp-block-button__link has-base-color has-text-color wp-element-button\" href=\"https:\/\/hebridespeople.com\/staging\/gd\/find-your-family\/genealogical-services\/\">Barrachd fiosrachaidh<\/a><\/div><\/div><\/div><div style=\"height:20px\" aria-hidden=\"true\" class=\"wp-block-spacer eplus-wrapper\"><\/div><div class=\"wp-block-media-text is-stacked-on-mobile has-tertiary-background-color has-background eplus-wrapper\" style=\"margin-top:0;margin-right:0;margin-bottom:0;margin-left:0;padding-top:0;padding-right:0;padding-bottom:0;padding-left:0\"><figure class=\"wp-block-media-text__media\"><img loading=\"lazy\" decoding=\"async\" width=\"1024\" height=\"650\" src=\"https:\/\/hebridespeople.com\/staging\/wp-content\/uploads\/2023\/05\/38917.jpg\" alt=\"\" class=\"wp-image-5666 size-full\" srcset=\"https:\/\/hebridespeople.com\/staging\/wp-content\/uploads\/2023\/05\/38917.jpg 1024w, https:\/\/hebridespeople.com\/staging\/wp-content\/uploads\/2023\/05\/38917-600x381.jpg 600w, https:\/\/hebridespeople.com\/staging\/wp-content\/uploads\/2023\/05\/38917-300x190.jpg 300w, https:\/\/hebridespeople.com\/staging\/wp-content\/uploads\/2023\/05\/38917-768x488.jpg 768w, https:\/\/hebridespeople.com\/staging\/wp-content\/uploads\/2023\/05\/38917-18x12.jpg 18w, https:\/\/hebridespeople.com\/staging\/wp-content\/uploads\/2023\/05\/38917-96x61.jpg 96w, https:\/\/hebridespeople.com\/staging\/wp-content\/uploads\/2023\/05\/38917-128x81.jpg 128w\" sizes=\"auto, (max-width: 1024px) 100vw, 1024px\" \/><\/figure><div class=\"wp-block-media-text__content\"><div class=\"wp-block-group has-tertiary-background-color has-background eplus-wrapper has-global-padding is-layout-constrained wp-container-core-group-is-layout-4fb826bc wp-block-group-is-layout-constrained\" style=\"border-radius:10px;padding-top:var(--wp--preset--spacing--30);padding-right:0;padding-bottom:var(--wp--preset--spacing--30);padding-left:0\"><h2 class=\"wp-block-heading eplus-wrapper\">Rannsaich st\u00f2ras Hiort an asgaidh<\/h2>\n\n<p class=\"eplus-wrapper\">Tha toraidhean an st\u00f2r-d\u00e0ta airson Hiort air fad an asgaidh, le taing dhan a\u2019 Mhaoin-Dualchais. Thoir s\u00f9il air tasglann Hiort airson faicinn mar a tha an st\u00f2r-d\u00e0ta ag obair!<\/p>\n\n<div class=\"wp-block-buttons eplus-wrapper is-layout-flex wp-block-buttons-is-layout-flex\"><div class=\"wp-block-button eplus-wrapper\"><a class=\"wp-block-button__link has-base-color has-text-color wp-element-button\" href=\"https:\/\/hebridespeople.com\/staging\/gd\/resources\/genealogy-of-st-kilda\/\">Thoir s\u00f9il air Hiort<\/a><\/div><\/div><\/div><\/div><\/div><div class=\"gb-container gb-container-85ab3ed9\">\n<h2 class=\"wp-block-heading eplus-wrapper has-contrast-color has-text-color\" style=\"padding-left:0\">Ionnsaich Tuilleadh<\/h2>\n<\/div><div class=\"wp-block-group eplus-wrapper has-background has-global-padding is-layout-constrained wp-container-core-group-is-layout-5317b006 wp-block-group-is-layout-constrained\" style=\"border-radius:0px;background-color:#cdd1a569;padding-top:var(--wp--preset--spacing--30);padding-right:20px;padding-bottom:var(--wp--preset--spacing--30);padding-left:0px\"><div class=\"gb-grid-wrapper gb-grid-wrapper-55cc3e1a gb-query-loop-wrapper\"><div class=\"gb-grid-column gb-grid-column-b7528c7c gb-query-loop-item post-4298 page type-page status-publish has-post-thumbnail hentry\"><div class=\"gb-container gb-container-b7528c7c\" style=\"--background-image: url(https:\/\/hebridespeople.com\/staging\/wp-content\/uploads\/2023\/05\/thumbprint-lightgreen.png);\">\n<h2 class=\"gb-headline gb-headline-3c243578 resource-titles gb-headline-text\"><a href=\"https:\/\/hebridespeople.com\/staging\/gd\/find-your-family\/genealogy-of-the-western-isles\/names-of-the-western-isles\/\">Ainmean nan Eilean Siar<\/a><\/h2>\n\n<div class=\"gb-headline gb-headline-d04447cb gb-headline-text\">Chan eil ach \u2018s d\u00f2cha d\u00e0 cheud bliadhna bho th\u00f2isich muinntir nan Eilean Siar air cinnidhean a chleachdach. <a class=\"gb-dynamic-read-more\" href=\"https:\/\/hebridespeople.com\/staging\/gd\/find-your-family\/genealogy-of-the-western-isles\/names-of-the-western-isles\/\" aria-label=\"More on Names of the Western Isles\">Tuilleadh<\/a><\/div>\n<\/div><\/div><div class=\"gb-grid-column gb-grid-column-b7528c7c gb-query-loop-item post-4149 page type-page status-publish has-post-thumbnail hentry\"><div class=\"gb-container gb-container-b7528c7c\" style=\"--background-image: url(https:\/\/hebridespeople.com\/staging\/wp-content\/uploads\/2023\/05\/thumbprint-lightgreen.png);\">\n<h2 class=\"gb-headline gb-headline-3c243578 resource-titles gb-headline-text\"><a href=\"https:\/\/hebridespeople.com\/staging\/gd\/find-your-family\/genealogy-of-the-western-isles\/\">Sloinntearachd nan Eilean Siar<\/a><\/h2>\n\n<div class=\"gb-headline gb-headline-d04447cb gb-headline-text\">Aon de na trioblaidean as motha a tha againn ann a bhith rannsachadh teaghlaichean anns na h-Eileanan Siar \u2019s e cho gann... <a class=\"gb-dynamic-read-more\" href=\"https:\/\/hebridespeople.com\/staging\/gd\/find-your-family\/genealogy-of-the-western-isles\/\" aria-label=\"More on Western Isles Genealogy\">Tuilleadh<\/a><\/div>\n<\/div><\/div><div class=\"gb-grid-column gb-grid-column-b7528c7c gb-query-loop-item post-21 page type-page status-publish has-post-thumbnail hentry\"><div class=\"gb-container gb-container-b7528c7c\" style=\"--background-image: url(https:\/\/hebridespeople.com\/staging\/wp-content\/uploads\/2023\/05\/thumbprint-lightgreen.png);\">\n<h2 class=\"gb-headline gb-headline-3c243578 resource-titles gb-headline-text\"><a href=\"https:\/\/hebridespeople.com\/staging\/gd\/find-your-family\/genealogical-services\/\">Seirbhis Sloinntearachd \u2018C\u00f2 Leis Thu?\u2019<\/a><\/h2>\n\n<div class=\"gb-headline gb-headline-d04447cb gb-headline-text\">\u2018S urrain dhuit do shinnsearan \u00e0s na h-Eilean Siar a lorg tro ar seirbhis sloinntearachd, \u2018C\u00f2 Leis Thu?\u2019. <a class=\"gb-dynamic-read-more\" href=\"https:\/\/hebridespeople.com\/staging\/gd\/find-your-family\/genealogical-services\/\" aria-label=\"More on Genealogical Services\">Tuilleadh<\/a><\/div>\n<\/div><\/div><div class=\"gb-grid-column gb-grid-column-b7528c7c gb-query-loop-item post-13 page type-page status-publish has-post-thumbnail hentry\"><div class=\"gb-container gb-container-b7528c7c\" style=\"--background-image: url(https:\/\/hebridespeople.com\/staging\/wp-content\/uploads\/2023\/05\/thumbprint-lightgreen.png);\">\n<h2 class=\"gb-headline gb-headline-3c243578 resource-titles gb-headline-text\"><a href=\"https:\/\/hebridespeople.com\/staging\/gd\/find-your-family\/genealogy-of-the-western-isles\/oral-tradition\/\">Beul-Aithris<\/a><\/h2>\n\n<div class=\"gb-headline gb-headline-d04447cb gb-headline-text\">Le beul-aithris tha fiosrachadh agad bho eachdraidh-teaghlaich, \u00f2rain, sgeulachdan, agus tha e cuideachd a\u2019 cumail lorg air c\u00e0irdeas... <a class=\"gb-dynamic-read-more\" href=\"https:\/\/hebridespeople.com\/staging\/gd\/find-your-family\/genealogy-of-the-western-isles\/oral-tradition\/\" aria-label=\"More on Oral Tradition\">Tuilleadh<\/a><\/div>\n<\/div><\/div><div class=\"gb-grid-column gb-grid-column-b7528c7c gb-query-loop-item post-12 page type-page status-publish has-post-thumbnail hentry\"><div class=\"gb-container gb-container-b7528c7c\" style=\"--background-image: url(https:\/\/hebridespeople.com\/staging\/wp-content\/uploads\/2023\/05\/thumbprint-lightgreen.png);\">\n<h2 class=\"gb-headline gb-headline-3c243578 resource-titles gb-headline-text\"><a href=\"https:\/\/hebridespeople.com\/staging\/gd\/find-your-family\/genealogy-of-the-western-isles\/names\/\">A' Toirt \u00d2rdugh Air Ainmean<\/a><\/h2>\n\n<div class=\"gb-headline gb-headline-d04447cb gb-headline-text\">In using any written sources, it is essential to bear in mind that the people of the islands were overwhelmingly Gaelic speaking. These records were &#8230; <a class=\"gb-dynamic-read-more\" href=\"https:\/\/hebridespeople.com\/staging\/gd\/find-your-family\/genealogy-of-the-western-isles\/names\/\" aria-label=\"More on Name Standardisation\">Tuilleadh<\/a><\/div>\n<\/div><\/div><\/div><\/div>","protected":false},"excerpt":{"rendered":"<p>Searchable Online Database Our searchable online database provides details of almost 110,000 people from the Western Isles, from the mid-1700s up to 1920, where you can discover your ancestors, and download handwritten family charts and notes. Genealogy Service Hebrides People can help you trace your Western Isles ancestry. Our work is based on 60 years [&hellip;]<\/p>","protected":false},"author":1,"featured_media":6462,"parent":0,"menu_order":0,"comment_status":"closed","ping_status":"closed","template":"","meta":{"_editorskit_title_hidden":false,"_editorskit_reading_time":0,"_editorskit_is_block_options_detached":false,"_editorskit_block_options_position":"{}","footnotes":""},"class_list":["post-3247","page","type-page","status-publish","has-post-thumbnail","hentry"],"yoast_head":"<!-- This site is optimized with the Yoast SEO plugin v25.2 - https:\/\/yoast.com\/wordpress\/plugins\/seo\/ -->\n<title>Discover your Western Isles Ancestry - Hebrides People Staging<\/title>\n<meta name=\"description\" content=\"Hebrides People can help you trace your Western Isles ancestry. Our work is based on 60 years of research carried out by Bill Lawson.\" \/>\n<meta name=\"robots\" content=\"noindex, follow, max-snippet:-1, max-image-preview:large, max-video-preview:-1\" \/>\n<meta property=\"og:locale\" content=\"en_US\" \/>\n<meta property=\"og:type\" content=\"article\" \/>\n<meta property=\"og:title\" content=\"Discover your Western Isles Ancestry - Hebrides People Staging\" \/>\n<meta property=\"og:description\" content=\"Hebrides People can help you trace your Western Isles ancestry. Our work is based on 60 years of research carried out by Bill Lawson.\" \/>\n<meta property=\"og:url\" content=\"https:\/\/hebridespeople.com\/staging\/gd\/find-your-family\/\" \/>\n<meta property=\"og:site_name\" content=\"Hebrides People Staging\" \/>\n<meta property=\"article:modified_time\" content=\"2025-05-27T10:40:50+00:00\" \/>\n<meta property=\"og:image\" content=\"https:\/\/hebridespeople.com\/staging\/wp-content\/uploads\/2023\/07\/6-generation-family-tree-A4-scaled.jpg\" \/>\n\t<meta property=\"og:image:width\" content=\"2560\" \/>\n\t<meta property=\"og:image:height\" content=\"1810\" \/>\n\t<meta property=\"og:image:type\" content=\"image\/jpeg\" \/>\n<meta name=\"twitter:card\" content=\"summary_large_image\" \/>\n<meta name=\"twitter:label1\" content=\"Est. reading time\" \/>\n\t<meta name=\"twitter:data1\" content=\"3 minutes\" \/>\n<script type=\"application\/ld+json\" class=\"yoast-schema-graph\">{\"@context\":\"https:\/\/schema.org\",\"@graph\":[{\"@type\":\"WebPage\",\"@id\":\"https:\/\/hebridespeople.com\/staging\/find-your-family\/\",\"url\":\"https:\/\/hebridespeople.com\/staging\/find-your-family\/\",\"name\":\"Discover your Western Isles Ancestry - Hebrides People Staging\",\"isPartOf\":{\"@id\":\"https:\/\/hebridespeople.com\/staging\/#website\"},\"primaryImageOfPage\":{\"@id\":\"https:\/\/hebridespeople.com\/staging\/find-your-family\/#primaryimage\"},\"image\":{\"@id\":\"https:\/\/hebridespeople.com\/staging\/find-your-family\/#primaryimage\"},\"thumbnailUrl\":\"https:\/\/hebridespeople.com\/staging\/wp-content\/uploads\/2023\/07\/6-generation-family-tree-A4-scaled.jpg\",\"datePublished\":\"2023-03-06T10:18:58+00:00\",\"dateModified\":\"2025-05-27T10:40:50+00:00\",\"description\":\"Hebrides People can help you trace your Western Isles ancestry. Our work is based on 60 years of research carried out by Bill Lawson.\",\"breadcrumb\":{\"@id\":\"https:\/\/hebridespeople.com\/staging\/find-your-family\/#breadcrumb\"},\"inLanguage\":\"gd\",\"potentialAction\":[{\"@type\":\"ReadAction\",\"target\":[\"https:\/\/hebridespeople.com\/staging\/find-your-family\/\"]}]},{\"@type\":\"ImageObject\",\"inLanguage\":\"gd\",\"@id\":\"https:\/\/hebridespeople.com\/staging\/find-your-family\/#primaryimage\",\"url\":\"https:\/\/hebridespeople.com\/staging\/wp-content\/uploads\/2023\/07\/6-generation-family-tree-A4-scaled.jpg\",\"contentUrl\":\"https:\/\/hebridespeople.com\/staging\/wp-content\/uploads\/2023\/07\/6-generation-family-tree-A4-scaled.jpg\",\"width\":2560,\"height\":1810},{\"@type\":\"BreadcrumbList\",\"@id\":\"https:\/\/hebridespeople.com\/staging\/find-your-family\/#breadcrumb\",\"itemListElement\":[{\"@type\":\"ListItem\",\"position\":1,\"name\":\"Home\",\"item\":\"https:\/\/hebridespeople.com\/staging\/\"},{\"@type\":\"ListItem\",\"position\":2,\"name\":\"Find your family\"}]},{\"@type\":\"WebSite\",\"@id\":\"https:\/\/hebridespeople.com\/staging\/#website\",\"url\":\"https:\/\/hebridespeople.com\/staging\/\",\"name\":\"Hebrides People Staging\",\"description\":\"Discover your Hebridean roots\",\"potentialAction\":[{\"@type\":\"SearchAction\",\"target\":{\"@type\":\"EntryPoint\",\"urlTemplate\":\"https:\/\/hebridespeople.com\/staging\/?s={search_term_string}\"},\"query-input\":{\"@type\":\"PropertyValueSpecification\",\"valueRequired\":true,\"valueName\":\"search_term_string\"}}],\"inLanguage\":\"gd\"}]}<\/script>\n<!-- \/ Yoast SEO plugin. -->","yoast_head_json":{"title":"Discover your Western Isles Ancestry - Hebrides People Staging","description":"Hebrides People can help you trace your Western Isles ancestry. Our work is based on 60 years of research carried out by Bill Lawson.","robots":{"index":"noindex","follow":"follow","max-snippet":"max-snippet:-1","max-image-preview":"max-image-preview:large","max-video-preview":"max-video-preview:-1"},"og_locale":"en_US","og_type":"article","og_title":"Discover your Western Isles Ancestry - Hebrides People Staging","og_description":"Hebrides People can help you trace your Western Isles ancestry. Our work is based on 60 years of research carried out by Bill Lawson.","og_url":"https:\/\/hebridespeople.com\/staging\/gd\/find-your-family\/","og_site_name":"Hebrides People Staging","article_modified_time":"2025-05-27T10:40:50+00:00","og_image":[{"width":2560,"height":1810,"url":"https:\/\/hebridespeople.com\/staging\/wp-content\/uploads\/2023\/07\/6-generation-family-tree-A4-scaled.jpg","type":"image\/jpeg"}],"twitter_card":"summary_large_image","twitter_misc":{"Est. reading time":"3 minutes"},"schema":{"@context":"https:\/\/schema.org","@graph":[{"@type":"WebPage","@id":"https:\/\/hebridespeople.com\/staging\/find-your-family\/","url":"https:\/\/hebridespeople.com\/staging\/find-your-family\/","name":"Discover your Western Isles Ancestry - Hebrides People Staging","isPartOf":{"@id":"https:\/\/hebridespeople.com\/staging\/#website"},"primaryImageOfPage":{"@id":"https:\/\/hebridespeople.com\/staging\/find-your-family\/#primaryimage"},"image":{"@id":"https:\/\/hebridespeople.com\/staging\/find-your-family\/#primaryimage"},"thumbnailUrl":"https:\/\/hebridespeople.com\/staging\/wp-content\/uploads\/2023\/07\/6-generation-family-tree-A4-scaled.jpg","datePublished":"2023-03-06T10:18:58+00:00","dateModified":"2025-05-27T10:40:50+00:00","description":"Hebrides People can help you trace your Western Isles ancestry. Our work is based on 60 years of research carried out by Bill Lawson.","breadcrumb":{"@id":"https:\/\/hebridespeople.com\/staging\/find-your-family\/#breadcrumb"},"inLanguage":"gd","potentialAction":[{"@type":"ReadAction","target":["https:\/\/hebridespeople.com\/staging\/find-your-family\/"]}]},{"@type":"ImageObject","inLanguage":"gd","@id":"https:\/\/hebridespeople.com\/staging\/find-your-family\/#primaryimage","url":"https:\/\/hebridespeople.com\/staging\/wp-content\/uploads\/2023\/07\/6-generation-family-tree-A4-scaled.jpg","contentUrl":"https:\/\/hebridespeople.com\/staging\/wp-content\/uploads\/2023\/07\/6-generation-family-tree-A4-scaled.jpg","width":2560,"height":1810},{"@type":"BreadcrumbList","@id":"https:\/\/hebridespeople.com\/staging\/find-your-family\/#breadcrumb","itemListElement":[{"@type":"ListItem","position":1,"name":"Home","item":"https:\/\/hebridespeople.com\/staging\/"},{"@type":"ListItem","position":2,"name":"Find your family"}]},{"@type":"WebSite","@id":"https:\/\/hebridespeople.com\/staging\/#website","url":"https:\/\/hebridespeople.com\/staging\/","name":"Hebrides People Staging","description":"Discover your Hebridean roots","potentialAction":[{"@type":"SearchAction","target":{"@type":"EntryPoint","urlTemplate":"https:\/\/hebridespeople.com\/staging\/?s={search_term_string}"},"query-input":{"@type":"PropertyValueSpecification","valueRequired":true,"valueName":"search_term_string"}}],"inLanguage":"gd"}]}},"_links":{"self":[{"href":"https:\/\/hebridespeople.com\/staging\/gd\/wp-json\/wp\/v2\/pages\/3247","targetHints":{"allow":["GET"]}}],"collection":[{"href":"https:\/\/hebridespeople.com\/staging\/gd\/wp-json\/wp\/v2\/pages"}],"about":[{"href":"https:\/\/hebridespeople.com\/staging\/gd\/wp-json\/wp\/v2\/types\/page"}],"author":[{"embeddable":true,"href":"https:\/\/hebridespeople.com\/staging\/gd\/wp-json\/wp\/v2\/users\/1"}],"replies":[{"embeddable":true,"href":"https:\/\/hebridespeople.com\/staging\/gd\/wp-json\/wp\/v2\/comments?post=3247"}],"version-history":[{"count":75,"href":"https:\/\/hebridespeople.com\/staging\/gd\/wp-json\/wp\/v2\/pages\/3247\/revisions"}],"predecessor-version":[{"id":14726,"href":"https:\/\/hebridespeople.com\/staging\/gd\/wp-json\/wp\/v2\/pages\/3247\/revisions\/14726"}],"wp:featuredmedia":[{"embeddable":true,"href":"https:\/\/hebridespeople.com\/staging\/gd\/wp-json\/wp\/v2\/media\/6462"}],"wp:attachment":[{"href":"https:\/\/hebridespeople.com\/staging\/gd\/wp-json\/wp\/v2\/media?parent=3247"}],"curies":[{"name":"wp","href":"https:\/\/api.w.org\/{rel}","templated":true}]}}