{"id":4151,"date":"2023-04-16T16:42:59","date_gmt":"2023-04-16T16:42:59","guid":{"rendered":"https:\/\/hebridespeople.com\/staging\/?page_id=4151"},"modified":"2023-07-29T10:15:51","modified_gmt":"2023-07-29T10:15:51","slug":"learning-resources","status":"publish","type":"page","link":"https:\/\/hebridespeople.com\/staging\/gd\/resources\/learning-resources\/","title":{"rendered":"Goireasan"},"content":{"rendered":"<div class=\"wp-block-group alignwide eplus-wrapper has-tertiary-background-color has-background is-layout-flow wp-block-group-is-layout-flow\" style=\"border-radius:0px;padding-top:0;padding-right:0;padding-left:0\"><div class=\"gb-grid-wrapper gb-grid-wrapper-190576e0 gb-query-loop-wrapper\"><div class=\"gb-grid-column gb-grid-column-b36894f2 gb-query-loop-item post-6705 post type-post status-publish format-standard has-post-thumbnail hentry category-learning-resources\"><div class=\"gb-container gb-container-b36894f2\">\n<figure class=\"wp-block-post-featured-image\"><a href=\"https:\/\/hebridespeople.com\/staging\/gd\/emigration-from-the-western-isles-in-the-1700s\/\" target=\"_self\"  ><img loading=\"lazy\" decoding=\"async\" width=\"1400\" height=\"840\" src=\"https:\/\/hebridespeople.com\/staging\/wp-content\/uploads\/2023\/07\/img01-Gaidhlig.jpg\" class=\"attachment-post-thumbnail size-post-thumbnail wp-post-image\" alt=\"A Short History of Emigration from the Western Isles\" style=\"object-fit:cover;\" srcset=\"https:\/\/hebridespeople.com\/staging\/wp-content\/uploads\/2023\/07\/img01-Gaidhlig.jpg 1400w, https:\/\/hebridespeople.com\/staging\/wp-content\/uploads\/2023\/07\/img01-Gaidhlig-600x360.jpg 600w, https:\/\/hebridespeople.com\/staging\/wp-content\/uploads\/2023\/07\/img01-Gaidhlig-300x180.jpg 300w, https:\/\/hebridespeople.com\/staging\/wp-content\/uploads\/2023\/07\/img01-Gaidhlig-1024x614.jpg 1024w, https:\/\/hebridespeople.com\/staging\/wp-content\/uploads\/2023\/07\/img01-Gaidhlig-768x461.jpg 768w, https:\/\/hebridespeople.com\/staging\/wp-content\/uploads\/2023\/07\/img01-Gaidhlig-18x12.jpg 18w\" sizes=\"auto, (max-width: 1400px) 100vw, 1400px\" \/><\/a><\/figure>\n\n<h2 class=\"gb-headline gb-headline-d693568d gb-headline-text\"><a href=\"https:\/\/hebridespeople.com\/staging\/gd\/emigration-from-the-western-isles-in-the-1700s\/\">Eachdraidh Ghoirid de dh'Eilthireachd \u00e0s na h-Eileanan Siar<\/a><\/h2>\n\n<div class=\"gb-headline gb-headline-8c6f6d89 gb-headline-text\">Tha na h-Eileanan Siar am measg feadhainn de na h-\u00e0iteachan as br\u00e8agha ann an Alba, ach air s\u00e0illeabh buaidhean na h-aimsir, na h-\u00e0rainneachd agus cuideachd air s\u00e0illeabh droch-l\u00e0imhseachadh bho dhaoine ann an cumhachd, bha beatha chruaidh gu math tric aig muinntir nan eilean, agus thar na linntean tha na m\u00ecltean de dhaoine air na h-eileanan fh\u00e0gail airson beatha nas fhe\u00e0rr a lorg.<\/div>\n\n<a style=\"border-radius:5px;border-width:0px; padding-top:10px;padding-left:var(--wp--preset--spacing--30);padding-right:var(--wp--preset--spacing--30);padding-bottom:10px;margin-top:var(--wp--preset--spacing--30);margin-bottom:0;\" class=\"wp-elements-5325d26007a452b017feedbbb5585522 wp-block-read-more has-text-color has-base-color has-background has-contrast-background-color\" href=\"https:\/\/hebridespeople.com\/staging\/gd\/emigration-from-the-western-isles-in-the-1700s\/\" target=\"_self\">Tuilleadh<span class=\"screen-reader-text\">: A Short History of Emigration from the Western Isles<\/span><\/a>\n<\/div><\/div><div class=\"gb-grid-column gb-grid-column-b36894f2 gb-query-loop-item post-6640 post type-post status-publish format-standard has-post-thumbnail hentry category-learning-resources tag-harris\"><div class=\"gb-container gb-container-b36894f2\">\n<figure class=\"wp-block-post-featured-image\"><a href=\"https:\/\/hebridespeople.com\/staging\/gd\/a-short-illustrated-history-of-rubh-an-teampaill-northton\/\" target=\"_self\"  ><img loading=\"lazy\" decoding=\"async\" width=\"2000\" height=\"1029\" src=\"https:\/\/hebridespeople.com\/staging\/wp-content\/uploads\/2023\/07\/img001.jpg\" class=\"attachment-post-thumbnail size-post-thumbnail wp-post-image\" alt=\"A Short Illustrated History of Rubh\u2019 an Teampaill, Northton\" style=\"object-fit:cover;\" srcset=\"https:\/\/hebridespeople.com\/staging\/wp-content\/uploads\/2023\/07\/img001.jpg 2000w, https:\/\/hebridespeople.com\/staging\/wp-content\/uploads\/2023\/07\/img001-600x309.jpg 600w, https:\/\/hebridespeople.com\/staging\/wp-content\/uploads\/2023\/07\/img001-300x154.jpg 300w, https:\/\/hebridespeople.com\/staging\/wp-content\/uploads\/2023\/07\/img001-1024x527.jpg 1024w, https:\/\/hebridespeople.com\/staging\/wp-content\/uploads\/2023\/07\/img001-768x395.jpg 768w, https:\/\/hebridespeople.com\/staging\/wp-content\/uploads\/2023\/07\/img001-1536x790.jpg 1536w, https:\/\/hebridespeople.com\/staging\/wp-content\/uploads\/2023\/07\/img001-18x9.jpg 18w, https:\/\/hebridespeople.com\/staging\/wp-content\/uploads\/2023\/07\/img001-1600x823.jpg 1600w\" sizes=\"auto, (max-width: 2000px) 100vw, 2000px\" \/><\/a><\/figure>\n\n<h2 class=\"gb-headline gb-headline-d693568d gb-headline-text\"><a href=\"https:\/\/hebridespeople.com\/staging\/gd\/a-short-illustrated-history-of-rubh-an-teampaill-northton\/\">Eachdraidh Ghoirid Dhealbhaichte de Rubh\u2019 an Teampaill, an Taobh Tuath<\/a><\/h2>\n\n<div class=\"gb-headline gb-headline-8c6f6d89 gb-headline-text\">\u2018S ann mu thimcheall chladaichean Rubh\u2019 an Teampaill anns an Taobh Tuath a tha ri lorg fear de na h-\u00e0iteachan as tr\u00e0ithe san robh daoine a\u2019 fuireach anns na h-eileanan. Ann an 2001, lorg \u00e0rc-e\u00f2laichean sligean chnothan-challtainn loisgte fon talamh bho 7,000 bliadhna RC, a\u2019 ciallachadh gun robh daoine a\u2019 r\u00f2stadh chnothan ann bho chionn c\u00f2rr is 9,000 bliadhna!<\/div>\n\n<a style=\"border-radius:5px;border-width:0px; padding-top:10px;padding-left:var(--wp--preset--spacing--30);padding-right:var(--wp--preset--spacing--30);padding-bottom:10px;margin-top:var(--wp--preset--spacing--30);margin-bottom:0;\" class=\"wp-elements-5325d26007a452b017feedbbb5585522 wp-block-read-more has-text-color has-base-color has-background has-contrast-background-color\" href=\"https:\/\/hebridespeople.com\/staging\/gd\/a-short-illustrated-history-of-rubh-an-teampaill-northton\/\" target=\"_self\">Tuilleadh<span class=\"screen-reader-text\">: A Short Illustrated History of Rubh\u2019 an Teampaill, Northton<\/span><\/a>\n<\/div><\/div><\/div><\/div>","protected":false},"excerpt":{"rendered":"","protected":false},"author":1,"featured_media":6470,"parent":3249,"menu_order":0,"comment_status":"closed","ping_status":"closed","template":"","meta":{"_editorskit_title_hidden":false,"_editorskit_reading_time":0,"_editorskit_is_block_options_detached":false,"_editorskit_block_options_position":"{}","footnotes":""},"class_list":["post-4151","page","type-page","status-publish","has-post-thumbnail","hentry"],"yoast_head":"<!-- This site is optimized with the Yoast SEO plugin v25.2 - https:\/\/yoast.com\/wordpress\/plugins\/seo\/ -->\n<title>Learning Resources - Hebrides People Staging<\/title>\n<meta name=\"robots\" content=\"noindex, follow, max-snippet:-1, max-image-preview:large, max-video-preview:-1\" \/>\n<meta property=\"og:locale\" content=\"en_US\" \/>\n<meta property=\"og:type\" content=\"article\" \/>\n<meta property=\"og:title\" content=\"Learning Resources - Hebrides People Staging\" \/>\n<meta property=\"og:url\" content=\"https:\/\/hebridespeople.com\/staging\/gd\/resources\/learning-resources\/\" \/>\n<meta property=\"og:site_name\" content=\"Hebrides People Staging\" \/>\n<meta property=\"article:modified_time\" content=\"2023-07-29T10:15:51+00:00\" \/>\n<meta property=\"og:image\" content=\"https:\/\/hebridespeople.com\/staging\/wp-content\/uploads\/2023\/07\/img001.jpg\" \/>\n\t<meta property=\"og:image:width\" content=\"2000\" \/>\n\t<meta property=\"og:image:height\" content=\"1029\" \/>\n\t<meta property=\"og:image:type\" content=\"image\/jpeg\" \/>\n<meta name=\"twitter:card\" content=\"summary_large_image\" \/>\n<script type=\"application\/ld+json\" class=\"yoast-schema-graph\">{\"@context\":\"https:\/\/schema.org\",\"@graph\":[{\"@type\":\"WebPage\",\"@id\":\"https:\/\/hebridespeople.com\/staging\/resources\/learning-resources\/\",\"url\":\"https:\/\/hebridespeople.com\/staging\/resources\/learning-resources\/\",\"name\":\"Learning Resources - Hebrides People Staging\",\"isPartOf\":{\"@id\":\"https:\/\/hebridespeople.com\/staging\/#website\"},\"primaryImageOfPage\":{\"@id\":\"https:\/\/hebridespeople.com\/staging\/resources\/learning-resources\/#primaryimage\"},\"image\":{\"@id\":\"https:\/\/hebridespeople.com\/staging\/resources\/learning-resources\/#primaryimage\"},\"thumbnailUrl\":\"https:\/\/hebridespeople.com\/staging\/wp-content\/uploads\/2023\/07\/img001.jpg\",\"datePublished\":\"2023-04-16T16:42:59+00:00\",\"dateModified\":\"2023-07-29T10:15:51+00:00\",\"breadcrumb\":{\"@id\":\"https:\/\/hebridespeople.com\/staging\/resources\/learning-resources\/#breadcrumb\"},\"inLanguage\":\"gd\",\"potentialAction\":[{\"@type\":\"ReadAction\",\"target\":[\"https:\/\/hebridespeople.com\/staging\/resources\/learning-resources\/\"]}]},{\"@type\":\"ImageObject\",\"inLanguage\":\"gd\",\"@id\":\"https:\/\/hebridespeople.com\/staging\/resources\/learning-resources\/#primaryimage\",\"url\":\"https:\/\/hebridespeople.com\/staging\/wp-content\/uploads\/2023\/07\/img001.jpg\",\"contentUrl\":\"https:\/\/hebridespeople.com\/staging\/wp-content\/uploads\/2023\/07\/img001.jpg\",\"width\":2000,\"height\":1029},{\"@type\":\"BreadcrumbList\",\"@id\":\"https:\/\/hebridespeople.com\/staging\/resources\/learning-resources\/#breadcrumb\",\"itemListElement\":[{\"@type\":\"ListItem\",\"position\":1,\"name\":\"Home\",\"item\":\"https:\/\/hebridespeople.com\/staging\/\"},{\"@type\":\"ListItem\",\"position\":2,\"name\":\"Resources\",\"item\":\"https:\/\/hebridespeople.com\/staging\/resources\/\"},{\"@type\":\"ListItem\",\"position\":3,\"name\":\"Learning Resources\"}]},{\"@type\":\"WebSite\",\"@id\":\"https:\/\/hebridespeople.com\/staging\/#website\",\"url\":\"https:\/\/hebridespeople.com\/staging\/\",\"name\":\"Hebrides People Staging\",\"description\":\"Discover your Hebridean roots\",\"potentialAction\":[{\"@type\":\"SearchAction\",\"target\":{\"@type\":\"EntryPoint\",\"urlTemplate\":\"https:\/\/hebridespeople.com\/staging\/?s={search_term_string}\"},\"query-input\":{\"@type\":\"PropertyValueSpecification\",\"valueRequired\":true,\"valueName\":\"search_term_string\"}}],\"inLanguage\":\"gd\"}]}<\/script>\n<!-- \/ Yoast SEO plugin. -->","yoast_head_json":{"title":"Learning Resources - Hebrides People Staging","robots":{"index":"noindex","follow":"follow","max-snippet":"max-snippet:-1","max-image-preview":"max-image-preview:large","max-video-preview":"max-video-preview:-1"},"og_locale":"en_US","og_type":"article","og_title":"Learning Resources - Hebrides People Staging","og_url":"https:\/\/hebridespeople.com\/staging\/gd\/resources\/learning-resources\/","og_site_name":"Hebrides People Staging","article_modified_time":"2023-07-29T10:15:51+00:00","og_image":[{"width":2000,"height":1029,"url":"https:\/\/hebridespeople.com\/staging\/wp-content\/uploads\/2023\/07\/img001.jpg","type":"image\/jpeg"}],"twitter_card":"summary_large_image","schema":{"@context":"https:\/\/schema.org","@graph":[{"@type":"WebPage","@id":"https:\/\/hebridespeople.com\/staging\/resources\/learning-resources\/","url":"https:\/\/hebridespeople.com\/staging\/resources\/learning-resources\/","name":"Learning Resources - Hebrides People Staging","isPartOf":{"@id":"https:\/\/hebridespeople.com\/staging\/#website"},"primaryImageOfPage":{"@id":"https:\/\/hebridespeople.com\/staging\/resources\/learning-resources\/#primaryimage"},"image":{"@id":"https:\/\/hebridespeople.com\/staging\/resources\/learning-resources\/#primaryimage"},"thumbnailUrl":"https:\/\/hebridespeople.com\/staging\/wp-content\/uploads\/2023\/07\/img001.jpg","datePublished":"2023-04-16T16:42:59+00:00","dateModified":"2023-07-29T10:15:51+00:00","breadcrumb":{"@id":"https:\/\/hebridespeople.com\/staging\/resources\/learning-resources\/#breadcrumb"},"inLanguage":"gd","potentialAction":[{"@type":"ReadAction","target":["https:\/\/hebridespeople.com\/staging\/resources\/learning-resources\/"]}]},{"@type":"ImageObject","inLanguage":"gd","@id":"https:\/\/hebridespeople.com\/staging\/resources\/learning-resources\/#primaryimage","url":"https:\/\/hebridespeople.com\/staging\/wp-content\/uploads\/2023\/07\/img001.jpg","contentUrl":"https:\/\/hebridespeople.com\/staging\/wp-content\/uploads\/2023\/07\/img001.jpg","width":2000,"height":1029},{"@type":"BreadcrumbList","@id":"https:\/\/hebridespeople.com\/staging\/resources\/learning-resources\/#breadcrumb","itemListElement":[{"@type":"ListItem","position":1,"name":"Home","item":"https:\/\/hebridespeople.com\/staging\/"},{"@type":"ListItem","position":2,"name":"Resources","item":"https:\/\/hebridespeople.com\/staging\/resources\/"},{"@type":"ListItem","position":3,"name":"Learning Resources"}]},{"@type":"WebSite","@id":"https:\/\/hebridespeople.com\/staging\/#website","url":"https:\/\/hebridespeople.com\/staging\/","name":"Hebrides People Staging","description":"Discover your Hebridean roots","potentialAction":[{"@type":"SearchAction","target":{"@type":"EntryPoint","urlTemplate":"https:\/\/hebridespeople.com\/staging\/?s={search_term_string}"},"query-input":{"@type":"PropertyValueSpecification","valueRequired":true,"valueName":"search_term_string"}}],"inLanguage":"gd"}]}},"_links":{"self":[{"href":"https:\/\/hebridespeople.com\/staging\/gd\/wp-json\/wp\/v2\/pages\/4151","targetHints":{"allow":["GET"]}}],"collection":[{"href":"https:\/\/hebridespeople.com\/staging\/gd\/wp-json\/wp\/v2\/pages"}],"about":[{"href":"https:\/\/hebridespeople.com\/staging\/gd\/wp-json\/wp\/v2\/types\/page"}],"author":[{"embeddable":true,"href":"https:\/\/hebridespeople.com\/staging\/gd\/wp-json\/wp\/v2\/users\/1"}],"replies":[{"embeddable":true,"href":"https:\/\/hebridespeople.com\/staging\/gd\/wp-json\/wp\/v2\/comments?post=4151"}],"version-history":[{"count":14,"href":"https:\/\/hebridespeople.com\/staging\/gd\/wp-json\/wp\/v2\/pages\/4151\/revisions"}],"predecessor-version":[{"id":6745,"href":"https:\/\/hebridespeople.com\/staging\/gd\/wp-json\/wp\/v2\/pages\/4151\/revisions\/6745"}],"up":[{"embeddable":true,"href":"https:\/\/hebridespeople.com\/staging\/gd\/wp-json\/wp\/v2\/pages\/3249"}],"wp:featuredmedia":[{"embeddable":true,"href":"https:\/\/hebridespeople.com\/staging\/gd\/wp-json\/wp\/v2\/media\/6470"}],"wp:attachment":[{"href":"https:\/\/hebridespeople.com\/staging\/gd\/wp-json\/wp\/v2\/media?parent=4151"}],"curies":[{"name":"wp","href":"https:\/\/api.w.org\/{rel}","templated":true}]}}