{"id":4354,"date":"2023-04-16T21:13:52","date_gmt":"2023-04-16T21:13:52","guid":{"rendered":"https:\/\/hebridespeople.com\/staging\/?page_id=4354"},"modified":"2023-11-22T12:24:06","modified_gmt":"2023-11-22T12:24:06","slug":"tell-us-your-story","status":"publish","type":"page","link":"https:\/\/hebridespeople.com\/staging\/gd\/stories\/tell-us-your-story\/","title":{"rendered":"Innis Dhuinn do Sgeulachd"},"content":{"rendered":"<div class=\"wp-block-group eplus-wrapper has-tertiary-background-color has-background has-global-padding is-layout-constrained wp-container-core-group-is-layout-23b1a4dc wp-block-group-is-layout-constrained\" style=\"border-radius:0px;padding-top:var(--wp--preset--spacing--30);padding-right:var(--wp--preset--spacing--30);padding-bottom:var(--wp--preset--spacing--30);padding-left:var(--wp--preset--spacing--30)\"><div class=\"wp-block-columns eplus-wrapper is-layout-flex wp-container-core-columns-is-layout-28f84493 wp-block-columns-is-layout-flex\"><div class=\"wp-block-column is-vertically-aligned-center eplus-wrapper is-layout-flow wp-block-column-is-layout-flow\" style=\"flex-basis:150px\"><figure class=\"wp-block-image aligncenter size-full is-resized eplus-wrapper\"><img loading=\"lazy\" decoding=\"async\" width=\"2480\" height=\"2480\" src=\"https:\/\/hebridespeople.com\/staging\/wp-content\/uploads\/2023\/07\/tree_400_orange.png\" alt=\"\" class=\"wp-image-6535\" style=\"object-fit:contain;width:150px;height:150px\" srcset=\"https:\/\/hebridespeople.com\/staging\/wp-content\/uploads\/2023\/07\/tree_400_orange.png 2480w, https:\/\/hebridespeople.com\/staging\/wp-content\/uploads\/2023\/07\/tree_400_orange-450x450.png 450w, https:\/\/hebridespeople.com\/staging\/wp-content\/uploads\/2023\/07\/tree_400_orange-100x100.png 100w, https:\/\/hebridespeople.com\/staging\/wp-content\/uploads\/2023\/07\/tree_400_orange-600x600.png 600w, https:\/\/hebridespeople.com\/staging\/wp-content\/uploads\/2023\/07\/tree_400_orange-300x300.png 300w, https:\/\/hebridespeople.com\/staging\/wp-content\/uploads\/2023\/07\/tree_400_orange-1024x1024.png 1024w, https:\/\/hebridespeople.com\/staging\/wp-content\/uploads\/2023\/07\/tree_400_orange-150x150.png 150w, https:\/\/hebridespeople.com\/staging\/wp-content\/uploads\/2023\/07\/tree_400_orange-768x768.png 768w, https:\/\/hebridespeople.com\/staging\/wp-content\/uploads\/2023\/07\/tree_400_orange-1536x1536.png 1536w, https:\/\/hebridespeople.com\/staging\/wp-content\/uploads\/2023\/07\/tree_400_orange-2048x2048.png 2048w, https:\/\/hebridespeople.com\/staging\/wp-content\/uploads\/2023\/07\/tree_400_orange-12x12.png 12w, https:\/\/hebridespeople.com\/staging\/wp-content\/uploads\/2023\/07\/tree_400_orange-96x96.png 96w, https:\/\/hebridespeople.com\/staging\/wp-content\/uploads\/2023\/07\/tree_400_orange-38x38.png 38w, https:\/\/hebridespeople.com\/staging\/wp-content\/uploads\/2023\/07\/tree_400_orange-1600x1600.png 1600w\" sizes=\"auto, (max-width: 2480px) 100vw, 2480px\" \/><\/figure><\/div>\n\n<div class=\"wp-block-column is-vertically-aligned-center eplus-wrapper is-layout-flow wp-block-column-is-layout-flow\" style=\"flex-basis:100%\"><h4 class=\"wp-block-heading eplus-wrapper\">Ma tha sgeulachd agad mu dhuinne sam bith san teaghlach agad a dh\u2019fh\u00e0g na h-Eileanan Siar agus a dh\u2019fhuirich ann am p\u00e0irt eile den t-saoghal, cuir fios thugainn gu h-\u00ecseal, agus \u2018s d\u00f2cha gun seall sinn do sgeulachd air an l\u00e0rach-l\u00ecn againn.<\/h4><\/div><\/div><\/div><div class=\"wp-block-jetpack-contact-form\" style=\"padding-top:16px;padding-right:16px;padding-bottom:16px;padding-left:16px\">\n\n\n\n\n\n\n\n\n\n<\/div><div style=\"height:20px\" aria-hidden=\"true\" class=\"wp-block-spacer eplus-wrapper\"><\/div><h2 class=\"wp-block-heading eplus-wrapper has-contrast-color has-text-color\" style=\"padding-left:0\">Ionnsaich Tuilleadh<\/h2><div class=\"wp-block-group eplus-wrapper has-background has-global-padding is-layout-constrained wp-container-core-group-is-layout-5317b006 wp-block-group-is-layout-constrained\" style=\"border-radius:0px;background-color:#cdd1a569;padding-top:var(--wp--preset--spacing--30);padding-right:20px;padding-bottom:var(--wp--preset--spacing--30);padding-left:0px\"><div class=\"gb-grid-wrapper gb-grid-wrapper-55cc3e1a gb-query-loop-wrapper\"><div class=\"gb-grid-column gb-grid-column-b7528c7c gb-query-loop-item post-4346 page type-page status-publish has-post-thumbnail hentry\"><div class=\"gb-container gb-container-b7528c7c\" style=\"--background-image: url(https:\/\/hebridespeople.com\/staging\/wp-content\/uploads\/2023\/05\/thumbprint-lightgreen.png);\">\n<h2 class=\"gb-headline gb-headline-3c243578 resource-titles gb-headline-text\"><a href=\"https:\/\/hebridespeople.com\/staging\/gd\/stories\/emigrant-stories\/\">Sgeulachdan Eilthirich<\/a><\/h2>\n\n<div class=\"gb-headline gb-headline-d04447cb gb-headline-text\">Thachair a\u2019 chiad eilthireachd \u00e0s na h-eileanan air a bheil fhios againn am meadhan na 1700an, as d\u00e8idh Bl\u00e0r Ch\u00f9il-Lodair... <a class=\"gb-dynamic-read-more\" href=\"https:\/\/hebridespeople.com\/staging\/gd\/stories\/emigrant-stories\/\" aria-label=\"More on Emigrant Stories\">Tuilleadh<\/a><\/div>\n<\/div><\/div><div class=\"gb-grid-column gb-grid-column-b7528c7c gb-query-loop-item post-4344 page type-page status-publish has-post-thumbnail hentry\"><div class=\"gb-container gb-container-b7528c7c\" style=\"--background-image: url(https:\/\/hebridespeople.com\/staging\/wp-content\/uploads\/2023\/05\/thumbprint-lightgreen.png);\">\n<h2 class=\"gb-headline gb-headline-3c243578 resource-titles gb-headline-text\"><a href=\"https:\/\/hebridespeople.com\/staging\/gd\/stories\/village-histories\/\">Eachdraidhean nam Bailtean<\/a><\/h2>\n\n<div class=\"gb-headline gb-headline-d04447cb gb-headline-text\">Tha na h-earrannan seo air an toirt bho leabhraichean Eachdraidh nan Croitean le aig Bill Lawson. Tha c\u00f2rr is tr\u00ec-fichead dhiubh ann a-nis, agus tha iad ri am faighinn anns a bh\u00f9th againn. <a class=\"gb-dynamic-read-more\" href=\"https:\/\/hebridespeople.com\/staging\/gd\/stories\/village-histories\/\" aria-label=\"More on Village Histories\">Tuilleadh<\/a><\/div>\n<\/div><\/div><div class=\"gb-grid-column gb-grid-column-b7528c7c gb-query-loop-item post-4150 page type-page status-publish has-post-thumbnail hentry\"><div class=\"gb-container gb-container-b7528c7c\" style=\"--background-image: url(https:\/\/hebridespeople.com\/staging\/wp-content\/uploads\/2023\/05\/thumbprint-lightgreen.png);\">\n<h2 class=\"gb-headline gb-headline-3c243578 resource-titles gb-headline-text\"><a href=\"https:\/\/hebridespeople.com\/staging\/gd\/stories\/history-of-the-people-of-the-western-isles\/\">Eachdraidh nan Eilean Siar<\/a><\/h2>\n\n<div class=\"gb-headline gb-headline-d04447cb gb-headline-text\">Tha eachdraidh dhaoine anns na h-Eileanan Siar a\u2019 t\u00f2iseachadh an uair a leagh na siotaichean-deighe, agus a th\u00e0inig a\u2019 chiad daoine, aig \u00e0m ris an canar Meadhan-linn na Cloiche... <a class=\"gb-dynamic-read-more\" href=\"https:\/\/hebridespeople.com\/staging\/gd\/stories\/history-of-the-people-of-the-western-isles\/\" aria-label=\"More on The People of the Western Isles\">Tuilleadh<\/a><\/div>\n<\/div><\/div><\/div><\/div>","protected":false},"excerpt":{"rendered":"<p>If you have a story of family members who left the Western Isles and settled in another part of the world, and would like the opportunity to have your story featured on our website, you can get in touch with us below. Explore Further<\/p>","protected":false},"author":1,"featured_media":5893,"parent":4339,"menu_order":0,"comment_status":"closed","ping_status":"closed","template":"","meta":{"_editorskit_title_hidden":false,"_editorskit_reading_time":0,"_editorskit_is_block_options_detached":false,"_editorskit_block_options_position":"{}","footnotes":""},"class_list":["post-4354","page","type-page","status-publish","has-post-thumbnail","hentry"],"yoast_head":"<!-- This site is optimized with the Yoast SEO plugin v25.2 - https:\/\/yoast.com\/wordpress\/plugins\/seo\/ -->\n<title>Tell us your story - Hebrides People Staging<\/title>\n<meta name=\"robots\" content=\"noindex, follow, max-snippet:-1, max-image-preview:large, max-video-preview:-1\" \/>\n<meta property=\"og:locale\" content=\"en_US\" \/>\n<meta property=\"og:type\" content=\"article\" \/>\n<meta property=\"og:title\" content=\"Tell us your story - Hebrides People Staging\" \/>\n<meta property=\"og:description\" content=\"If you have a story of family members who left the Western Isles and settled in another part of the world, and would like the opportunity to have your story featured on our website, you can get in touch with us below. Explore Further\" \/>\n<meta property=\"og:url\" content=\"https:\/\/hebridespeople.com\/staging\/gd\/stories\/tell-us-your-story\/\" \/>\n<meta property=\"og:site_name\" content=\"Hebrides People Staging\" \/>\n<meta property=\"article:modified_time\" content=\"2023-11-22T12:24:06+00:00\" \/>\n<meta property=\"og:image\" content=\"https:\/\/hebridespeople.com\/staging\/wp-content\/uploads\/2023\/06\/Harris-Pabbay-Thistle.jpg\" \/>\n\t<meta property=\"og:image:width\" content=\"2000\" \/>\n\t<meta property=\"og:image:height\" content=\"1333\" \/>\n\t<meta property=\"og:image:type\" content=\"image\/jpeg\" \/>\n<meta name=\"twitter:card\" content=\"summary_large_image\" \/>\n<meta name=\"twitter:label1\" content=\"Est. reading time\" \/>\n\t<meta name=\"twitter:data1\" content=\"1 minute\" \/>\n<script type=\"application\/ld+json\" class=\"yoast-schema-graph\">{\"@context\":\"https:\/\/schema.org\",\"@graph\":[{\"@type\":\"WebPage\",\"@id\":\"https:\/\/hebridespeople.com\/staging\/stories\/tell-us-your-story\/\",\"url\":\"https:\/\/hebridespeople.com\/staging\/stories\/tell-us-your-story\/\",\"name\":\"Tell us your story - Hebrides People Staging\",\"isPartOf\":{\"@id\":\"https:\/\/hebridespeople.com\/staging\/#website\"},\"primaryImageOfPage\":{\"@id\":\"https:\/\/hebridespeople.com\/staging\/stories\/tell-us-your-story\/#primaryimage\"},\"image\":{\"@id\":\"https:\/\/hebridespeople.com\/staging\/stories\/tell-us-your-story\/#primaryimage\"},\"thumbnailUrl\":\"https:\/\/hebridespeople.com\/staging\/wp-content\/uploads\/2023\/06\/Harris-Pabbay-Thistle.jpg\",\"datePublished\":\"2023-04-16T21:13:52+00:00\",\"dateModified\":\"2023-11-22T12:24:06+00:00\",\"breadcrumb\":{\"@id\":\"https:\/\/hebridespeople.com\/staging\/stories\/tell-us-your-story\/#breadcrumb\"},\"inLanguage\":\"gd\",\"potentialAction\":[{\"@type\":\"ReadAction\",\"target\":[\"https:\/\/hebridespeople.com\/staging\/stories\/tell-us-your-story\/\"]}]},{\"@type\":\"ImageObject\",\"inLanguage\":\"gd\",\"@id\":\"https:\/\/hebridespeople.com\/staging\/stories\/tell-us-your-story\/#primaryimage\",\"url\":\"https:\/\/hebridespeople.com\/staging\/wp-content\/uploads\/2023\/06\/Harris-Pabbay-Thistle.jpg\",\"contentUrl\":\"https:\/\/hebridespeople.com\/staging\/wp-content\/uploads\/2023\/06\/Harris-Pabbay-Thistle.jpg\",\"width\":2000,\"height\":1333},{\"@type\":\"BreadcrumbList\",\"@id\":\"https:\/\/hebridespeople.com\/staging\/stories\/tell-us-your-story\/#breadcrumb\",\"itemListElement\":[{\"@type\":\"ListItem\",\"position\":1,\"name\":\"Home\",\"item\":\"https:\/\/hebridespeople.com\/staging\/\"},{\"@type\":\"ListItem\",\"position\":2,\"name\":\"Stories\",\"item\":\"https:\/\/hebridespeople.com\/staging\/stories\/\"},{\"@type\":\"ListItem\",\"position\":3,\"name\":\"Tell us your story\"}]},{\"@type\":\"WebSite\",\"@id\":\"https:\/\/hebridespeople.com\/staging\/#website\",\"url\":\"https:\/\/hebridespeople.com\/staging\/\",\"name\":\"Hebrides People Staging\",\"description\":\"Discover your Hebridean roots\",\"potentialAction\":[{\"@type\":\"SearchAction\",\"target\":{\"@type\":\"EntryPoint\",\"urlTemplate\":\"https:\/\/hebridespeople.com\/staging\/?s={search_term_string}\"},\"query-input\":{\"@type\":\"PropertyValueSpecification\",\"valueRequired\":true,\"valueName\":\"search_term_string\"}}],\"inLanguage\":\"gd\"}]}<\/script>\n<!-- \/ Yoast SEO plugin. -->","yoast_head_json":{"title":"Tell us your story - Hebrides People Staging","robots":{"index":"noindex","follow":"follow","max-snippet":"max-snippet:-1","max-image-preview":"max-image-preview:large","max-video-preview":"max-video-preview:-1"},"og_locale":"en_US","og_type":"article","og_title":"Tell us your story - Hebrides People Staging","og_description":"If you have a story of family members who left the Western Isles and settled in another part of the world, and would like the opportunity to have your story featured on our website, you can get in touch with us below. Explore Further","og_url":"https:\/\/hebridespeople.com\/staging\/gd\/stories\/tell-us-your-story\/","og_site_name":"Hebrides People Staging","article_modified_time":"2023-11-22T12:24:06+00:00","og_image":[{"width":2000,"height":1333,"url":"https:\/\/hebridespeople.com\/staging\/wp-content\/uploads\/2023\/06\/Harris-Pabbay-Thistle.jpg","type":"image\/jpeg"}],"twitter_card":"summary_large_image","twitter_misc":{"Est. reading time":"1 minute"},"schema":{"@context":"https:\/\/schema.org","@graph":[{"@type":"WebPage","@id":"https:\/\/hebridespeople.com\/staging\/stories\/tell-us-your-story\/","url":"https:\/\/hebridespeople.com\/staging\/stories\/tell-us-your-story\/","name":"Tell us your story - Hebrides People Staging","isPartOf":{"@id":"https:\/\/hebridespeople.com\/staging\/#website"},"primaryImageOfPage":{"@id":"https:\/\/hebridespeople.com\/staging\/stories\/tell-us-your-story\/#primaryimage"},"image":{"@id":"https:\/\/hebridespeople.com\/staging\/stories\/tell-us-your-story\/#primaryimage"},"thumbnailUrl":"https:\/\/hebridespeople.com\/staging\/wp-content\/uploads\/2023\/06\/Harris-Pabbay-Thistle.jpg","datePublished":"2023-04-16T21:13:52+00:00","dateModified":"2023-11-22T12:24:06+00:00","breadcrumb":{"@id":"https:\/\/hebridespeople.com\/staging\/stories\/tell-us-your-story\/#breadcrumb"},"inLanguage":"gd","potentialAction":[{"@type":"ReadAction","target":["https:\/\/hebridespeople.com\/staging\/stories\/tell-us-your-story\/"]}]},{"@type":"ImageObject","inLanguage":"gd","@id":"https:\/\/hebridespeople.com\/staging\/stories\/tell-us-your-story\/#primaryimage","url":"https:\/\/hebridespeople.com\/staging\/wp-content\/uploads\/2023\/06\/Harris-Pabbay-Thistle.jpg","contentUrl":"https:\/\/hebridespeople.com\/staging\/wp-content\/uploads\/2023\/06\/Harris-Pabbay-Thistle.jpg","width":2000,"height":1333},{"@type":"BreadcrumbList","@id":"https:\/\/hebridespeople.com\/staging\/stories\/tell-us-your-story\/#breadcrumb","itemListElement":[{"@type":"ListItem","position":1,"name":"Home","item":"https:\/\/hebridespeople.com\/staging\/"},{"@type":"ListItem","position":2,"name":"Stories","item":"https:\/\/hebridespeople.com\/staging\/stories\/"},{"@type":"ListItem","position":3,"name":"Tell us your story"}]},{"@type":"WebSite","@id":"https:\/\/hebridespeople.com\/staging\/#website","url":"https:\/\/hebridespeople.com\/staging\/","name":"Hebrides People Staging","description":"Discover your Hebridean roots","potentialAction":[{"@type":"SearchAction","target":{"@type":"EntryPoint","urlTemplate":"https:\/\/hebridespeople.com\/staging\/?s={search_term_string}"},"query-input":{"@type":"PropertyValueSpecification","valueRequired":true,"valueName":"search_term_string"}}],"inLanguage":"gd"}]}},"_links":{"self":[{"href":"https:\/\/hebridespeople.com\/staging\/gd\/wp-json\/wp\/v2\/pages\/4354","targetHints":{"allow":["GET"]}}],"collection":[{"href":"https:\/\/hebridespeople.com\/staging\/gd\/wp-json\/wp\/v2\/pages"}],"about":[{"href":"https:\/\/hebridespeople.com\/staging\/gd\/wp-json\/wp\/v2\/types\/page"}],"author":[{"embeddable":true,"href":"https:\/\/hebridespeople.com\/staging\/gd\/wp-json\/wp\/v2\/users\/1"}],"replies":[{"embeddable":true,"href":"https:\/\/hebridespeople.com\/staging\/gd\/wp-json\/wp\/v2\/comments?post=4354"}],"version-history":[{"count":14,"href":"https:\/\/hebridespeople.com\/staging\/gd\/wp-json\/wp\/v2\/pages\/4354\/revisions"}],"predecessor-version":[{"id":8432,"href":"https:\/\/hebridespeople.com\/staging\/gd\/wp-json\/wp\/v2\/pages\/4354\/revisions\/8432"}],"up":[{"embeddable":true,"href":"https:\/\/hebridespeople.com\/staging\/gd\/wp-json\/wp\/v2\/pages\/4339"}],"wp:featuredmedia":[{"embeddable":true,"href":"https:\/\/hebridespeople.com\/staging\/gd\/wp-json\/wp\/v2\/media\/5893"}],"wp:attachment":[{"href":"https:\/\/hebridespeople.com\/staging\/gd\/wp-json\/wp\/v2\/media?parent=4354"}],"curies":[{"name":"wp","href":"https:\/\/api.w.org\/{rel}","templated":true}]}}