{"id":6387,"date":"2023-07-12T10:43:51","date_gmt":"2023-07-12T10:43:51","guid":{"rendered":"https:\/\/hebridespeople.com\/staging\/?page_id=6387"},"modified":"2023-07-29T14:03:40","modified_gmt":"2023-07-29T14:03:40","slug":"all-village-histories","status":"publish","type":"page","link":"https:\/\/hebridespeople.com\/staging\/gd\/stories\/village-histories\/all-village-histories\/","title":{"rendered":"Eachdraidhean nam Bailtean"},"content":{"rendered":"<div class=\"wp-block-query eplus-wrapper is-layout-flow wp-block-query-is-layout-flow\"><ul class=\"wp-block-post-template is-layout-flow wp-block-post-template-is-layout-flow\"><li class=\"wp-block-post post-6317 post type-post status-publish format-standard has-post-thumbnail hentry category-village-histories tag-north-uist\"><h2 class=\"wp-block-post-title\"><a href=\"https:\/\/hebridespeople.com\/staging\/gd\/a-look-back-on-ahmore-part-2\/\" target=\"_self\" >S\u00f9il air Ais an Ath Mh\u00f2r (p\u00e0irt 2)<\/a><\/h2>\n\n<div class=\"wp-block-post-excerpt\"><p class=\"wp-block-post-excerpt__excerpt\">\u2019S e obair fearainn a bhe\u00f2shlainte bh\u2019 aig croitearan na h-Ath M\u00f2ire. Bhitheamaid nar cloinn gan cuideachadh a\u2019 coimhead \u00e0s d\u00e8idh nam beathaichean, a\u2019 bleoghainn, a' cartadh na b\u00e0thcha, a\u2019 dol a-mach gu c\u00f9l na beinne a dh\u2019iarraidh nam beathaichean as t-samhradh, obair an fhoghair, togail a' bhunt\u00e0ta.<\/p><p class=\"wp-block-post-excerpt__more-text\"><a class=\"wp-block-post-excerpt__more-link\" href=\"https:\/\/hebridespeople.com\/staging\/gd\/a-look-back-on-ahmore-part-2\/\">Tuilleadh<\/a><\/p><\/div>\n\n<hr class=\"wp-block-separator has-text-color has-contrast-color has-alpha-channel-opacity has-contrast-background-color has-background eplus-wrapper\"\/><\/li><li class=\"wp-block-post post-6315 post type-post status-publish format-standard has-post-thumbnail hentry category-village-histories tag-north-uist\"><h2 class=\"wp-block-post-title\"><a href=\"https:\/\/hebridespeople.com\/staging\/gd\/a-look-back-on-ahmore-part-1\/\" target=\"_self\" >S\u00f9il air Ais an Ath Mh\u00f2r (p\u00e0irt 1)<\/a><\/h2>\n\n<div class=\"wp-block-post-excerpt\"><p class=\"wp-block-post-excerpt__excerpt\">\u2019S e p\u00e0irt dhen tac aig Orasaigh a bh\u2019 anns an Ath Mh\u00f2ir. Bha e aig grunn dhaoine uaireigin. Nuair a ghabhadh thairis e mar ph\u00e0irt dhen tac, chaidh m\u00f2ran dhe na daoine fhuadach. Chaidh an t-\u00e0ite fo chaoraich.<\/p><p class=\"wp-block-post-excerpt__more-text\"><a class=\"wp-block-post-excerpt__more-link\" href=\"https:\/\/hebridespeople.com\/staging\/gd\/a-look-back-on-ahmore-part-1\/\">Tuilleadh<\/a><\/p><\/div>\n\n<hr class=\"wp-block-separator has-text-color has-contrast-color has-alpha-channel-opacity has-contrast-background-color has-background eplus-wrapper\"\/><\/li><li class=\"wp-block-post post-6313 post type-post status-publish format-standard has-post-thumbnail hentry category-village-histories tag-lewis\"><h2 class=\"wp-block-post-title\"><a href=\"https:\/\/hebridespeople.com\/staging\/gd\/a-look-back-on-grimshader-part-2\/\" target=\"_self\" >S\u00f9il air Ais air Griomsiadar (p\u00e0irt 2)<\/a><\/h2>\n\n<div class=\"wp-block-post-excerpt\"><p class=\"wp-block-post-excerpt__excerpt\">Nuair a dh\u2019fh\u00e0s mi na b\u2019 aosda, bhiodh sinn a\u2019 dol a dh\u2019iasgach na h-adaig le eathar bheag. Bha eathar mh\u00f2r aig m\u2019 uncle, bha ceithir r\u00e0imh againn oirre, \u2018s bhiodh sinn a\u2019 dol a-mach le na ceithir r\u00e0imh \u2018s duin\u2019 air an sti\u00f9ir. Bha mise an uair sin cho \u00f2g - cha robh mi ach mu cheithir bliadhna deug.<\/p><p class=\"wp-block-post-excerpt__more-text\"><a class=\"wp-block-post-excerpt__more-link\" href=\"https:\/\/hebridespeople.com\/staging\/gd\/a-look-back-on-grimshader-part-2\/\">Tuilleadh<\/a><\/p><\/div>\n\n<hr class=\"wp-block-separator has-text-color has-contrast-color has-alpha-channel-opacity has-contrast-background-color has-background eplus-wrapper\"\/><\/li><li class=\"wp-block-post post-6311 post type-post status-publish format-standard has-post-thumbnail hentry category-village-histories tag-lewis\"><h2 class=\"wp-block-post-title\"><a href=\"https:\/\/hebridespeople.com\/staging\/gd\/a-look-back-on-grimshader-part-1\/\" target=\"_self\" >S\u00f9il air Ais air Griomsiadar (p\u00e0irt 1)<\/a><\/h2>\n\n<div class=\"wp-block-post-excerpt\"><p class=\"wp-block-post-excerpt__excerpt\">Chaidh mo bhreith air a\u2019 chroit a tha seo. Rugadh mi ann an 1923, July 21, agus cha robh ministear againn an uair sin ann. \u2018S ann ann an 1924 a th\u00e0inig Calum MacIomhair agus \u2018s e Rose a bh\u2019 ann ann an 1923, agus mar sin bha mise c\u00f2rr air bliadhna mus deach mo bhaisteadh.<\/p><p class=\"wp-block-post-excerpt__more-text\"><a class=\"wp-block-post-excerpt__more-link\" href=\"https:\/\/hebridespeople.com\/staging\/gd\/a-look-back-on-grimshader-part-1\/\">Tuilleadh<\/a><\/p><\/div>\n\n<hr class=\"wp-block-separator has-text-color has-contrast-color has-alpha-channel-opacity has-contrast-background-color has-background eplus-wrapper\"\/><\/li><li class=\"wp-block-post post-6307 post type-post status-publish format-standard has-post-thumbnail hentry category-village-histories tag-lewis\"><h2 class=\"wp-block-post-title\"><a href=\"https:\/\/hebridespeople.com\/staging\/gd\/a-look-back-on-tolsta-part-3\/\" target=\"_self\" >S\u00f9il air Ais air Tolastadh (p\u00e0irt 3)<\/a><\/h2>\n\n<div class=\"wp-block-post-excerpt\"><p class=\"wp-block-post-excerpt__excerpt\">\u2019S ann \u00e0 Tolstadh a bha an d\u00f9in\u2019 agam. Bha e se\u00f2ladh aig a New Zealand Shipping Company. Bha e air falbh fada. Rugadh a nighean againn anns a\u2019 Mh\u00e0rt agus chan fhaca a h-athair a-rithist i gun an t-Samhain. Bha e duilich agus goirid as d\u00e8idh sin dh\u2019fhalbh e agus chaidh a ghoirteachadh \u2013 thuit e dhan toll. Cha do rinn e an c\u00f2ir obair.<\/p><p class=\"wp-block-post-excerpt__more-text\"><a class=\"wp-block-post-excerpt__more-link\" href=\"https:\/\/hebridespeople.com\/staging\/gd\/a-look-back-on-tolsta-part-3\/\">Tuilleadh<\/a><\/p><\/div>\n\n<hr class=\"wp-block-separator has-text-color has-contrast-color has-alpha-channel-opacity has-contrast-background-color has-background eplus-wrapper\"\/><\/li><li class=\"wp-block-post post-6305 post type-post status-publish format-standard has-post-thumbnail hentry category-village-histories tag-lewis\"><h2 class=\"wp-block-post-title\"><a href=\"https:\/\/hebridespeople.com\/staging\/gd\/a-look-back-on-tolsta-part-2\/\" target=\"_self\" >S\u00f9il air Ais air Tolastadh (p\u00e0irt 2)<\/a><\/h2>\n\n<div class=\"wp-block-post-excerpt\"><p class=\"wp-block-post-excerpt__excerpt\">Bha eathraichean aca ann a seo fh\u00e8in, dol a-mach le l\u00econ beag ach bha b\u00e0taichean aca ann a Ste\u00f2rnabhagh. Bha b\u00e0ta aig m\u2019 athair, t\u00e8 air an robh an Dove agus t\u00e8 air an robh an Clan MacLeod agus bhiodh balaich \u00e0s a Rubha nan c\u00f2cairean aca \u2013 nan cuibhlairean \u2013 balaich Aonghais Man agus balaich Chaluim a\u2019 R\u00f9ide \u00e0 Pabail.<\/p><p class=\"wp-block-post-excerpt__more-text\"><a class=\"wp-block-post-excerpt__more-link\" href=\"https:\/\/hebridespeople.com\/staging\/gd\/a-look-back-on-tolsta-part-2\/\">Tuilleadh<\/a><\/p><\/div>\n\n<hr class=\"wp-block-separator has-text-color has-contrast-color has-alpha-channel-opacity has-contrast-background-color has-background eplus-wrapper\"\/><\/li><li class=\"wp-block-post post-6303 post type-post status-publish format-standard has-post-thumbnail hentry category-village-histories tag-lewis\"><h2 class=\"wp-block-post-title\"><a href=\"https:\/\/hebridespeople.com\/staging\/gd\/a-look-back-on-tolsta-part-1\/\" target=\"_self\" >S\u00f9il air Ais air Tolastadh (p\u00e0irt 1)<\/a><\/h2>\n\n<div class=\"wp-block-post-excerpt\"><p class=\"wp-block-post-excerpt__excerpt\">Bha d\u00e0 thidsear againn, t\u00e8 air an robh M\u00e0iri Sine Nic A\u2019 Ghobhainn \u00e0 Tolm, agus Magaidh M\u00e0iri NicLe\u00f2id. \u2019S ann \u00e0 \u00d9ig a bha am maighstir-sgoile, fear Mac \u2019Ill Leathainn. Bha tidsear againn \u00e0s an Rubha \u2013 bha i p\u00f2sta aig Ailean Camshron. Cha bhruidhneadh iad G\u00e0idhlig ruinn agus cha robh Beurla againne air a chaidh sinn dhan a sgoil ann.<\/p><p class=\"wp-block-post-excerpt__more-text\"><a class=\"wp-block-post-excerpt__more-link\" href=\"https:\/\/hebridespeople.com\/staging\/gd\/a-look-back-on-tolsta-part-1\/\">Tuilleadh<\/a><\/p><\/div>\n\n<hr class=\"wp-block-separator has-text-color has-contrast-color has-alpha-channel-opacity has-contrast-background-color has-background eplus-wrapper\"\/><\/li><li class=\"wp-block-post post-6301 post type-post status-publish format-standard has-post-thumbnail hentry category-village-histories tag-harris\"><h2 class=\"wp-block-post-title\"><a href=\"https:\/\/hebridespeople.com\/staging\/gd\/a-look-back-on-manish-part-3\/\" target=\"_self\" >S\u00f9il air Ais air M\u00e0nais (p\u00e0irt 3)<\/a><\/h2>\n\n<div class=\"wp-block-post-excerpt\"><p class=\"wp-block-post-excerpt__excerpt\">Th\u00e0inig sinn chun a\u2019 Mhachaire air an ochdamh latha fichead dhen Ch\u00e8itean 1937. Tha cuimhn\u2019 agam air mar an l\u00e0 an-d\u00e8. \u2018S ann mu dh\u00e0 bhliadhna roimhe sin a chaidh am Machaire a roinn an \u00e0ird. Bha ochd fearainn ann a Horgabost agus fichead ann an Seilebost.<\/p><p class=\"wp-block-post-excerpt__more-text\"><a class=\"wp-block-post-excerpt__more-link\" href=\"https:\/\/hebridespeople.com\/staging\/gd\/a-look-back-on-manish-part-3\/\">Tuilleadh<\/a><\/p><\/div>\n\n<hr class=\"wp-block-separator has-text-color has-contrast-color has-alpha-channel-opacity has-contrast-background-color has-background eplus-wrapper\"\/><\/li><li class=\"wp-block-post post-6292 post type-post status-publish format-standard has-post-thumbnail hentry category-village-histories tag-harris\"><h2 class=\"wp-block-post-title\"><a href=\"https:\/\/hebridespeople.com\/staging\/gd\/suil-air-ais-air-manais-pairt-2\/\" target=\"_self\" >S\u00f9il air Ais air M\u00e0nais (p\u00e0irt 2)<\/a><\/h2>\n\n<div class=\"wp-block-post-excerpt\"><p class=\"wp-block-post-excerpt__excerpt\">Ri linn mo sheanar bhitheadh an crodh a-staigh anns na taighean aca; bha piuthar mo sheanmhair ri taobh an taigh againn \u2018s bha teine meadhan an l\u00e0ir aice. \u2018S nuair a thogadh i e dh\u2019fheumadh tu dhol a-mach nam bitheadh f\u00e8ath ann, no bhitheadh a\u2019 che\u00f2 ri dol air do sh\u00f9ilean.<\/p><p class=\"wp-block-post-excerpt__more-text\"><a class=\"wp-block-post-excerpt__more-link\" href=\"https:\/\/hebridespeople.com\/staging\/gd\/suil-air-ais-air-manais-pairt-2\/\">Tuilleadh<\/a><\/p><\/div>\n\n<hr class=\"wp-block-separator has-text-color has-contrast-color has-alpha-channel-opacity has-contrast-background-color has-background eplus-wrapper\"\/><\/li><li class=\"wp-block-post post-6287 post type-post status-publish format-standard has-post-thumbnail hentry category-village-histories tag-harris\"><h2 class=\"wp-block-post-title\"><a href=\"https:\/\/hebridespeople.com\/staging\/gd\/a-look-back-on-manish-part-1\/\" target=\"_self\" >S\u00f9il air Ais air M\u00e0nais (p\u00e0irt 1)<\/a><\/h2>\n\n<div class=\"wp-block-post-excerpt\"><p class=\"wp-block-post-excerpt__excerpt\">An t-astar a b\u2019 fhaide chaidh mise riamh, \u2018a ann an latha chr\u00f9nadh an r\u00ecgh, air an d\u00e0rna latha deug dhan a\u2019 Ch\u00e8itean, 1937. Th\u00e0inig sinn, sgoilearan Mh\u00e0nais, gu tr\u00e0igh Sgarastaigh, agus \u2018s e sin a\u2019 chiad gainmheach a chunnaic mi riamh.<\/p><p class=\"wp-block-post-excerpt__more-text\"><a class=\"wp-block-post-excerpt__more-link\" href=\"https:\/\/hebridespeople.com\/staging\/gd\/a-look-back-on-manish-part-1\/\">Tuilleadh<\/a><\/p><\/div>\n\n<hr class=\"wp-block-separator has-text-color has-contrast-color has-alpha-channel-opacity has-contrast-background-color has-background eplus-wrapper\"\/><\/li><li class=\"wp-block-post post-6284 post type-post status-publish format-standard has-post-thumbnail hentry category-village-histories tag-harris\"><h2 class=\"wp-block-post-title\"><a href=\"https:\/\/hebridespeople.com\/staging\/gd\/a-look-back-on-cuidinish-part-3\/\" target=\"_self\" >S\u00f9il air Ais air Cuidhtinis (p\u00e0irt 3)<\/a><\/h2>\n\n<div class=\"wp-block-post-excerpt\"><p class=\"wp-block-post-excerpt__excerpt\">Bhiodh Donnchadh B\u00e0n T\u00e0illear, \u00e0 Sruth M\u00f2r, e fh\u00e8in agus a\u2019 bhean, bhiodh iad a\u2019 gabhail an leabhair mun deigheadh iad dhan an leabaidh. \u2018S d\u00f2cha gun teirigeadh am paireafain, agus nuair a dheigheadh an solas \u00e0s chanadh am bodach ris a\u2019 chailleach, \u201cTionndaidh f\u00e0d eile anns an teine airson mionaid bheag.\u201d \u2018S thionndaidheadh i f\u00e0d anns an teine agus bhlazeadh e \u2018n \u00e0ird\u2019 agus bha iad an uair sin a\u2019 seinn salm eile.<\/p><p class=\"wp-block-post-excerpt__more-text\"><a class=\"wp-block-post-excerpt__more-link\" href=\"https:\/\/hebridespeople.com\/staging\/gd\/a-look-back-on-cuidinish-part-3\/\">Tuilleadh<\/a><\/p><\/div>\n\n<hr class=\"wp-block-separator has-text-color has-contrast-color has-alpha-channel-opacity has-contrast-background-color has-background eplus-wrapper\"\/><\/li><li class=\"wp-block-post post-6282 post type-post status-publish format-standard has-post-thumbnail hentry category-village-histories tag-harris\"><h2 class=\"wp-block-post-title\"><a href=\"https:\/\/hebridespeople.com\/staging\/gd\/a-look-back-on-cuidinish-part-2\/\" target=\"_self\" >S\u00f9il air Ais air Cuidhtinis (p\u00e0irt 2)<\/a><\/h2>\n\n<div class=\"wp-block-post-excerpt\"><p class=\"wp-block-post-excerpt__excerpt\">Nuair a thigeadh tu gu ceann an rathaid ann an Cuidhtinis bha sp\u00f2g a\u2019 dol a-null gu taigh Raghnaill. Sin agadsa far as na dh\u2019fhalbh muinntir Poll Garbhadh, a-null os cionn na mara. Bha thu tionndadh gu do l\u00e0mh che\u00e0rr agus bha taigh m\u00f2r ann a shin, taigh m\u00f2r fada le d\u00e0 theaghlach ann, Aonghas Beag Dh\u00f2mhnaill agus Aonghas M\u00f2r Dh\u00f2mhnaill. Aonghas Beag, chaidh e Bh\u00e0gh a\u2019 Chaise \u2018s bha e p\u00f2sd\u2019 ann a shin aig Raonaid Mhurchaidh Bhig. Th\u00e0inig Aonghas M\u00f2r a Ph\u00e0irc an t-Srath nuair a bh\u00e0saich athair.<\/p><p class=\"wp-block-post-excerpt__more-text\"><a class=\"wp-block-post-excerpt__more-link\" href=\"https:\/\/hebridespeople.com\/staging\/gd\/a-look-back-on-cuidinish-part-2\/\">Tuilleadh<\/a><\/p><\/div>\n\n<hr class=\"wp-block-separator has-text-color has-contrast-color has-alpha-channel-opacity has-contrast-background-color has-background eplus-wrapper\"\/><\/li><li class=\"wp-block-post post-6207 post type-post status-publish format-standard has-post-thumbnail hentry category-village-histories tag-harris\"><h2 class=\"wp-block-post-title\"><a href=\"https:\/\/hebridespeople.com\/staging\/gd\/a-look-back-on-cuidinish-part-1\/\" target=\"_self\" >S\u00f9il air Ais air Cuidhtinis (p\u00e0irt 1)<\/a><\/h2>\n\n<div class=\"wp-block-post-excerpt\"><p class=\"wp-block-post-excerpt__excerpt\">Bha taigh Chaluim Sheumais fada bhon rathad mh\u00f2r ann an Cnoc \u00c8isgean, agus aig an \u00e0m a bha sinn a\u2019 faicinn an t-solais ann, cha robh ann ach ceum s\u00ecos tron bhaile. \u2018S ann an 1939 a chaidh an rathad s\u00ecos ann. Bha mise ag obair air rathad Chaluim Sheumais, sixpence halfpenny an hour. \u2018S ann uair \u2018sa cheala-deug a bha thu gha fhaighinn agus bha e coimhead uamhasach m\u00f2r!<\/p><p class=\"wp-block-post-excerpt__more-text\"><a class=\"wp-block-post-excerpt__more-link\" href=\"https:\/\/hebridespeople.com\/staging\/gd\/a-look-back-on-cuidinish-part-1\/\">Tuilleadh<\/a><\/p><\/div>\n\n<hr class=\"wp-block-separator has-text-color has-contrast-color has-alpha-channel-opacity has-contrast-background-color has-background eplus-wrapper\"\/><\/li><\/ul>\n\n\n\n<\/div>","protected":false},"excerpt":{"rendered":"","protected":false},"author":1,"featured_media":5939,"parent":4344,"menu_order":0,"comment_status":"closed","ping_status":"closed","template":"","meta":{"_editorskit_title_hidden":false,"_editorskit_reading_time":0,"_editorskit_is_block_options_detached":false,"_editorskit_block_options_position":"{}","footnotes":""},"class_list":["post-6387","page","type-page","status-publish","has-post-thumbnail","hentry"],"yoast_head":"<!-- This site is optimized with the Yoast SEO plugin v25.2 - https:\/\/yoast.com\/wordpress\/plugins\/seo\/ -->\n<title>All Village Histories - Hebrides People Staging<\/title>\n<meta name=\"robots\" content=\"noindex, follow, max-snippet:-1, max-image-preview:large, max-video-preview:-1\" \/>\n<meta property=\"og:locale\" content=\"en_US\" \/>\n<meta property=\"og:type\" content=\"article\" \/>\n<meta property=\"og:title\" content=\"All Village Histories - Hebrides People Staging\" \/>\n<meta property=\"og:url\" content=\"https:\/\/hebridespeople.com\/staging\/gd\/stories\/village-histories\/all-village-histories\/\" \/>\n<meta property=\"og:site_name\" content=\"Hebrides People Staging\" \/>\n<meta property=\"article:modified_time\" content=\"2023-07-29T14:03:40+00:00\" \/>\n<meta property=\"og:image\" content=\"https:\/\/hebridespeople.com\/staging\/wp-content\/uploads\/2023\/06\/Harris-Tarbert.jpg\" \/>\n\t<meta property=\"og:image:width\" content=\"2000\" \/>\n\t<meta property=\"og:image:height\" content=\"1367\" \/>\n\t<meta property=\"og:image:type\" content=\"image\/jpeg\" \/>\n<meta name=\"twitter:card\" content=\"summary_large_image\" \/>\n<script type=\"application\/ld+json\" class=\"yoast-schema-graph\">{\"@context\":\"https:\/\/schema.org\",\"@graph\":[{\"@type\":\"WebPage\",\"@id\":\"https:\/\/hebridespeople.com\/staging\/stories\/village-histories\/all-village-histories\/\",\"url\":\"https:\/\/hebridespeople.com\/staging\/stories\/village-histories\/all-village-histories\/\",\"name\":\"All Village Histories - Hebrides People Staging\",\"isPartOf\":{\"@id\":\"https:\/\/hebridespeople.com\/staging\/#website\"},\"primaryImageOfPage\":{\"@id\":\"https:\/\/hebridespeople.com\/staging\/stories\/village-histories\/all-village-histories\/#primaryimage\"},\"image\":{\"@id\":\"https:\/\/hebridespeople.com\/staging\/stories\/village-histories\/all-village-histories\/#primaryimage\"},\"thumbnailUrl\":\"https:\/\/hebridespeople.com\/staging\/wp-content\/uploads\/2023\/06\/Harris-Tarbert.jpg\",\"datePublished\":\"2023-07-12T10:43:51+00:00\",\"dateModified\":\"2023-07-29T14:03:40+00:00\",\"breadcrumb\":{\"@id\":\"https:\/\/hebridespeople.com\/staging\/stories\/village-histories\/all-village-histories\/#breadcrumb\"},\"inLanguage\":\"gd\",\"potentialAction\":[{\"@type\":\"ReadAction\",\"target\":[\"https:\/\/hebridespeople.com\/staging\/stories\/village-histories\/all-village-histories\/\"]}]},{\"@type\":\"ImageObject\",\"inLanguage\":\"gd\",\"@id\":\"https:\/\/hebridespeople.com\/staging\/stories\/village-histories\/all-village-histories\/#primaryimage\",\"url\":\"https:\/\/hebridespeople.com\/staging\/wp-content\/uploads\/2023\/06\/Harris-Tarbert.jpg\",\"contentUrl\":\"https:\/\/hebridespeople.com\/staging\/wp-content\/uploads\/2023\/06\/Harris-Tarbert.jpg\",\"width\":2000,\"height\":1367,\"caption\":\"Village histories - Western Isles\"},{\"@type\":\"BreadcrumbList\",\"@id\":\"https:\/\/hebridespeople.com\/staging\/stories\/village-histories\/all-village-histories\/#breadcrumb\",\"itemListElement\":[{\"@type\":\"ListItem\",\"position\":1,\"name\":\"Home\",\"item\":\"https:\/\/hebridespeople.com\/staging\/\"},{\"@type\":\"ListItem\",\"position\":2,\"name\":\"Stories\",\"item\":\"https:\/\/hebridespeople.com\/staging\/stories\/\"},{\"@type\":\"ListItem\",\"position\":3,\"name\":\"Village Histories\",\"item\":\"https:\/\/hebridespeople.com\/staging\/stories\/village-histories\/\"},{\"@type\":\"ListItem\",\"position\":4,\"name\":\"All Village Histories\"}]},{\"@type\":\"WebSite\",\"@id\":\"https:\/\/hebridespeople.com\/staging\/#website\",\"url\":\"https:\/\/hebridespeople.com\/staging\/\",\"name\":\"Hebrides People Staging\",\"description\":\"Discover your Hebridean roots\",\"potentialAction\":[{\"@type\":\"SearchAction\",\"target\":{\"@type\":\"EntryPoint\",\"urlTemplate\":\"https:\/\/hebridespeople.com\/staging\/?s={search_term_string}\"},\"query-input\":{\"@type\":\"PropertyValueSpecification\",\"valueRequired\":true,\"valueName\":\"search_term_string\"}}],\"inLanguage\":\"gd\"}]}<\/script>\n<!-- \/ Yoast SEO plugin. -->","yoast_head_json":{"title":"All Village Histories - Hebrides People Staging","robots":{"index":"noindex","follow":"follow","max-snippet":"max-snippet:-1","max-image-preview":"max-image-preview:large","max-video-preview":"max-video-preview:-1"},"og_locale":"en_US","og_type":"article","og_title":"All Village Histories - Hebrides People Staging","og_url":"https:\/\/hebridespeople.com\/staging\/gd\/stories\/village-histories\/all-village-histories\/","og_site_name":"Hebrides People Staging","article_modified_time":"2023-07-29T14:03:40+00:00","og_image":[{"width":2000,"height":1367,"url":"https:\/\/hebridespeople.com\/staging\/wp-content\/uploads\/2023\/06\/Harris-Tarbert.jpg","type":"image\/jpeg"}],"twitter_card":"summary_large_image","schema":{"@context":"https:\/\/schema.org","@graph":[{"@type":"WebPage","@id":"https:\/\/hebridespeople.com\/staging\/stories\/village-histories\/all-village-histories\/","url":"https:\/\/hebridespeople.com\/staging\/stories\/village-histories\/all-village-histories\/","name":"All Village Histories - Hebrides People Staging","isPartOf":{"@id":"https:\/\/hebridespeople.com\/staging\/#website"},"primaryImageOfPage":{"@id":"https:\/\/hebridespeople.com\/staging\/stories\/village-histories\/all-village-histories\/#primaryimage"},"image":{"@id":"https:\/\/hebridespeople.com\/staging\/stories\/village-histories\/all-village-histories\/#primaryimage"},"thumbnailUrl":"https:\/\/hebridespeople.com\/staging\/wp-content\/uploads\/2023\/06\/Harris-Tarbert.jpg","datePublished":"2023-07-12T10:43:51+00:00","dateModified":"2023-07-29T14:03:40+00:00","breadcrumb":{"@id":"https:\/\/hebridespeople.com\/staging\/stories\/village-histories\/all-village-histories\/#breadcrumb"},"inLanguage":"gd","potentialAction":[{"@type":"ReadAction","target":["https:\/\/hebridespeople.com\/staging\/stories\/village-histories\/all-village-histories\/"]}]},{"@type":"ImageObject","inLanguage":"gd","@id":"https:\/\/hebridespeople.com\/staging\/stories\/village-histories\/all-village-histories\/#primaryimage","url":"https:\/\/hebridespeople.com\/staging\/wp-content\/uploads\/2023\/06\/Harris-Tarbert.jpg","contentUrl":"https:\/\/hebridespeople.com\/staging\/wp-content\/uploads\/2023\/06\/Harris-Tarbert.jpg","width":2000,"height":1367,"caption":"Village histories - Western Isles"},{"@type":"BreadcrumbList","@id":"https:\/\/hebridespeople.com\/staging\/stories\/village-histories\/all-village-histories\/#breadcrumb","itemListElement":[{"@type":"ListItem","position":1,"name":"Home","item":"https:\/\/hebridespeople.com\/staging\/"},{"@type":"ListItem","position":2,"name":"Stories","item":"https:\/\/hebridespeople.com\/staging\/stories\/"},{"@type":"ListItem","position":3,"name":"Village Histories","item":"https:\/\/hebridespeople.com\/staging\/stories\/village-histories\/"},{"@type":"ListItem","position":4,"name":"All Village Histories"}]},{"@type":"WebSite","@id":"https:\/\/hebridespeople.com\/staging\/#website","url":"https:\/\/hebridespeople.com\/staging\/","name":"Hebrides People Staging","description":"Discover your Hebridean roots","potentialAction":[{"@type":"SearchAction","target":{"@type":"EntryPoint","urlTemplate":"https:\/\/hebridespeople.com\/staging\/?s={search_term_string}"},"query-input":{"@type":"PropertyValueSpecification","valueRequired":true,"valueName":"search_term_string"}}],"inLanguage":"gd"}]}},"_links":{"self":[{"href":"https:\/\/hebridespeople.com\/staging\/gd\/wp-json\/wp\/v2\/pages\/6387","targetHints":{"allow":["GET"]}}],"collection":[{"href":"https:\/\/hebridespeople.com\/staging\/gd\/wp-json\/wp\/v2\/pages"}],"about":[{"href":"https:\/\/hebridespeople.com\/staging\/gd\/wp-json\/wp\/v2\/types\/page"}],"author":[{"embeddable":true,"href":"https:\/\/hebridespeople.com\/staging\/gd\/wp-json\/wp\/v2\/users\/1"}],"replies":[{"embeddable":true,"href":"https:\/\/hebridespeople.com\/staging\/gd\/wp-json\/wp\/v2\/comments?post=6387"}],"version-history":[{"count":3,"href":"https:\/\/hebridespeople.com\/staging\/gd\/wp-json\/wp\/v2\/pages\/6387\/revisions"}],"predecessor-version":[{"id":6776,"href":"https:\/\/hebridespeople.com\/staging\/gd\/wp-json\/wp\/v2\/pages\/6387\/revisions\/6776"}],"up":[{"embeddable":true,"href":"https:\/\/hebridespeople.com\/staging\/gd\/wp-json\/wp\/v2\/pages\/4344"}],"wp:featuredmedia":[{"embeddable":true,"href":"https:\/\/hebridespeople.com\/staging\/gd\/wp-json\/wp\/v2\/media\/5939"}],"wp:attachment":[{"href":"https:\/\/hebridespeople.com\/staging\/gd\/wp-json\/wp\/v2\/media?parent=6387"}],"curies":[{"name":"wp","href":"https:\/\/api.w.org\/{rel}","templated":true}]}}